{"id":814,"date":"2024-04-20T14:08:11","date_gmt":"2024-04-20T11:08:11","guid":{"rendered":"http:\/\/jnats.eu\/?post_type=product&#038;p=814"},"modified":"2024-07-11T11:51:08","modified_gmt":"2024-07-11T08:51:08","slug":"nakayama-asagi-maruka-japoniskas-naturalus-galandimo-akmuo","status":"publish","type":"product","link":"https:\/\/jnats.eu\/pt\/produto-2\/nakayama-asagi-maruka-japoniskas-naturalus-galandimo-akmuo\/","title":{"rendered":"Pedra de afiar natural japonesa Nakayama Asagi Maruka"},"content":{"rendered":"<p>Esta pedra \u00e9 dura e extremamente fina, e pode facilmente lidar com l\u00e2minas de barbear. Embora seja bastante dura, tem uma rea\u00e7\u00e3o melhor do que a m\u00e9dia em compara\u00e7\u00e3o com outras pedras deste gr\u00e3o. Tamb\u00e9m pode ser utilizada para ferramentas de carpintaria e facas. Deixa uma prata brilhante e um polimento san mai pormenorizado. \u00c9 uma pedra de acabamento muito poderosa em todos os aspectos.<\/p>\n\n\n\n<p>A Pedra Nakayama \u00e9 famosa pela marca Maruka de Kato Mutsuyama com a letra \"ka\" e o selo Seihonzan \u32d5\u6b63\u672c\u5c71. Kato Mutsuyama foi o primeiro a esculpir um selo deste g\u00e9nero. As pedras de grandes dimens\u00f5es, grandes ou em bruto n\u00e3o tinham originalmente a marca Maruka. No entanto, existem tamb\u00e9m produtos de qualidade e pedras de afiar n\u00e3o padronizadas que foram posteriormente carimbadas com o selo Maruka durante o processamento final no com\u00e9rcio retalhista, bem como pedras cortadas pelo vendedor a partir de pedras brutas sem o selo \u02bb\u672c\u5c71. Al\u00e9m disso, as pedras de amolar Nakayama vendidas antes do per\u00edodo de carimbagem n\u00e3o ostentam o carimbo Maruka. <\/p>\n\n\n\n<p>Em todo o caso, se se tratar de uma pedra Kato Mutsuyama extra\u00edda desta mina, ser\u00e1 a mesma pedra Nakayama, quer tenha ou n\u00e3o a marca Maruka. O pr\u00f3prio selo \u32d5\u6b63\u672c\u5c71 pode ou n\u00e3o estar presente, consoante o canal de distribui\u00e7\u00e3o, e n\u00e3o garante a qualidade. N\u00e3o s\u00f3 a Nakayama, mas tamb\u00e9m outras pedras de amolar naturais s\u00e3o cada uma diferente e n\u00e3o h\u00e1 duas iguais. Al\u00e9m disso, passaram muitos anos desde o encerramento da mina, pelo que h\u00e1 cada vez menos exemplares de qualidade no mercado todos os anos.<\/p>\n\n\n\n<p>Devido \u00e0 sua raridade e ao poder do nome da marca, existem muitas falsifica\u00e7\u00f5es, pelo que recomendamos que n\u00e3o confie demasiado no selo Maruka e que avalie a pedra com os seus pr\u00f3prios olhos.&nbsp;<\/p>\n\n\n\n<p>A mina de Kato situa-se nas montanhas de Nakayama, onde se extra\u00edam pedras de afiar, e recebeu este nome porque era propriedade do Sr. Kato. \"A Hatanaka Whetstone \u00e9 uma antiga loja de pedras, estabelecida h\u00e1 muito tempo em Quioto. Ap\u00f3s a guerra, a venda de pedras de amolar Nakayama extra\u00eddas por Kato em Utsuyama foi gerida por um grupo de cinco pessoas de uma importante loja de pedra em Quioto. Entre eles, Hatanaka Toishi ter\u00e1 sido, durante algum tempo, o de maior confian\u00e7a dos propriet\u00e1rios das montanhas. Em 1952, Hatanaka Toishi registou a marca \"Junshin Honzan\" (\u7d14\u771f\u6b63\u672c\u5c71) para se distinguir de outros retalhistas. Depois de 1980, os direitos sobre a mina de Nakayama foram adquiridos pela Hatanaka Whetstone, que se tornou propriet\u00e1ria da marca Maruka. Ao mesmo tempo, as pedras desta mina foram tamb\u00e9m distribu\u00eddas por outros retalhistas.<\/p>\n\n\n\n<p><strong>Nakayama (\u4e2d\u5c71)<\/strong><br>Esta mina oriental \u00e9 famosa pelas suas pedras awasedo para completar o processo de afia\u00e7\u00e3o. A pedra de v\u00e1rias camadas (Hondomae Shikitomae) com a sua \"contraparte\" de cor kiita \u00e9 particularmente apreciada por marceneiros e afiadores. Em compara\u00e7\u00e3o com pedras de dureza e finura semelhantes de outras minas, os produtos da Nakayama s\u00e3o conhecidos por uma sensa\u00e7\u00e3o de afia\u00e7\u00e3o mais agrad\u00e1vel. As pedras aut\u00eanticas da Nakayama ostentam frequentemente o famoso selo Maruka \u32d5\u6b63\u672c\u5c71.<\/p>\n\n\n\n<figure class=\"wp-block-embed is-type-video is-provider-youtube wp-block-embed-youtube wp-embed-aspect-16-9 wp-has-aspect-ratio\"><div class=\"wp-block-embed__wrapper\">\n<div class=\"video-container\"><iframe title=\"Awasedo Jnats Ozuku Asagi Okudo Shobudani Karasu Kyoto Shinzen\" width=\"1170\" height=\"658\" src=\"https:\/\/www.youtube.com\/embed\/WR-t0Lxs7XY?start=612&#038;feature=oembed\" frameborder=\"0\" allow=\"accelerometer; autoplay; clipboard-write; encrypted-media; gyroscope; picture-in-picture; web-share\" referrerpolicy=\"strict-origin-when-cross-origin\" allowfullscreen><\/iframe><\/div>\n<\/div><\/figure>","protected":false},"excerpt":{"rendered":"<ul>\n<li>Adequado para o acabamento de l\u00e2minas de barbear, facas e ferramentas.<\/li>\n<li>Dimens\u00f5es: 210x52x30 mm<\/li>\n<li>Peso: 860 g<\/li>\n<li>Dureza: Lv 5+<\/li>\n<li>Linhas seguras<\/li>\n<li>A pedra muito dura \u00e9 particularmente popular entre os afiadores de l\u00e2minas de barbear, uma vez que permite obter a m\u00e1xima nitidez. Para acelerar o trabalho, \u00e9 poss\u00edvel usar a suspens\u00e3o Nagura ou esfreg\u00e1-la com uma placa de diamante \u00e1spera. O selo Maruka \u32d5\u6b63\u672c\u5c71 \u00e9 pouco vis\u00edvel, mas est\u00e1 l\u00e1. Este facto \u00e9 confirmado pela qualidade superior do trabalho em pedra.\u00a0<\/li>\n<\/ul>","protected":false},"featured_media":1347,"comment_status":"open","ping_status":"closed","template":"","meta":[],"product_brand":[],"product_cat":[22],"product_tag":[45,58,49],"class_list":{"0":"post-814","1":"product","2":"type-product","3":"status-publish","4":"has-post-thumbnail","6":"product_cat-jnats","7":"product_tag-asagi","8":"product_tag-maruka","9":"product_tag-nakayama","10":"product_shipping_class-iprastas","12":"first","13":"outofstock","14":"sale","15":"shipping-taxable","16":"purchasable","17":"product-type-simple"},"_links":{"self":[{"href":"https:\/\/jnats.eu\/pt\/wp-json\/wp\/v2\/product\/814","targetHints":{"allow":["GET"]}}],"collection":[{"href":"https:\/\/jnats.eu\/pt\/wp-json\/wp\/v2\/product"}],"about":[{"href":"https:\/\/jnats.eu\/pt\/wp-json\/wp\/v2\/types\/product"}],"replies":[{"embeddable":true,"href":"https:\/\/jnats.eu\/pt\/wp-json\/wp\/v2\/comments?post=814"}],"wp:featuredmedia":[{"embeddable":true,"href":"https:\/\/jnats.eu\/pt\/wp-json\/wp\/v2\/media\/1347"}],"wp:attachment":[{"href":"https:\/\/jnats.eu\/pt\/wp-json\/wp\/v2\/media?parent=814"}],"wp:term":[{"taxonomy":"product_brand","embeddable":true,"href":"https:\/\/jnats.eu\/pt\/wp-json\/wp\/v2\/product_brand?post=814"},{"taxonomy":"product_cat","embeddable":true,"href":"https:\/\/jnats.eu\/pt\/wp-json\/wp\/v2\/product_cat?post=814"},{"taxonomy":"product_tag","embeddable":true,"href":"https:\/\/jnats.eu\/pt\/wp-json\/wp\/v2\/product_tag?post=814"}],"curies":[{"name":"wp","href":"https:\/\/api.w.org\/{rel}","templated":true}]}}