{"id":833,"date":"2024-03-15T14:37:41","date_gmt":"2024-03-15T12:37:41","guid":{"rendered":"http:\/\/jnats.eu\/?post_type=product&#038;p=833"},"modified":"2024-06-07T19:25:02","modified_gmt":"2024-06-07T16:25:02","slug":"shobudani-kiita-japoniskas-naturalus-galandimo-akmuo","status":"publish","type":"product","link":"https:\/\/jnats.eu\/pt\/produto-2\/shobudani-kiita-japoniskas-naturalus-galandimo-akmuo\/","title":{"rendered":"Pedra de afiar natural japonesa Shobudani Kiita"},"content":{"rendered":"<ul class=\"wp-block-list\">\n<li>Adequado para o acabamento de l\u00e2minas de barbear, facas e ferramentas.<\/li>\n\n\n\n<li>Dimens\u00f5es: 195x71x21 mm<\/li>\n\n\n\n<li>Peso: 740 g<\/li>\n\n\n\n<li>Dureza: Lv 4.5<\/li>\n\n\n\n<li>Uma pedra dura e r\u00e1pida que liberta facilmente a sua suspens\u00e3o, pelo que n\u00e3o \u00e9 necess\u00e1rio um prego.<\/li>\n\n\n\n<li>A Shobudani \u00e9 a segunda na hierarquia das pedras de afiar naturais japonesas, logo a seguir \u00e0 Nakayama, e n\u00e3o fica muito atr\u00e1s ou \u00e9 igual \u00e0 Nakayama em termos de velocidade, suavidade, finura e resposta.<\/li>\n<\/ul>\n\n\n\n<figure class=\"wp-block-embed is-type-video is-provider-youtube wp-block-embed-youtube wp-embed-aspect-16-9 wp-has-aspect-ratio\"><div class=\"wp-block-embed__wrapper\">\n<div class=\"video-container\"><iframe title=\"Awasedo Jnats Ozuku Asagi Okudo Shobudani Kyoto Shinzen\" width=\"1170\" height=\"658\" src=\"https:\/\/www.youtube.com\/embed\/WR-t0Lxs7XY?start=289&#038;feature=oembed\" frameborder=\"0\" allow=\"accelerometer; autoplay; clipboard-write; encrypted-media; gyroscope; picture-in-picture; web-share\" allowfullscreen><\/iframe><\/div>\n<\/div><\/figure>\n\n\n\n<p>As principais vantagens das pedras de afiar japonesas naturais:<\/p>\n\n\n\n<ul class=\"wp-block-list\">\n<li>As ferramentas mant\u00eam-se afiadas durante mais tempo<\/li>\n\n\n\n<li>As pedras n\u00e3o ficam contaminadas com res\u00edduos met\u00e1licos<\/li>\n\n\n\n<li>F\u00e1cil de remover a v\u00e1lvula de gaveta<\/li>\n\n\n\n<li>Uma resposta surpreendente que permite sentir exatamente o que est\u00e1 a acontecer na superf\u00edcie do metal.<\/li>\n<\/ul>","protected":false},"excerpt":{"rendered":"<ul>\n<li>Adequado para o acabamento de l\u00e2minas de barbear, facas e ferramentas.<\/li>\n<li>Dimens\u00f5es: 195x71x21 mm<\/li>\n<li>Peso: 740 g<\/li>\n<li>Dureza: Lv 4.5<\/li>\n<li>Uma pedra dura e r\u00e1pida que liberta facilmente a sua suspens\u00e3o, pelo que n\u00e3o \u00e9 necess\u00e1rio um prego.<\/li>\n<li>A Shobudani \u00e9 a segunda na hierarquia das pedras de afiar naturais japonesas, logo a seguir \u00e0 Nakayama, e n\u00e3o fica muito atr\u00e1s ou \u00e9 igual \u00e0 Nakayama em termos de velocidade, suavidade, finura e resposta.<\/li>\n<\/ul>","protected":false},"featured_media":1362,"comment_status":"open","ping_status":"closed","template":"","meta":[],"product_brand":[],"product_cat":[22],"product_tag":[44],"class_list":{"0":"post-833","1":"product","2":"type-product","3":"status-publish","4":"has-post-thumbnail","6":"product_cat-jnats","7":"product_tag-shobudani","8":"product_shipping_class-iprastas","10":"first","11":"outofstock","12":"shipping-taxable","13":"purchasable","14":"product-type-simple"},"_links":{"self":[{"href":"https:\/\/jnats.eu\/pt\/wp-json\/wp\/v2\/product\/833","targetHints":{"allow":["GET"]}}],"collection":[{"href":"https:\/\/jnats.eu\/pt\/wp-json\/wp\/v2\/product"}],"about":[{"href":"https:\/\/jnats.eu\/pt\/wp-json\/wp\/v2\/types\/product"}],"replies":[{"embeddable":true,"href":"https:\/\/jnats.eu\/pt\/wp-json\/wp\/v2\/comments?post=833"}],"wp:featuredmedia":[{"embeddable":true,"href":"https:\/\/jnats.eu\/pt\/wp-json\/wp\/v2\/media\/1362"}],"wp:attachment":[{"href":"https:\/\/jnats.eu\/pt\/wp-json\/wp\/v2\/media?parent=833"}],"wp:term":[{"taxonomy":"product_brand","embeddable":true,"href":"https:\/\/jnats.eu\/pt\/wp-json\/wp\/v2\/product_brand?post=833"},{"taxonomy":"product_cat","embeddable":true,"href":"https:\/\/jnats.eu\/pt\/wp-json\/wp\/v2\/product_cat?post=833"},{"taxonomy":"product_tag","embeddable":true,"href":"https:\/\/jnats.eu\/pt\/wp-json\/wp\/v2\/product_tag?post=833"}],"curies":[{"name":"wp","href":"https:\/\/api.w.org\/{rel}","templated":true}]}}