{"id":855,"date":"2024-03-16T10:16:58","date_gmt":"2024-03-16T08:16:58","guid":{"rendered":"http:\/\/jnats.eu\/?post_type=product&#038;p=855"},"modified":"2025-04-09T14:33:27","modified_gmt":"2025-04-09T11:33:27","slug":"nakayama-awasedo-japoniskas-naturalus-galandimo-akmuo","status":"publish","type":"product","link":"https:\/\/jnats.eu\/pt\/produto-2\/nakayama-awasedo-japoniskas-naturalus-galandimo-akmuo\/","title":{"rendered":"Pedra de afiar natural japonesa Nakayama Awasedo"},"content":{"rendered":"<ul class=\"wp-block-list\">\n<li>Adequado para o acabamento de l\u00e2minas de barbear, facas e ferramentas.<\/li>\n\n\n\n<li>Dimens\u00f5es: 198x72x27 mm<\/li>\n\n\n\n<li>Peso com suporte: 1090 g<\/li>\n\n\n\n<li>Dureza: Lv 5+<\/li>\n\n\n\n<li>Uma pedra muito dura. O trabalho pode ser acelerado com um prego ou um prato de diamante.<\/li>\n\n\n\n<li>A pedra de afiar extra\u00edda das montanhas de Nakayama \u00e9 a mais apreciada pelos entusiastas e profissionais. Na hierarquia das pedras de afiar naturais japonesas, a Nakayama est\u00e1 no topo da hierarquia em termos de todas as qualidades: velocidade, suavidade, finura e resposta.<\/li>\n<\/ul>\n\n\n\n<p>As principais vantagens das pedras de afiar japonesas naturais:<\/p>\n\n\n\n<ul class=\"wp-block-list\">\n<li>As ferramentas mant\u00eam-se afiadas durante mais tempo<\/li>\n\n\n\n<li>As pedras n\u00e3o ficam contaminadas com res\u00edduos met\u00e1licos<\/li>\n\n\n\n<li>F\u00e1cil de remover a v\u00e1lvula de gaveta<\/li>\n\n\n\n<li>Uma resposta surpreendente que permite sentir exatamente o que est\u00e1 a acontecer na superf\u00edcie do metal.<\/li>\n<\/ul>\n\n\n\n<figure class=\"wp-block-embed is-type-video is-provider-youtube wp-block-embed-youtube wp-embed-aspect-16-9 wp-has-aspect-ratio\"><div class=\"wp-block-embed__wrapper\">\n<div class=\"video-container\"><iframe title=\"Novo Kinmoji Kamisori Nakayama Awasedo\" width=\"1170\" height=\"658\" src=\"https:\/\/www.youtube.com\/embed\/SQeigg5Fprs?feature=oembed\" frameborder=\"0\" allow=\"accelerometer; autoplay; clipboard-write; encrypted-media; gyroscope; picture-in-picture; web-share\" referrerpolicy=\"strict-origin-when-cross-origin\" allowfullscreen><\/iframe><\/div>\n<\/div><\/figure>","protected":false},"excerpt":{"rendered":"<ul>\n<li>Adequado para o acabamento de l\u00e2minas de barbear, facas e ferramentas.<\/li>\n<li>Dimens\u00f5es: 198x72x27 mm<\/li>\n<li>Peso com suporte: 1090 g<\/li>\n<li>Dureza: Lv 5+<\/li>\n<li>Uma pedra muito dura. O trabalho pode ser acelerado com um prego ou um prato de diamante.<\/li>\n<li>A pedra de afiar extra\u00edda das montanhas de Nakayama \u00e9 a mais apreciada pelos entusiastas e profissionais. Na hierarquia das pedras de afiar naturais japonesas, a Nakayama est\u00e1 no topo da hierarquia em termos de todas as qualidades: velocidade, suavidade, finura e resposta.<\/li>\n<\/ul>","protected":false},"featured_media":1292,"comment_status":"open","ping_status":"closed","template":"","meta":[],"product_brand":[],"product_cat":[22],"product_tag":[40,49],"class_list":{"0":"post-855","1":"product","2":"type-product","3":"status-publish","4":"has-post-thumbnail","6":"product_cat-jnats","7":"product_tag-awasedo","8":"product_tag-nakayama","9":"product_shipping_class-iprastas","11":"first","12":"outofstock","13":"sale","14":"shipping-taxable","15":"purchasable","16":"product-type-simple"},"_links":{"self":[{"href":"https:\/\/jnats.eu\/pt\/wp-json\/wp\/v2\/product\/855","targetHints":{"allow":["GET"]}}],"collection":[{"href":"https:\/\/jnats.eu\/pt\/wp-json\/wp\/v2\/product"}],"about":[{"href":"https:\/\/jnats.eu\/pt\/wp-json\/wp\/v2\/types\/product"}],"replies":[{"embeddable":true,"href":"https:\/\/jnats.eu\/pt\/wp-json\/wp\/v2\/comments?post=855"}],"wp:featuredmedia":[{"embeddable":true,"href":"https:\/\/jnats.eu\/pt\/wp-json\/wp\/v2\/media\/1292"}],"wp:attachment":[{"href":"https:\/\/jnats.eu\/pt\/wp-json\/wp\/v2\/media?parent=855"}],"wp:term":[{"taxonomy":"product_brand","embeddable":true,"href":"https:\/\/jnats.eu\/pt\/wp-json\/wp\/v2\/product_brand?post=855"},{"taxonomy":"product_cat","embeddable":true,"href":"https:\/\/jnats.eu\/pt\/wp-json\/wp\/v2\/product_cat?post=855"},{"taxonomy":"product_tag","embeddable":true,"href":"https:\/\/jnats.eu\/pt\/wp-json\/wp\/v2\/product_tag?post=855"}],"curies":[{"name":"wp","href":"https:\/\/api.w.org\/{rel}","templated":true}]}}