{"id":17,"date":"2024-02-13T10:04:27","date_gmt":"2024-02-13T10:04:27","guid":{"rendered":"http:\/\/jnats.eu\/cart\/"},"modified":"2025-03-02T15:12:36","modified_gmt":"2025-03-02T13:12:36","slug":"cart","status":"publish","type":"page","link":"https:\/\/jnats.eu\/ro\/cart\/","title":{"rendered":"Cart"},"content":{"rendered":"<div data-block-name=\"woocommerce\/cart\" class=\"wp-block-woocommerce-cart alignwide is-loading\">\n<div data-block-name=\"woocommerce\/filled-cart-block\" class=\"wp-block-woocommerce-filled-cart-block\">\n<div data-block-name=\"woocommerce\/cart-items-block\" class=\"wp-block-woocommerce-cart-items-block\">\n<p><strong>Avertizare! Cump\u0103r\u0103torii din afara Uniunii Europene ar putea fi nevoi\u021bi s\u0103 pl\u0103teasc\u0103 taxele de import ale \u021b\u0103rii lor!<\/strong><\/p>\n\n\n\n<div data-block-name=\"woocommerce\/cart-line-items-block\" class=\"wp-block-woocommerce-cart-line-items-block\"><\/div>\n\n\n\n<div data-block-name=\"woocommerce\/cart-cross-sells-block\" class=\"wp-block-woocommerce-cart-cross-sells-block\">\n<h2 class=\"wp-block-heading has-large-font-size\">S-ar putea s\u0103 te intereseze\u2026<\/h2>\n\n\n\n<div data-block-name=\"woocommerce\/cart-cross-sells-products-block\" class=\"wp-block-woocommerce-cart-cross-sells-products-block\"><\/div>\n<\/div>\n<\/div>\n\n\n\n<div data-block-name=\"woocommerce\/cart-totals-block\" class=\"wp-block-woocommerce-cart-totals-block\">\n<div data-block-name=\"woocommerce\/cart-order-summary-block\" class=\"wp-block-woocommerce-cart-order-summary-block\">\n<div data-block-name=\"woocommerce\/cart-order-summary-heading-block\" data-content=\"Krep\u0161elio skai\u010diavimas\" class=\"wp-block-woocommerce-cart-order-summary-heading-block\"><\/div>\n\n\n\n<div data-block-name=\"woocommerce\/cart-order-summary-coupon-form-block\" class=\"wp-block-woocommerce-cart-order-summary-coupon-form-block\"><\/div>\n\n\n\n<div data-block-name=\"woocommerce\/cart-order-summary-totals-block\" class=\"wp-block-woocommerce-cart-order-summary-totals-block\">\n<div data-block-name=\"woocommerce\/cart-order-summary-subtotal-block\" class=\"wp-block-woocommerce-cart-order-summary-subtotal-block\"><\/div>\n\n\n\n<div data-block-name=\"woocommerce\/cart-order-summary-fee-block\" class=\"wp-block-woocommerce-cart-order-summary-fee-block\"><\/div>\n\n\n\n<div data-block-name=\"woocommerce\/cart-order-summary-discount-block\" class=\"wp-block-woocommerce-cart-order-summary-discount-block\"><\/div>\n\n\n\n<div data-block-name=\"woocommerce\/cart-order-summary-shipping-block\" class=\"wp-block-woocommerce-cart-order-summary-shipping-block\"><\/div>\n\n\n\n<div data-block-name=\"woocommerce\/cart-order-summary-taxes-block\" class=\"wp-block-woocommerce-cart-order-summary-taxes-block\"><\/div>\n<\/div>\n<\/div>\n\n\n\n<div data-block-name=\"woocommerce\/cart-express-payment-block\" class=\"wp-block-woocommerce-cart-express-payment-block\"><\/div>\n\n\n\n<div data-block-name=\"woocommerce\/proceed-to-checkout-block\" class=\"wp-block-woocommerce-proceed-to-checkout-block\"><\/div>\n\n\n\n<div data-block-name=\"woocommerce\/cart-accepted-payment-methods-block\" class=\"wp-block-woocommerce-cart-accepted-payment-methods-block\"><\/div>\n<\/div>\n<\/div>\n\n\n\n<div data-block-name=\"woocommerce\/empty-cart-block\" class=\"wp-block-woocommerce-empty-cart-block\">\n<h2 class=\"wp-block-heading has-text-align-center with-empty-cart-icon wc-block-cart__empty-cart__title\">Co\u0219ul t\u0103u este momentan gol!<\/h2>\n\n\n\n<hr class=\"wp-block-separator has-alpha-channel-opacity is-style-dots\"\/>\n\n\n\n<h2 class=\"wp-block-heading has-text-align-center\">Nou \u00een magazin<\/h2>\n\n\n<div data-block-name=\"woocommerce\/product-new\" data-columns=\"4\" data-rows=\"1\" class=\"wc-block-grid wp-block-product-new wp-block-woocommerce-product-new wc-block-product-new has-4-columns\"><ul class=\"wc-block-grid__products\"><li class=\"wc-block-grid__product\">\n\t\t\t\t<a href=\"https:\/\/jnats.eu\/ro\/product-2\/j-a-henckels-solingen-zwilligswerk-friodur-inox-no-stain-germany-straight-razor\/\" class=\"wc-block-grid__product-link\">\n\t\t\t\t\t\n\t\t\t\t\t<div class=\"wc-block-grid__product-image\"><img decoding=\"async\" width=\"300\" height=\"300\" src=\"https:\/\/jnats.eu\/wp-content\/uploads\/2025\/03\/Zwilling-Friodur-3-300x300.jpg\" class=\"attachment-woocommerce_thumbnail size-woocommerce_thumbnail\" alt=\"NOS J.A. Henckels Solingen Zwilligswerk Friodur Inox Germania R\u0103zuitor drept\" srcset=\"https:\/\/jnats.eu\/wp-content\/uploads\/2025\/03\/Zwilling-Friodur-3-300x300.jpg 300w, https:\/\/jnats.eu\/wp-content\/uploads\/2025\/03\/Zwilling-Friodur-3-150x150.jpg 150w, https:\/\/jnats.eu\/wp-content\/uploads\/2025\/03\/Zwilling-Friodur-3-100x100.jpg 100w\" sizes=\"(max-width: 360px) 147px, (max-width: 300px) 100vw, 300px\" \/><\/div>\n\t\t\t\t\t<div class=\"wc-block-grid__product-title\">NOS J.A. Henckels Solingen Zwilligswerk Friodur Inox Germania R\u0103zuitor drept<\/div>\n\t\t\t\t<\/a>\n\t\t\t\t<div class=\"wc-block-grid__product-price price\"><span class=\"woocommerce-Price-amount amount\" aria-hidden=\"true\">250,00&nbsp;<span class=\"woocommerce-Price-currencySymbol\">&euro;<\/span><\/span> <span aria-hidden=\"true\">&#8211;<\/span> <span class=\"woocommerce-Price-amount amount\" aria-hidden=\"true\">270,00&nbsp;<span class=\"woocommerce-Price-currencySymbol\">&euro;<\/span><\/span><span class=\"screen-reader-text\" data-no-translation=\"\" data-trp-gettext=\"\">Interval de pre\u021buri: 250,00&nbsp;&euro; p\u00e2n\u0103 la 270,00&nbsp;&euro;<\/span><\/div>\n\t\t\t\t\n\t\t\t\t<div class=\"wp-block-button wc-block-grid__product-add-to-cart\"><a href=\"https:\/\/jnats.eu\/ro\/product-2\/j-a-henckels-solingen-zwilligswerk-friodur-inox-no-stain-germany-straight-razor\/\" aria-label=\"Selecta\u021bi op\u021biunile pentru &quot;NOS J.A. Henckels Solingen Zwilligswerk Friodur Inox  Germany Straight Razor&quot;\" data-quantity=\"1\" data-product_id=\"756\" data-product_sku=\"\" data-price=\"250\" rel=\"nofollow\" class=\"wp-block-button__link  add_to_cart_button\" data-no-translation=\"\" data-trp-gettext=\"\" data-no-translation-aria-label=\"\">Selecta\u021bi op\u021biunile<\/a><\/div>\n\t\t\t<\/li><li class=\"wc-block-grid__product\">\n\t\t\t\t<a href=\"https:\/\/jnats.eu\/ro\/product-2\/tiesiosiu-britvu-komplektas-2-8-ir-4-8-naujos-renaissance-solingen-germany-spitzenqualitat-meister-funk\/\" class=\"wc-block-grid__product-link\">\n\t\t\t\t\t\n\t\t\t\t\t<div class=\"wc-block-grid__product-image\"><img decoding=\"async\" width=\"300\" height=\"300\" src=\"https:\/\/jnats.eu\/wp-content\/uploads\/2026\/04\/Renaissance-6-300x300.jpg\" class=\"attachment-woocommerce_thumbnail size-woocommerce_thumbnail\" alt=\"Set de lame (2\/8 \u0219i 4\/8), noi, Renaissance Solingen Germania, Spitzenqualitat Meister Funk\" srcset=\"https:\/\/jnats.eu\/wp-content\/uploads\/2026\/04\/Renaissance-6-300x300.jpg 300w, https:\/\/jnats.eu\/wp-content\/uploads\/2026\/04\/Renaissance-6-150x150.jpg 150w, https:\/\/jnats.eu\/wp-content\/uploads\/2026\/04\/Renaissance-6-100x100.jpg 100w\" sizes=\"(max-width: 360px) 147px, (max-width: 300px) 100vw, 300px\" \/><\/div>\n\t\t\t\t\t<div class=\"wc-block-grid__product-title\">Set de lame (2\/8 \u0219i 4\/8), noi, Renaissance Solingen Germania, Spitzenqualitat Meister Funk<\/div>\n\t\t\t\t<\/a>\n\t\t\t\t<div class=\"wc-block-grid__product-price price\"><span class=\"woocommerce-Price-amount amount\">195,00&nbsp;<span class=\"woocommerce-Price-currencySymbol\">\u20ac<\/span><\/span><\/div>\n\t\t\t\t\n\t\t\t\t<div class=\"wp-block-button wc-block-grid__product-add-to-cart\"><a href=\"\/ro\/wp-json\/wp\/v2\/pages\/17?add-to-cart=5931\" aria-label=\"Ad\u0103uga\u021bi \u00een co\u0219: &quot;Britv\u0173 komplektas (2\/8 ir 4\/8), naujos, Renaissance Solingen Germany, Spitzenqualitat Meister Funk&quot;\" data-quantity=\"1\" data-product_id=\"5931\" data-product_sku=\"\" data-price=\"195\" rel=\"nofollow\" class=\"wp-block-button__link  add_to_cart_button ajax_add_to_cart\" data-no-translation=\"\" data-trp-gettext=\"\" data-no-translation-aria-label=\"\">Ad\u0103uga\u021bi \u00een co\u0219<\/a><\/div>\n\t\t\t<\/li><li class=\"wc-block-grid__product\">\n\t\t\t\t<a href=\"https:\/\/jnats.eu\/ro\/product-2\/nakayama-nashiji-tomae-japoniskas-naturalus-galandimo-akmuo\/\" class=\"wc-block-grid__product-link\">\n\t\t\t\t\t\n\t\t\t\t\t<div class=\"wc-block-grid__product-image\"><img decoding=\"async\" width=\"300\" height=\"300\" src=\"https:\/\/jnats.eu\/wp-content\/uploads\/2026\/03\/Nakayama-Nashiji-2-300x300.jpg\" class=\"attachment-woocommerce_thumbnail size-woocommerce_thumbnail\" alt=\"Piatr\u0103 de ascu\u021bit natural\u0103 japonez\u0103 Nakayama Nashiji Tomae\" srcset=\"https:\/\/jnats.eu\/wp-content\/uploads\/2026\/03\/Nakayama-Nashiji-2-300x300.jpg 300w, https:\/\/jnats.eu\/wp-content\/uploads\/2026\/03\/Nakayama-Nashiji-2-150x150.jpg 150w, https:\/\/jnats.eu\/wp-content\/uploads\/2026\/03\/Nakayama-Nashiji-2-100x100.jpg 100w\" sizes=\"(max-width: 360px) 147px, (max-width: 300px) 100vw, 300px\" \/><\/div>\n\t\t\t\t\t<div class=\"wc-block-grid__product-title\">Piatr\u0103 de ascu\u021bit natural\u0103 japonez\u0103 Nakayama Nashiji Tomae<\/div>\n\t\t\t\t<\/a>\n\t\t\t\t<div class=\"wc-block-grid__product-price price\"><span class=\"woocommerce-Price-amount amount\">290,00&nbsp;<span class=\"woocommerce-Price-currencySymbol\">\u20ac<\/span><\/span><\/div>\n\t\t\t\t\n\t\t\t\t<div class=\"wp-block-button wc-block-grid__product-add-to-cart\"><a href=\"\/ro\/wp-json\/wp\/v2\/pages\/17?add-to-cart=5872\" aria-label=\"Ad\u0103uga\u021bi \u00een co\u0219: &quot;Nakayama Nashiji Tomae japoni\u0161kas nat\u016bralus galandimo akmuo&quot;\" data-quantity=\"1\" data-product_id=\"5872\" data-product_sku=\"\" data-price=\"290\" rel=\"nofollow\" class=\"wp-block-button__link  add_to_cart_button ajax_add_to_cart\" data-no-translation=\"\" data-trp-gettext=\"\" data-no-translation-aria-label=\"\">Ad\u0103uga\u021bi \u00een co\u0219<\/a><\/div>\n\t\t\t<\/li><li class=\"wc-block-grid__product\">\n\t\t\t\t<a href=\"https:\/\/jnats.eu\/ro\/product-2\/nishhoyama-suita-naturalus-japoniskas-galandimo-akmuo\/\" class=\"wc-block-grid__product-link\">\n\t\t\t\t\t\n\t\t\t\t\t<div class=\"wc-block-grid__product-image\"><img decoding=\"async\" width=\"300\" height=\"300\" src=\"https:\/\/jnats.eu\/wp-content\/uploads\/2026\/03\/Nishhoyama-suita-1-300x300.jpg\" class=\"attachment-woocommerce_thumbnail size-woocommerce_thumbnail\" alt=\"Nishhoyama Suita - piatr\u0103 natural\u0103 japonez\u0103 de ascu\u021bit\" srcset=\"https:\/\/jnats.eu\/wp-content\/uploads\/2026\/03\/Nishhoyama-suita-1-300x300.jpg 300w, https:\/\/jnats.eu\/wp-content\/uploads\/2026\/03\/Nishhoyama-suita-1-150x150.jpg 150w, https:\/\/jnats.eu\/wp-content\/uploads\/2026\/03\/Nishhoyama-suita-1-100x100.jpg 100w\" sizes=\"(max-width: 360px) 147px, (max-width: 300px) 100vw, 300px\" \/><\/div>\n\t\t\t\t\t<div class=\"wc-block-grid__product-title\">Nishhoyama Suita - piatr\u0103 natural\u0103 japonez\u0103 de ascu\u021bit<\/div>\n\t\t\t\t<\/a>\n\t\t\t\t<div class=\"wc-block-grid__product-price price\"><span class=\"woocommerce-Price-amount amount\">295,00&nbsp;<span class=\"woocommerce-Price-currencySymbol\">\u20ac<\/span><\/span><\/div>\n\t\t\t\t\n\t\t\t\t<div class=\"wp-block-button wc-block-grid__product-add-to-cart\"><a href=\"\/ro\/wp-json\/wp\/v2\/pages\/17?add-to-cart=5846\" aria-label=\"Ad\u0103uga\u021bi \u00een co\u0219: &quot;Nishhoyama Suita \u2013 nat\u016bralus japoni\u0161kas galandimo akmuo&quot;\" data-quantity=\"1\" data-product_id=\"5846\" data-product_sku=\"\" data-price=\"295\" rel=\"nofollow\" class=\"wp-block-button__link  add_to_cart_button ajax_add_to_cart\" data-no-translation=\"\" data-trp-gettext=\"\" data-no-translation-aria-label=\"\">Ad\u0103uga\u021bi \u00een co\u0219<\/a><\/div>\n\t\t\t<\/li><\/ul><\/div><\/div>\n<\/div>","protected":false},"excerpt":{"rendered":"","protected":false},"author":1,"featured_media":0,"parent":0,"menu_order":0,"comment_status":"closed","ping_status":"closed","template":"","meta":{"footnotes":""},"class_list":["post-17","page","type-page","status-publish","hentry"],"_links":{"self":[{"href":"https:\/\/jnats.eu\/ro\/wp-json\/wp\/v2\/pages\/17","targetHints":{"allow":["GET"]}}],"collection":[{"href":"https:\/\/jnats.eu\/ro\/wp-json\/wp\/v2\/pages"}],"about":[{"href":"https:\/\/jnats.eu\/ro\/wp-json\/wp\/v2\/types\/page"}],"author":[{"embeddable":true,"href":"https:\/\/jnats.eu\/ro\/wp-json\/wp\/v2\/users\/1"}],"replies":[{"embeddable":true,"href":"https:\/\/jnats.eu\/ro\/wp-json\/wp\/v2\/comments?post=17"}],"version-history":[{"count":2,"href":"https:\/\/jnats.eu\/ro\/wp-json\/wp\/v2\/pages\/17\/revisions"}],"predecessor-version":[{"id":3994,"href":"https:\/\/jnats.eu\/ro\/wp-json\/wp\/v2\/pages\/17\/revisions\/3994"}],"wp:attachment":[{"href":"https:\/\/jnats.eu\/ro\/wp-json\/wp\/v2\/media?parent=17"}],"curies":[{"name":"wp","href":"https:\/\/api.w.org\/{rel}","templated":true}]}}