{"id":4393,"date":"2025-04-15T11:06:23","date_gmt":"2025-04-15T08:06:23","guid":{"rendered":"https:\/\/jnats.eu\/?page_id=4393"},"modified":"2025-04-15T11:14:24","modified_gmt":"2025-04-15T08:14:24","slug":"apie-mus","status":"publish","type":"page","link":"https:\/\/jnats.eu\/ro\/apie-mus\/","title":{"rendered":"Despre noi"},"content":{"rendered":"<p><strong>JNATS.eu<\/strong> - un loc unde se \u00eent\u00e2lnesc pasiunea pentru ascu\u021bire \u0219i respectul pentru me\u0219te\u0219ugul japonez. Suntem entuzia\u0219ti ai pietrelor naturale japoneze de ascu\u021bit care s-au s\u0103turat s\u0103 cumpere \"pisica \u00een sac\". \u00cen multe magazine online, descrierile pietrelor sunt vagi, informa\u021biile lipsesc, iar rezultatul final este adesea dezam\u0103gitor.<\/p>\n\n\n\n<p>Am decis s\u0103 schimb\u0103m asta. Noi \u00een\u0219ine test\u0103m fiecare piatr\u0103 pe care o oferim \u00een magazinul nostru - \u0219i nu sunt doar cuvinte. \u00cempreun\u0103 cu fiecare produs ve\u021bi g\u0103si videoclipuri reale care demonstreaz\u0103 propriet\u0103\u021bile pietrei, senza\u021bia de ascu\u021bire, rezultatele \u0219i experien\u021ba.<\/p>\n\n\n\n<p>Scopul nostru este s\u0103 cre\u0103m un spa\u021biu transparent, informativ \u0219i prietenos cu entuzia\u0219tii, unde toat\u0103 lumea poate cump\u0103ra exact ceea ce caut\u0103 - f\u0103r\u0103 incertitudini, doar valoare real\u0103. Dac\u0103 v\u0103 pas\u0103 de calitate, m\u0103iestrie \u0219i claritate, sunte\u021bi \u00een locul potrivit.<\/p>\n\n\n\n<figure class=\"wp-block-image size-large\"><img decoding=\"async\" width=\"1024\" height=\"768\" src=\"https:\/\/jnats.eu\/wp-content\/uploads\/2024\/04\/Nakayama-Kiita-Karasu-Maruka-2-1024x768.webp\" alt=\"\" class=\"wp-image-2253\" srcset=\"https:\/\/jnats.eu\/wp-content\/uploads\/2024\/04\/Nakayama-Kiita-Karasu-Maruka-2-1024x768.webp 1024w, https:\/\/jnats.eu\/wp-content\/uploads\/2024\/04\/Nakayama-Kiita-Karasu-Maruka-2-300x225.webp 300w, https:\/\/jnats.eu\/wp-content\/uploads\/2024\/04\/Nakayama-Kiita-Karasu-Maruka-2-768x576.webp 768w, https:\/\/jnats.eu\/wp-content\/uploads\/2024\/04\/Nakayama-Kiita-Karasu-Maruka-2-1536x1152.webp 1536w, https:\/\/jnats.eu\/wp-content\/uploads\/2024\/04\/Nakayama-Kiita-Karasu-Maruka-2-16x12.webp 16w, https:\/\/jnats.eu\/wp-content\/uploads\/2024\/04\/Nakayama-Kiita-Karasu-Maruka-2-990x743.webp 990w, https:\/\/jnats.eu\/wp-content\/uploads\/2024\/04\/Nakayama-Kiita-Karasu-Maruka-2-441x331.webp 441w, https:\/\/jnats.eu\/wp-content\/uploads\/2024\/04\/Nakayama-Kiita-Karasu-Maruka-2-600x450.webp 600w, https:\/\/jnats.eu\/wp-content\/uploads\/2024\/04\/Nakayama-Kiita-Karasu-Maruka-2-150x113.webp 150w, https:\/\/jnats.eu\/wp-content\/uploads\/2024\/04\/Nakayama-Kiita-Karasu-Maruka-2.webp 2000w\" sizes=\"(max-width: 1024px) 100vw, 1024px\" \/><\/figure>","protected":false},"excerpt":{"rendered":"<p>JNATS.eu este locul unde se \u00eent\u00e2lnesc pasiunea pentru ascu\u021bire \u0219i respectul pentru me\u0219te\u0219ugul japonez. Suntem entuzia\u0219ti ai pietrelor naturale japoneze de ascu\u021bit care s-au s\u0103turat s\u0103 cumpere \"pisica \u00een sac\". \u00cen multe magazine online descrierile pietrelor sunt vagi, informa\u021biile lipsesc, iar rezultatul final este adesea dezam\u0103gitor. Noi am decis s\u0103 schimb\u0103m asta. Noi \u00een\u0219ine test\u0103m fiecare piatr\u0103 pe care o oferim \u00een magazinul nostru - \u0219i nu este vorba doar de cuvinte. [...]<\/p>","protected":false},"author":1,"featured_media":2253,"parent":0,"menu_order":0,"comment_status":"closed","ping_status":"closed","template":"","meta":{"footnotes":""},"class_list":["post-4393","page","type-page","status-publish","has-post-thumbnail","hentry"],"_links":{"self":[{"href":"https:\/\/jnats.eu\/ro\/wp-json\/wp\/v2\/pages\/4393","targetHints":{"allow":["GET"]}}],"collection":[{"href":"https:\/\/jnats.eu\/ro\/wp-json\/wp\/v2\/pages"}],"about":[{"href":"https:\/\/jnats.eu\/ro\/wp-json\/wp\/v2\/types\/page"}],"author":[{"embeddable":true,"href":"https:\/\/jnats.eu\/ro\/wp-json\/wp\/v2\/users\/1"}],"replies":[{"embeddable":true,"href":"https:\/\/jnats.eu\/ro\/wp-json\/wp\/v2\/comments?post=4393"}],"version-history":[{"count":2,"href":"https:\/\/jnats.eu\/ro\/wp-json\/wp\/v2\/pages\/4393\/revisions"}],"predecessor-version":[{"id":4396,"href":"https:\/\/jnats.eu\/ro\/wp-json\/wp\/v2\/pages\/4393\/revisions\/4396"}],"wp:featuredmedia":[{"embeddable":true,"href":"https:\/\/jnats.eu\/ro\/wp-json\/wp\/v2\/media\/2253"}],"wp:attachment":[{"href":"https:\/\/jnats.eu\/ro\/wp-json\/wp\/v2\/media?parent=4393"}],"curies":[{"name":"wp","href":"https:\/\/api.w.org\/{rel}","templated":true}]}}