{"id":110,"date":"2024-02-21T11:44:46","date_gmt":"2024-02-21T09:44:46","guid":{"rendered":"http:\/\/jnats.eu\/?post_type=product&#038;p=110"},"modified":"2025-09-19T08:00:46","modified_gmt":"2025-09-19T05:00:46","slug":"naturalus-japoniskas-galandinimo-uzbaigimo-akmuo-awasedo-iromono","status":"publish","type":"product","link":"https:\/\/jnats.eu\/ro\/product-2\/naturalus-japoniskas-galandinimo-uzbaigimo-akmuo-awasedo-iromono\/","title":{"rendered":"Awasedo Iromono Natural japonez ascu\u021bire finisare piatr\u0103"},"content":{"rendered":"<ul class=\"wp-block-list\">\n<li><strong>Duritate: Lv 4<\/strong><\/li>\n\n\n\n<li><strong>Dimensiuni: 198x72x25<\/strong> mm<\/li>\n\n\n\n<li><strong>Greutate (cu suport): 1048 g.<\/strong><\/li>\n\n\n\n<li><strong>Dezavantaje: Linia din col\u021b este mai aspr\u0103 dec\u00e2t restul suprafe\u021bei, dar poate fi evitat\u0103 cu u\u0219urin\u021b\u0103.<\/strong><\/li>\n<\/ul>\n\n\n\n<p>Pietrele naturale de ascu\u021bit japoneze sunt o alegere excelent\u0103 at\u00e2t pentru buc\u0103tari profesioni\u0219ti, c\u00e2t \u0219i pentru al\u021bi produc\u0103tori de alimente care se str\u0103duiesc s\u0103 ob\u021bin\u0103 rezultate de cea mai \u00eenalt\u0103 calitate \u00een buc\u0103t\u0103rie.<\/p>\n\n\n\n<p>Pietrele japoneze sunt apreciate pentru structura lor special\u0103, care ofer\u0103 propriet\u0103\u021bi excelente de ascu\u021bire a lamei. Me\u0219terii japonezi le pre\u021buiesc pentru echilibrul lor special \u00eentre densitatea boabelor \u0219i moliciune, care permite cu\u021bitului s\u0103 men\u021bin\u0103 ascu\u021bitul pentru o perioad\u0103 mai lung\u0103 de timp. \u00cen plus, procesul de ascu\u021bire este mai simplu deoarece pietrele naturale nu permit formarea de bavuri, spre deosebire de cele sintetice.<\/p>\n\n\n\n<p>Suprafa\u021ba acestei pietre este destul de neted\u0103 \u0219i uniform\u0103, a\u0219a c\u0103 po\u021bi fi sigur c\u0103 cu\u021bitul t\u0103u va fi ascu\u021bit uniform de la \u00eenceput p\u00e2n\u0103 la sf\u00e2r\u0219it.<\/p>\n\n\n\n<p>Mai mult, aceast\u0103 piatr\u0103 natural\u0103 japonez\u0103 poate fi folosit\u0103 nu numai pentru ascu\u021birea cu\u021bitelor, ci \u0219i pentru diverse alte lame, precum foarfecele sau daltele. Acesta este un instrument multifunc\u021bional care v\u0103 va \u00eembog\u0103\u021bi echipamentul de buc\u0103t\u0103rie.<\/p>\n\n\n\n<p>Ofer\u0103 cu\u021bitului t\u0103u o experien\u021b\u0103 unic\u0103 de ascu\u021bire, care se va potrivi at\u00e2t buc\u0103tarilor profesioni\u0219ti, c\u00e2t \u0219i celor de acas\u0103 care se str\u0103duiesc s\u0103 ob\u021bin\u0103 cea mai \u00eenalt\u0103 calitate \u0219i rezultate perfecte.<\/p>\n\n\n\n<figure class=\"wp-block-embed is-type-video is-provider-youtube wp-block-embed-youtube wp-embed-aspect-16-9 wp-has-aspect-ratio\"><div class=\"wp-block-embed__wrapper\">\n<div class=\"video-container\"><iframe title=\"JNATS Awasedo\" width=\"1170\" height=\"658\" src=\"https:\/\/www.youtube.com\/embed\/9KOBiaxAnt8?start=20&#038;feature=oembed\" frameborder=\"0\" allow=\"accelerometer; autoplay; clipboard-write; encrypted-media; gyroscope; picture-in-picture; web-share\" allowfullscreen><\/iframe><\/div>\n<\/div><\/figure>","protected":false},"excerpt":{"rendered":"<p><!-- wp:list --><\/p>\n<ul><!-- wp:list-item --><\/p>\n<li><strong>Duritate: Lv 4<\/strong><\/li>\n<p><!-- \/wp:list-item --><\/p>\n<p><!-- wp:list-item --><\/p>\n<li><strong>Dimensiuni: 198x72x25 mm<\/strong><\/li>\n<p><!-- \/wp:list-item --><\/p>\n<p><!-- wp:list-item --><\/p>\n<li><strong>Greutate (cu suport): 1048 g.<\/strong><\/li>\n<p><!-- \/wp:list-item --><\/p>\n<p><!-- wp:list-item --><\/p>\n<li><strong>Dezavantaje: Linia din col\u021b este mai aspr\u0103 dec\u00e2t restul suprafe\u021bei, dar poate fi evitat\u0103 cu u\u0219urin\u021b\u0103.<\/strong><\/li>\n<p><!-- \/wp:list-item --><\/ul>\n<p><!-- \/wp:list --><\/p>","protected":false},"featured_media":1204,"comment_status":"open","ping_status":"closed","template":"","meta":[],"product_brand":[],"product_cat":[22],"product_tag":[40,41],"class_list":{"0":"post-110","1":"product","2":"type-product","3":"status-publish","4":"has-post-thumbnail","6":"product_cat-jnats","7":"product_tag-awasedo","8":"product_tag-iromono","9":"product_shipping_class-iprastas","11":"first","12":"outofstock","13":"sale","14":"shipping-taxable","15":"purchasable","16":"product-type-simple"},"_links":{"self":[{"href":"https:\/\/jnats.eu\/ro\/wp-json\/wp\/v2\/product\/110","targetHints":{"allow":["GET"]}}],"collection":[{"href":"https:\/\/jnats.eu\/ro\/wp-json\/wp\/v2\/product"}],"about":[{"href":"https:\/\/jnats.eu\/ro\/wp-json\/wp\/v2\/types\/product"}],"replies":[{"embeddable":true,"href":"https:\/\/jnats.eu\/ro\/wp-json\/wp\/v2\/comments?post=110"}],"wp:featuredmedia":[{"embeddable":true,"href":"https:\/\/jnats.eu\/ro\/wp-json\/wp\/v2\/media\/1204"}],"wp:attachment":[{"href":"https:\/\/jnats.eu\/ro\/wp-json\/wp\/v2\/media?parent=110"}],"wp:term":[{"taxonomy":"product_brand","embeddable":true,"href":"https:\/\/jnats.eu\/ro\/wp-json\/wp\/v2\/product_brand?post=110"},{"taxonomy":"product_cat","embeddable":true,"href":"https:\/\/jnats.eu\/ro\/wp-json\/wp\/v2\/product_cat?post=110"},{"taxonomy":"product_tag","embeddable":true,"href":"https:\/\/jnats.eu\/ro\/wp-json\/wp\/v2\/product_tag?post=110"}],"curies":[{"name":"wp","href":"https:\/\/api.w.org\/{rel}","templated":true}]}}