{"id":117,"date":"2024-02-21T11:57:24","date_gmt":"2024-02-21T09:57:24","guid":{"rendered":"http:\/\/jnats.eu\/?post_type=product&#038;p=117"},"modified":"2024-08-19T23:02:13","modified_gmt":"2024-08-19T20:02:13","slug":"naturalus-japoniskas-galandinimo-uzbaigimo-akmuo-shobudani-mizu-asagi","status":"publish","type":"product","link":"https:\/\/jnats.eu\/ro\/product-2\/naturalus-japoniskas-galandinimo-uzbaigimo-akmuo-shobudani-mizu-asagi\/","title":{"rendered":"Piatra naturala de ascutit japoneza de finisare Shobudani Mizu Asagi"},"content":{"rendered":"<ul class=\"wp-block-list\">\n<li><strong>Duritate: Lv 4<\/strong><\/li>\n\n\n\n<li><strong>Dimensiuni: 198x70x22 mm<\/strong><\/li>\n\n\n\n<li><strong>Greutate: 772 g.<\/strong><\/li>\n\n\n\n<li><strong>Potrivit pentru finisarea cu\u021bitelor din o\u021bel carbon, foarfece, unelte de t\u00e2mpl\u0103rie, brici etc.<\/strong><\/li>\n<\/ul>\n\n\n\n<p>Piatra natural\u0103 de ascu\u021bit japonez\u0103 Shobudani Mizu Asagi este o unealt\u0103 excep\u021bional\u0103 cu o structur\u0103 extrem de fin\u0103, datorit\u0103 c\u0103reia se poate ob\u021bine o ascu\u021bire de cea mai \u00eenalt\u0103 calitate. Aceast\u0103 piatr\u0103 nu este doar un instrument practic \u00een buc\u0103t\u0103rie, ci \u0219i o valoare artistic\u0103 care este apreciat\u0103 de un adev\u0103rat maestru. <\/p>\n\n\n\n<p>Piatra Shobudani Mizu Asagi captiveaz\u0103 prin culoarea \u0219i textura unic\u0103. Suprafa\u021ba sa este modelat\u0103 delicat \u0219i are nuan\u021be naturale de diverse culori, care confer\u0103 pietrei un farmec aparte. In plus, mineralele si oligoelementele continute in aceasta piatra contribuie la rezultatele exceptionale ale tratamentului.<\/p>\n\n\n\n<p>Aceast\u0103 piatr\u0103 japonez\u0103 are capacitatea special\u0103 de a crea o claritate aproape ascu\u021bit\u0103 pe o lam\u0103 de cu\u021bit din o\u021bel carbon. Aceasta \u00eenseamn\u0103 c\u0103 cu\u021bitul t\u0103u va ob\u021bine o margine excep\u021bional de ascu\u021bit\u0103, care va t\u0103ia cu u\u0219urin\u021b\u0103 alimentele, men\u021bin\u00e2nd \u00een acela\u0219i timp forma optim\u0103 \u0219i ascu\u021birea cu\u021bitului pentru rezultate de lung\u0103 durat\u0103.<\/p>\n\n\n\n<p>Piatra Shobudani Mizu Asagi este potrivit\u0103 nu numai pentru buc\u0103tari profesioni\u0219ti, ci \u0219i pentru pasiona\u021bii de buc\u0103t\u0103rie de acas\u0103 care caut\u0103 rezultatul perfect de ascu\u021bire a lamei. Aceast\u0103 piatr\u0103 nu numai c\u0103 va asigura c\u0103 cu\u021bitul t\u0103u r\u0103m\u00e2ne ascu\u021bit mai mult timp, dar va ad\u0103uga \u0219i o not\u0103 de clas\u0103 echipamentului t\u0103u de buc\u0103t\u0103rie. Cump\u0103ra\u021bi piatra Shobudani Mizu Asagi \u0219i descoperi\u021bi adev\u0103rata art\u0103 a ascu\u021birii japoneze.<\/p>\n\n\n\n<figure class=\"wp-block-embed is-type-video is-provider-youtube wp-block-embed-youtube wp-embed-aspect-16-9 wp-has-aspect-ratio\"><div class=\"wp-block-embed__wrapper\">\n<div class=\"video-container\"><iframe title=\"JNATS Awasedo\" width=\"1170\" height=\"658\" src=\"https:\/\/www.youtube.com\/embed\/9KOBiaxAnt8?start=782&#038;feature=oembed\" frameborder=\"0\" allow=\"accelerometer; autoplay; clipboard-write; encrypted-media; gyroscope; picture-in-picture; web-share\" allowfullscreen><\/iframe><\/div>\n<\/div><\/figure>","protected":false},"excerpt":{"rendered":"<ul>\n<li><strong>Duritate: Lv 4<\/strong><\/li>\n<li><strong>Dimensiuni: 198x70x22 mm<\/strong><\/li>\n<li><strong>Greutate: 772 g.<\/strong><\/li>\n<li><strong>Potrivit pentru finisarea cu\u021bitelor din o\u021bel carbon, foarfece, unelte de t\u00e2mpl\u0103rie, brici etc.<\/strong><\/li>\n<\/ul>","protected":false},"featured_media":1271,"comment_status":"open","ping_status":"closed","template":"","meta":[],"product_brand":[],"product_cat":[22],"product_tag":[45,44],"class_list":{"0":"post-117","1":"product","2":"type-product","3":"status-publish","4":"has-post-thumbnail","6":"product_cat-jnats","7":"product_tag-asagi","8":"product_tag-shobudani","9":"product_shipping_class-iprastas","11":"first","12":"outofstock","13":"sale","14":"shipping-taxable","15":"purchasable","16":"product-type-simple"},"_links":{"self":[{"href":"https:\/\/jnats.eu\/ro\/wp-json\/wp\/v2\/product\/117","targetHints":{"allow":["GET"]}}],"collection":[{"href":"https:\/\/jnats.eu\/ro\/wp-json\/wp\/v2\/product"}],"about":[{"href":"https:\/\/jnats.eu\/ro\/wp-json\/wp\/v2\/types\/product"}],"replies":[{"embeddable":true,"href":"https:\/\/jnats.eu\/ro\/wp-json\/wp\/v2\/comments?post=117"}],"wp:featuredmedia":[{"embeddable":true,"href":"https:\/\/jnats.eu\/ro\/wp-json\/wp\/v2\/media\/1271"}],"wp:attachment":[{"href":"https:\/\/jnats.eu\/ro\/wp-json\/wp\/v2\/media?parent=117"}],"wp:term":[{"taxonomy":"product_brand","embeddable":true,"href":"https:\/\/jnats.eu\/ro\/wp-json\/wp\/v2\/product_brand?post=117"},{"taxonomy":"product_cat","embeddable":true,"href":"https:\/\/jnats.eu\/ro\/wp-json\/wp\/v2\/product_cat?post=117"},{"taxonomy":"product_tag","embeddable":true,"href":"https:\/\/jnats.eu\/ro\/wp-json\/wp\/v2\/product_tag?post=117"}],"curies":[{"name":"wp","href":"https:\/\/api.w.org\/{rel}","templated":true}]}}