{"id":125,"date":"2024-02-21T12:09:07","date_gmt":"2024-02-21T10:09:07","guid":{"rendered":"http:\/\/jnats.eu\/?post_type=product&#038;p=125"},"modified":"2025-09-27T14:51:41","modified_gmt":"2025-09-27T11:51:41","slug":"ohira-awasedo","status":"publish","type":"product","link":"https:\/\/jnats.eu\/ro\/product-2\/ohira-awasedo\/","title":{"rendered":"Ohira Nashiji Awasedo Piatr\u0103 natural\u0103 japonez\u0103 pentru ascu\u021bit"},"content":{"rendered":"<p><br><\/p>\n\n\n\n<ul class=\"wp-block-list\">\n<li><strong>Duritate: Lv 4<\/strong><\/li>\n\n\n\n<li><strong>Dimensiuni: 205x75x33 mm<\/strong><\/li>\n\n\n\n<li><strong>Greutate: 1230 g.<\/strong><\/li>\n\n\n\n<li><strong>Potrivit pentru finisarea cu\u021bitelor din o\u021bel carbon, foarfecelor, dulgherului \u0219i alte unelte.<\/strong><\/li>\n<\/ul>\n\n\n\n<p>Ohira Awasedo este o piatr\u0103 special\u0103 de ascu\u021bit japonez\u0103, apreciat\u0103 at\u00e2t de me\u0219teri, c\u00e2t \u0219i de buc\u0103tari profesioni\u0219ti din \u00eentreaga lume. Aceast\u0103 piatr\u0103 este produs\u0103 din surse naturale unice situate \u00een regiunea Mun\u021bilor Ohira din Japonia, ceea ce \u00eei confer\u0103 compozi\u021bia \u0219i propriet\u0103\u021bile sale speciale.<\/p>\n\n\n\n<p>Ohira Awasedo este cunoscut\u0103 pentru con\u021binutul s\u0103u ridicat de minerale \u0219i textura special\u0103, care \u00eei confer\u0103 un efect unic de ascu\u021bire a lamei. Aceast\u0103 piatr\u0103 este special\u0103 deoarece con\u021bine diverse minerale, cum ar fi talcul, cuar\u021bul \u0219i alte particule microscopice, care formeaz\u0103 o suprafa\u021b\u0103 de ascu\u021bire delicat\u0103 \u0219i eficient\u0103.<\/p>\n\n\n\n<p>Ohira Awasedo nu numai c\u0103 ofer\u0103 cu\u021bitului o ascu\u021bire excep\u021bional\u0103, dar ajut\u0103 \u0219i la crearea unui efect special de lustruire asupra lamei cu\u021bitului. Acest lucru v\u0103 permite s\u0103 ob\u021bine\u021bi nu numai un nivel ridicat de claritate, ci \u0219i o suprafa\u021b\u0103 atractiv\u0103, care confer\u0103 cu\u021bitului nu numai o valoare func\u021bional\u0103 de \u00eenalt\u0103 calitate, ci \u0219i o valoare estetic\u0103.<\/p>\n\n\n\n<p>Aceast\u0103 piatr\u0103 Ohira Awasedo este potrivit\u0103 at\u00e2t pentru profesioni\u0219ti, c\u00e2t \u0219i pentru buc\u0103tarii acas\u0103 care caut\u0103 cea mai \u00eenalt\u0103 calitate de ascu\u021bire \u0219i rezultate excelente pentru cu\u021bitele lor. Acesta este un instrument unic care va ad\u0103uga valoare g\u0103titului dvs. \u0219i va oferi cu\u021bitului o claritate deosebit\u0103 \u0219i un efect de lustruire excep\u021bional.<\/p>\n\n\n\n<figure class=\"wp-block-embed is-type-video is-provider-youtube wp-block-embed-youtube wp-embed-aspect-16-9 wp-has-aspect-ratio\"><div class=\"wp-block-embed__wrapper\">\n<div class=\"video-container\"><iframe title=\"JNATS Awasedo pietre de copt\" width=\"1170\" height=\"658\" src=\"https:\/\/www.youtube.com\/embed\/9KOBiaxAnt8?feature=oembed\" frameborder=\"0\" allow=\"accelerometer; autoplay; clipboard-write; encrypted-media; gyroscope; picture-in-picture; web-share\" referrerpolicy=\"strict-origin-when-cross-origin\" allowfullscreen><\/iframe><\/div>\n<\/div><\/figure>","protected":false},"excerpt":{"rendered":"<ul>\n<li><strong>Duritate: Lv 4<\/strong><\/li>\n<li><strong>Dimensiuni: 205x75x33 mm<\/strong><\/li>\n<li><strong>Greutate: 1230 g.<\/strong><\/li>\n<li><strong>Potrivit pentru finisarea cu\u021bitelor din o\u021bel carbon, foarfecelor, sculelor de t\u00e2mpl\u0103rie.<\/strong><\/li>\n<\/ul>","protected":false},"featured_media":1239,"comment_status":"open","ping_status":"closed","template":"","meta":[],"product_brand":[],"product_cat":[22],"product_tag":[40,48,47,46],"class_list":{"0":"post-125","1":"product","2":"type-product","3":"status-publish","4":"has-post-thumbnail","6":"product_cat-jnats","7":"product_tag-awasedo","8":"product_tag-nashiji","9":"product_tag-ohira","10":"product_tag-ohira-awasedo","11":"product_shipping_class-iprastas","13":"first","14":"outofstock","15":"sale","16":"shipping-taxable","17":"purchasable","18":"product-type-simple"},"_links":{"self":[{"href":"https:\/\/jnats.eu\/ro\/wp-json\/wp\/v2\/product\/125","targetHints":{"allow":["GET"]}}],"collection":[{"href":"https:\/\/jnats.eu\/ro\/wp-json\/wp\/v2\/product"}],"about":[{"href":"https:\/\/jnats.eu\/ro\/wp-json\/wp\/v2\/types\/product"}],"replies":[{"embeddable":true,"href":"https:\/\/jnats.eu\/ro\/wp-json\/wp\/v2\/comments?post=125"}],"wp:featuredmedia":[{"embeddable":true,"href":"https:\/\/jnats.eu\/ro\/wp-json\/wp\/v2\/media\/1239"}],"wp:attachment":[{"href":"https:\/\/jnats.eu\/ro\/wp-json\/wp\/v2\/media?parent=125"}],"wp:term":[{"taxonomy":"product_brand","embeddable":true,"href":"https:\/\/jnats.eu\/ro\/wp-json\/wp\/v2\/product_brand?post=125"},{"taxonomy":"product_cat","embeddable":true,"href":"https:\/\/jnats.eu\/ro\/wp-json\/wp\/v2\/product_cat?post=125"},{"taxonomy":"product_tag","embeddable":true,"href":"https:\/\/jnats.eu\/ro\/wp-json\/wp\/v2\/product_tag?post=125"}],"curies":[{"name":"wp","href":"https:\/\/api.w.org\/{rel}","templated":true}]}}