{"id":1381,"date":"2024-04-11T14:48:50","date_gmt":"2024-04-11T11:48:50","guid":{"rendered":"http:\/\/jnats.eu\/?post_type=product&#038;p=1381"},"modified":"2024-06-22T10:16:53","modified_gmt":"2024-06-22T07:16:53","slug":"guansi-kiniskas-naturalus-galandimo-akmuo","status":"publish","type":"product","link":"https:\/\/jnats.eu\/ro\/product-2\/guansi-kiniskas-naturalus-galandimo-akmuo\/","title":{"rendered":"Piatr\u0103 de ascu\u021bit natural\u0103 chinez\u0103 Guanxi"},"content":{"rendered":"<ul class=\"wp-block-list\">\n<li>Dimensiuni: 197x68x28 mm<\/li>\n\n\n\n<li>Greutate: 980 g<\/li>\n\n\n\n<li>Duritate: Lv 3<\/li>\n\n\n\n<li>Dimensiunea granulelor aprox. #5000<\/li>\n\n\n\n<li>Potrivit pentru finisarea cu\u021bitelor \u0219i uneltelor, briciurilor. Piatra este foarte omogen\u0103, dar lent\u0103 \u00een compara\u021bie cu pietrele japoneze. Ambele p\u0103r\u021bi sunt gata de utilizare.<\/li>\n<\/ul>","protected":false},"excerpt":{"rendered":"<p><!-- wp:list --><\/p>\n<ul><!-- wp:list-item --><\/p>\n<li>Dimensiuni: 197x68x28 mm<\/li>\n<p><!-- \/wp:list-item --><\/p>\n<p><!-- wp:list-item --><\/p>\n<li>Greutate: 980 g<\/li>\n<p><!-- \/wp:list-item --><\/p>\n<p><!-- wp:list-item --><\/p>\n<li>Duritate: Lv 3<\/li>\n<li>Dimensiunea granulelor aprox. #5000<\/li>\n<p><!-- \/wp:list-item --><\/p>\n<p><!-- wp:list-item --><\/p>\n<li>Potrivit pentru finisarea cu\u021bitelor \u0219i uneltelor, briciurilor. Piatra este foarte omogen\u0103, dar lent\u0103 \u00een compara\u021bie cu pietrele japoneze. Ambele p\u0103r\u021bi sunt gata de utilizare.<\/li>\n<p><!-- \/wp:list-item --><\/ul>\n<p><!-- \/wp:list --><\/p>","protected":false},"featured_media":1384,"comment_status":"open","ping_status":"closed","template":"","meta":[],"product_brand":[],"product_cat":[22],"product_tag":[187],"class_list":{"0":"post-1381","1":"product","2":"type-product","3":"status-publish","4":"has-post-thumbnail","6":"product_cat-jnats","7":"product_tag-guansi","8":"product_shipping_class-iprastas","10":"first","11":"outofstock","12":"shipping-taxable","13":"purchasable","14":"product-type-simple"},"_links":{"self":[{"href":"https:\/\/jnats.eu\/ro\/wp-json\/wp\/v2\/product\/1381","targetHints":{"allow":["GET"]}}],"collection":[{"href":"https:\/\/jnats.eu\/ro\/wp-json\/wp\/v2\/product"}],"about":[{"href":"https:\/\/jnats.eu\/ro\/wp-json\/wp\/v2\/types\/product"}],"replies":[{"embeddable":true,"href":"https:\/\/jnats.eu\/ro\/wp-json\/wp\/v2\/comments?post=1381"}],"wp:featuredmedia":[{"embeddable":true,"href":"https:\/\/jnats.eu\/ro\/wp-json\/wp\/v2\/media\/1384"}],"wp:attachment":[{"href":"https:\/\/jnats.eu\/ro\/wp-json\/wp\/v2\/media?parent=1381"}],"wp:term":[{"taxonomy":"product_brand","embeddable":true,"href":"https:\/\/jnats.eu\/ro\/wp-json\/wp\/v2\/product_brand?post=1381"},{"taxonomy":"product_cat","embeddable":true,"href":"https:\/\/jnats.eu\/ro\/wp-json\/wp\/v2\/product_cat?post=1381"},{"taxonomy":"product_tag","embeddable":true,"href":"https:\/\/jnats.eu\/ro\/wp-json\/wp\/v2\/product_tag?post=1381"}],"curies":[{"name":"wp","href":"https:\/\/api.w.org\/{rel}","templated":true}]}}