{"id":1391,"date":"2024-04-11T14:57:06","date_gmt":"2024-04-11T11:57:06","guid":{"rendered":"http:\/\/jnats.eu\/?post_type=product&#038;p=1391"},"modified":"2024-04-11T14:57:07","modified_gmt":"2024-04-11T11:57:07","slug":"zalias-agatas-kiniskas-naturalus-galandimo-akmuo","status":"publish","type":"product","link":"https:\/\/jnats.eu\/ro\/product-2\/zalias-agatas-kiniskas-naturalus-galandimo-akmuo\/","title":{"rendered":"Agat verde chinezesc natural Sharpening Stone"},"content":{"rendered":"<ul class=\"wp-block-list\">\n<li>Dimensiuni: 205x49x26 mm<\/li>\n\n\n\n<li>Greutate: 770 g<\/li>\n\n\n\n<li>Duritate: Lv 4.7<\/li>\n\n\n\n<li>Potrivit\u0103 pentru finisarea cu\u021bitelor \u0219i uneltelor unde nu este necesar\u0103 o precizie ridicat\u0103. Piatra nu este foarte omogen\u0103. Ambele p\u0103r\u021bi sunt preg\u0103tite pentru utilizare. Func\u021bioneaz\u0103 cu lubrifiant.<\/li>\n<\/ul>","protected":false},"excerpt":{"rendered":"<p><!-- wp:list --><\/p>\n<ul><!-- wp:list-item --><\/p>\n<li>Dimensiuni: 205x49x26 mm<\/li>\n<p><!-- \/wp:list-item --> <!-- wp:list-item --><\/p>\n<li>Greutate: 770 g<\/li>\n<p><!-- \/wp:list-item --> <!-- wp:list-item --><\/p>\n<li>Duritate: Lv 4.7<\/li>\n<p><!-- \/wp:list-item --> <!-- wp:list-item --><\/p>\n<li>Potrivit\u0103 pentru finisarea cu\u021bitelor \u0219i uneltelor unde nu este necesar\u0103 o precizie ridicat\u0103. Piatra nu este foarte omogen\u0103. Ambele p\u0103r\u021bi sunt preg\u0103tite pentru utilizare. Func\u021bioneaz\u0103 cu lubrifiant.<\/li>\n<p><!-- \/wp:list-item --><\/ul>\n<p><!-- \/wp:list --><\/p>","protected":false},"featured_media":1394,"comment_status":"open","ping_status":"closed","template":"","meta":[],"product_brand":[],"product_cat":[22],"product_tag":[188],"class_list":{"0":"post-1391","1":"product","2":"type-product","3":"status-publish","4":"has-post-thumbnail","6":"product_cat-jnats","7":"product_tag-kiniskas","8":"product_shipping_class-iprastas","10":"first","11":"instock","12":"shipping-taxable","13":"purchasable","14":"product-type-simple"},"_links":{"self":[{"href":"https:\/\/jnats.eu\/ro\/wp-json\/wp\/v2\/product\/1391","targetHints":{"allow":["GET"]}}],"collection":[{"href":"https:\/\/jnats.eu\/ro\/wp-json\/wp\/v2\/product"}],"about":[{"href":"https:\/\/jnats.eu\/ro\/wp-json\/wp\/v2\/types\/product"}],"replies":[{"embeddable":true,"href":"https:\/\/jnats.eu\/ro\/wp-json\/wp\/v2\/comments?post=1391"}],"wp:featuredmedia":[{"embeddable":true,"href":"https:\/\/jnats.eu\/ro\/wp-json\/wp\/v2\/media\/1394"}],"wp:attachment":[{"href":"https:\/\/jnats.eu\/ro\/wp-json\/wp\/v2\/media?parent=1391"}],"wp:term":[{"taxonomy":"product_brand","embeddable":true,"href":"https:\/\/jnats.eu\/ro\/wp-json\/wp\/v2\/product_brand?post=1391"},{"taxonomy":"product_cat","embeddable":true,"href":"https:\/\/jnats.eu\/ro\/wp-json\/wp\/v2\/product_cat?post=1391"},{"taxonomy":"product_tag","embeddable":true,"href":"https:\/\/jnats.eu\/ro\/wp-json\/wp\/v2\/product_tag?post=1391"}],"curies":[{"name":"wp","href":"https:\/\/api.w.org\/{rel}","templated":true}]}}