{"id":1430,"date":"2024-04-12T11:05:44","date_gmt":"2024-04-12T08:05:44","guid":{"rendered":"http:\/\/jnats.eu\/?post_type=product&#038;p=1430"},"modified":"2024-12-12T15:35:55","modified_gmt":"2024-12-12T13:35:55","slug":"okudo-kiita-shohonyama-jnat","status":"publish","type":"product","link":"https:\/\/jnats.eu\/ro\/product-2\/okudo-kiita-shohonyama-jnat\/","title":{"rendered":"Okudo Kiita Shohonyama Jnat"},"content":{"rendered":"<ul class=\"wp-block-list\">\n<li>Potrivit pentru finisarea briciurilor, cu\u021bitelor, foarfecelor, t\u00e2mpl\u0103riei \u0219i a altor unelte.<\/li>\n\n\n\n<li>Dimensiuni: 150x87x27 mm<\/li>\n\n\n\n<li>Greutate: 890 g<\/li>\n\n\n\n<li>Duritate: Lv 4.5<\/li>\n\n\n\n<li>Piatra de epoc\u0103, extras\u0103 la mijlocul secolului trecut, se caracterizeaz\u0103 printr-un ritm sc\u0103zut de lucru \u0219i o bun\u0103 uniformitate. O po\u021bi accelera cu o pil\u0103 de unghii sau o plac\u0103 cu diamante. Shohonyaha poate fi v\u0103zut\u0103 \u00een fundal<\/li>\n\n\n\n<li>V\u0103 recomand\u0103m s\u0103 lucra\u021bi cu ap\u0103 cald\u0103, deoarece apa rece reduce viteza \u0219i r\u0103spunsul.<\/li>\n<\/ul>","protected":false},"excerpt":{"rendered":"<p><!-- wp:list --><\/p>\n<ul><!-- wp:list-item --><\/p>\n<li>Potrivit pentru finisarea briciurilor, cu\u021bitelor, foarfecelor, t\u00e2mpl\u0103riei \u0219i a altor unelte.<\/li>\n<p><!-- \/wp:list-item --><\/p>\n<p><!-- wp:list-item --><\/p>\n<li>Dimensiuni: 150x87x27 mm<\/li>\n<p><!-- \/wp:list-item --><\/p>\n<p><!-- wp:list-item --><\/p>\n<li>Greutate: 890 g<\/li>\n<p><!-- \/wp:list-item --><\/p>\n<p><!-- wp:list-item --><\/p>\n<li>Duritate: Lv 4.5<\/li>\n<p><!-- \/wp:list-item --><\/p>\n<p><!-- wp:list-item --><\/p>\n<li>Piatra de epoc\u0103, extras\u0103 la mijlocul secolului trecut, se caracterizeaz\u0103 printr-un ritm sc\u0103zut de lucru \u0219i o bun\u0103 uniformitate. O po\u021bi accelera cu o pil\u0103 de unghii sau o plac\u0103 cu diamante.<\/li>\n<p><!-- \/wp:list-item --><\/p>\n<p><!-- wp:list-item --><\/p>\n<li>V\u0103 recomand\u0103m s\u0103 lucra\u021bi cu ap\u0103 cald\u0103, deoarece apa rece reduce viteza \u0219i r\u0103spunsul.<\/li>\n<p><!-- \/wp:list-item --><\/ul>\n<p><!-- \/wp:list --><\/p>","protected":false},"featured_media":1432,"comment_status":"open","ping_status":"closed","template":"","meta":[],"product_brand":[],"product_cat":[22],"product_tag":[189,141,142],"class_list":{"0":"post-1430","1":"product","2":"type-product","3":"status-publish","4":"has-post-thumbnail","6":"product_cat-jnats","7":"product_tag-jnat","8":"product_tag-kiita","9":"product_tag-okudo","10":"product_shipping_class-iprastas","12":"first","13":"outofstock","14":"shipping-taxable","15":"purchasable","16":"product-type-simple"},"_links":{"self":[{"href":"https:\/\/jnats.eu\/ro\/wp-json\/wp\/v2\/product\/1430","targetHints":{"allow":["GET"]}}],"collection":[{"href":"https:\/\/jnats.eu\/ro\/wp-json\/wp\/v2\/product"}],"about":[{"href":"https:\/\/jnats.eu\/ro\/wp-json\/wp\/v2\/types\/product"}],"replies":[{"embeddable":true,"href":"https:\/\/jnats.eu\/ro\/wp-json\/wp\/v2\/comments?post=1430"}],"wp:featuredmedia":[{"embeddable":true,"href":"https:\/\/jnats.eu\/ro\/wp-json\/wp\/v2\/media\/1432"}],"wp:attachment":[{"href":"https:\/\/jnats.eu\/ro\/wp-json\/wp\/v2\/media?parent=1430"}],"wp:term":[{"taxonomy":"product_brand","embeddable":true,"href":"https:\/\/jnats.eu\/ro\/wp-json\/wp\/v2\/product_brand?post=1430"},{"taxonomy":"product_cat","embeddable":true,"href":"https:\/\/jnats.eu\/ro\/wp-json\/wp\/v2\/product_cat?post=1430"},{"taxonomy":"product_tag","embeddable":true,"href":"https:\/\/jnats.eu\/ro\/wp-json\/wp\/v2\/product_tag?post=1430"}],"curies":[{"name":"wp","href":"https:\/\/api.w.org\/{rel}","templated":true}]}}