{"id":1470,"date":"2024-04-12T12:00:06","date_gmt":"2024-04-12T09:00:06","guid":{"rendered":"http:\/\/jnats.eu\/?post_type=product&#038;p=1470"},"modified":"2024-11-12T10:34:54","modified_gmt":"2024-11-12T08:34:54","slug":"mizukihara-uchigumori-jnat","status":"publish","type":"product","link":"https:\/\/jnats.eu\/ro\/product-2\/mizukihara-uchigumori-jnat\/","title":{"rendered":"Mizukihara Uchigumori Flori de lotus"},"content":{"rendered":"<p>Aceast\u0103 piatr\u0103 este foarte apreciat\u0103 de persoanele care doresc pietre de lustruit. Destul de moale, dar elibereaz\u0103 pu\u021bin\u0103 suspensie \u0219i \u00ee\u0219i men\u021bine forma suficient de bine. Uchigumori nu sunt cele mai rapide pietre, dar rezultatele de lustruire sunt excep\u021bionale. F\u0103r\u0103 m\u0103rire, nu vor fi vizibile zg\u00e2rieturi evidente pe suprafa\u021ba lamei. O\u021belul \u00eent\u0103rit va str\u0103luci frumos, iar stratul s\u0103u ar trebui s\u0103 se \u00eentunece. \u00cen timp ce uchigumori ar putea s\u0103 nu dezv\u0103luie structura de granula\u021bie fin\u0103 pe care o poate face un Suita mai fin \u0219i mai dur, rezultatele sunt de obicei mai previzibile \u0219i mai u\u0219or de atins. Cu o suprafa\u021b\u0103 complet neted\u0103, acestea ar putea fi folosite pentru pre-finisare aparate de ras sau unelte, dar sunt cele mai potrivite pentru lustruirea unui cu\u021bit de buc\u0103t\u0103rie. De asemenea, pot fi folosite pentru ascu\u021bire \u0219i produc lame agresive.<\/p>\n\n\n\n<p>Piatra este foarte curat\u0103, cu doar c\u00e2teva linii pe fund, care este pu\u021bin probabil s\u0103 provoace probleme. Piatra este gri cu puncte ro\u0219ii numite flori de lotus. Acestea din urm\u0103 se g\u0103sesc \u00een \u00eentreaga piatr\u0103 \u0219i sunt \u00eentr-un model dens cunoscut sub numele de renge. <\/p>\n\n\n\n<p>Suprafa\u021ba de piatr\u0103 este netezit\u0103 \u0219i gata de lucru. <\/p>\n\n\n\n<p>Mina Mizukihara (\u6c34\u6728\u539f), situat\u0103 l\u00e2ng\u0103 Ohira, este bine cunoscut\u0103 ca o alt\u0103 surs\u0103 de uchigumori. Mizukihara este \u00eenc\u0103 folosit cu modera\u021bie \u00een zilele noastre.<\/p>\n\n\n\n<figure class=\"wp-block-embed is-type-video is-provider-youtube wp-block-embed-youtube wp-embed-aspect-16-9 wp-has-aspect-ratio\"><div class=\"wp-block-embed__wrapper\">\n<div class=\"video-container\"><iframe title=\"Mizukihara Uchigumori, Kizuyama, Aiwatani\" width=\"1170\" height=\"658\" src=\"https:\/\/www.youtube.com\/embed\/Uzd6FESK3iY?feature=oembed\" frameborder=\"0\" allow=\"accelerometer; autoplay; clipboard-write; encrypted-media; gyroscope; picture-in-picture; web-share\" referrerpolicy=\"strict-origin-when-cross-origin\" allowfullscreen><\/iframe><\/div>\n<\/div><\/figure>","protected":false},"excerpt":{"rendered":"<ul>\n<li>Este cel mai apreciat pentru finisajul Kasumi pe o lam\u0103 Sanmai (o\u021bel dur acoperit cu un strat mai moale).<\/li>\n<li>Potrivit pentru ascu\u021birea cu\u021bitelor, foarfecelor, t\u00e2mpl\u0103riei \u0219i a altor unelte.<\/li>\n<li>Dimensiuni: 230x85x32 mm<\/li>\n<li>Greutate: 1420 g<\/li>\n<li>Duritate: Lv 3.5<\/li>\n<li>Are o vitez\u0103 de lucru moderat\u0103 \u0219i o bun\u0103 netezime.<\/li>\n<li>V\u0103 recomand\u0103m s\u0103 lucra\u021bi cu ap\u0103 cald\u0103, deoarece apa rece reduce viteza \u0219i r\u0103spunsul.<\/li>\n<\/ul>","protected":false},"featured_media":1471,"comment_status":"open","ping_status":"closed","template":"","meta":[],"product_brand":[],"product_cat":[22],"product_tag":[192,193],"class_list":{"0":"post-1470","1":"product","2":"type-product","3":"status-publish","4":"has-post-thumbnail","6":"product_cat-jnats","7":"product_tag-mizukihara","8":"product_tag-uchigumori","9":"product_shipping_class-iprastas","11":"first","12":"outofstock","13":"shipping-taxable","14":"purchasable","15":"product-type-simple"},"_links":{"self":[{"href":"https:\/\/jnats.eu\/ro\/wp-json\/wp\/v2\/product\/1470","targetHints":{"allow":["GET"]}}],"collection":[{"href":"https:\/\/jnats.eu\/ro\/wp-json\/wp\/v2\/product"}],"about":[{"href":"https:\/\/jnats.eu\/ro\/wp-json\/wp\/v2\/types\/product"}],"replies":[{"embeddable":true,"href":"https:\/\/jnats.eu\/ro\/wp-json\/wp\/v2\/comments?post=1470"}],"wp:featuredmedia":[{"embeddable":true,"href":"https:\/\/jnats.eu\/ro\/wp-json\/wp\/v2\/media\/1471"}],"wp:attachment":[{"href":"https:\/\/jnats.eu\/ro\/wp-json\/wp\/v2\/media?parent=1470"}],"wp:term":[{"taxonomy":"product_brand","embeddable":true,"href":"https:\/\/jnats.eu\/ro\/wp-json\/wp\/v2\/product_brand?post=1470"},{"taxonomy":"product_cat","embeddable":true,"href":"https:\/\/jnats.eu\/ro\/wp-json\/wp\/v2\/product_cat?post=1470"},{"taxonomy":"product_tag","embeddable":true,"href":"https:\/\/jnats.eu\/ro\/wp-json\/wp\/v2\/product_tag?post=1470"}],"curies":[{"name":"wp","href":"https:\/\/api.w.org\/{rel}","templated":true}]}}