{"id":1488,"date":"2025-03-17T15:04:03","date_gmt":"2025-03-17T13:04:03","guid":{"rendered":"http:\/\/jnats.eu\/?post_type=product&#038;p=1488"},"modified":"2025-03-17T15:26:19","modified_gmt":"2025-03-17T13:26:19","slug":"sumi-nagashi-naturalus-japoniskas-akmuo-galandinimui","status":"publish","type":"product","link":"https:\/\/jnats.eu\/ro\/product-2\/sumi-nagashi-naturalus-japoniskas-akmuo-galandinimui\/","title":{"rendered":"Aiwatani Suminagashi Piatr\u0103 de ascu\u021bit japonez\u0103 natural\u0103"},"content":{"rendered":"<p>Aiwatani este o piatr\u0103 de ascu\u021bit natural\u0103 japonez\u0103 de \u00eenalt\u0103 calitate pentru ascu\u021birea profesional\u0103 \u0219i precis\u0103 a cu\u021bitelor, d\u0103l\u021bilor \u0219i a altor unelte. Extras\u0103 din mun\u021bi japonezi autentici, aceast\u0103 piatr\u0103 are o structur\u0103 extrem de fin\u0103 \u0219i granule distribuite uniform, care asigur\u0103 un rezultat de ascu\u021bire perfect.<\/p>\n\n\n\n<h3 class=\"wp-block-heading\">Caracteristici:<\/h3>\n\n\n\n<p>\u2705 <strong>Origine natural\u0103<\/strong> - extras prin metode tradi\u021bionale din minele japoneze.<br>\u2705 <strong>Ascu\u021bire precis\u0103 \u0219i eficient\u0103<\/strong> - asigur\u0103 lamele ascu\u021bite cu \u00eendep\u0103rtarea minim\u0103 a materialului.<br>\u2705 <strong>Durabilitate<\/strong> - dureaz\u0103 mai mult dec\u00e2t pietrele sintetice datorit\u0103 structurii lor dense.<br>\u2705 <strong>Universalitate<\/strong> - potrivit at\u00e2t pentru cu\u021bite, c\u00e2t \u0219i pentru alte unelte de \u00eenalt\u0103 calitate.<\/p>\n\n\n\n<p>Piatra de ascu\u021bit Aiwatani este un instrument indispensabil pentru oricine caut\u0103 precizie de ascu\u021bire \u0219i m\u0103iestrie japonez\u0103 autentic\u0103.<\/p>\n\n\n\n<figure class=\"wp-block-embed is-type-video is-provider-youtube wp-block-embed-youtube wp-embed-aspect-16-9 wp-has-aspect-ratio\"><div class=\"wp-block-embed__wrapper\">\n<div class=\"video-container\"><iframe title=\"Aiwatani Pietre de ascu\u021bit japoneze naturale\" width=\"1170\" height=\"658\" src=\"https:\/\/www.youtube.com\/embed\/7KUe1vRixzw?feature=oembed\" frameborder=\"0\" allow=\"accelerometer; autoplay; clipboard-write; encrypted-media; gyroscope; picture-in-picture; web-share\" referrerpolicy=\"strict-origin-when-cross-origin\" allowfullscreen><\/iframe><\/div>\n<\/div><\/figure>","protected":false},"excerpt":{"rendered":"<p><!-- wp:list --><\/p>\n<ul><!-- wp:list-item --><\/p>\n<li>Potrivit pentru cu\u021bite de finisare, foarfece, t\u00e2mpl\u0103rie \u0219i alte unelte.<\/li>\n<p><!-- \/wp:list-item --><\/p>\n<p><!-- wp:list-item --><\/p>\n<li>Dimensiuni: 211x85x37 mm<\/li>\n<p><!-- \/wp:list-item --><\/p>\n<p><!-- wp:list-item --><\/p>\n<li>Greutate: 1650 g<\/li>\n<p><!-- \/wp:list-item --><\/p>\n<p><!-- wp:list-item --><\/p>\n<li>Duritate: Lv 4.5<\/li>\n<li>Linii sigure<\/li>\n<p><!-- \/wp:list-item --><\/p>\n<p><!-- wp:list-item --><\/p>\n<li>Viteza medie de func\u021bionare. Accelera\u021bia poate fi ob\u021binut\u0103 cu o suspensie cu cuie sau cu o plac\u0103 diamantat\u0103 brut\u0103.<\/li>\n<li>Capac inferior cu lac<\/li>\n<p><!-- \/wp:list-item --><\/p>\n<p><!-- wp:list-item --><\/p>\n<li>V\u0103 recomand\u0103m s\u0103 lucra\u021bi cu ap\u0103 cald\u0103, deoarece apa rece reduce viteza \u0219i r\u0103spunsul.<\/li>\n<p><!-- \/wp:list-item --><\/ul>\n<p><!-- \/wp:list --><\/p>","protected":false},"featured_media":4062,"comment_status":"open","ping_status":"closed","template":"","meta":[],"product_brand":[],"product_cat":[22],"product_tag":[65],"class_list":{"0":"post-1488","1":"product","2":"type-product","3":"status-publish","4":"has-post-thumbnail","6":"product_cat-jnats","7":"product_tag-aiwatani","8":"product_shipping_class-iprastas","10":"first","11":"instock","12":"shipping-taxable","13":"purchasable","14":"product-type-simple"},"_links":{"self":[{"href":"https:\/\/jnats.eu\/ro\/wp-json\/wp\/v2\/product\/1488","targetHints":{"allow":["GET"]}}],"collection":[{"href":"https:\/\/jnats.eu\/ro\/wp-json\/wp\/v2\/product"}],"about":[{"href":"https:\/\/jnats.eu\/ro\/wp-json\/wp\/v2\/types\/product"}],"replies":[{"embeddable":true,"href":"https:\/\/jnats.eu\/ro\/wp-json\/wp\/v2\/comments?post=1488"}],"wp:featuredmedia":[{"embeddable":true,"href":"https:\/\/jnats.eu\/ro\/wp-json\/wp\/v2\/media\/4062"}],"wp:attachment":[{"href":"https:\/\/jnats.eu\/ro\/wp-json\/wp\/v2\/media?parent=1488"}],"wp:term":[{"taxonomy":"product_brand","embeddable":true,"href":"https:\/\/jnats.eu\/ro\/wp-json\/wp\/v2\/product_brand?post=1488"},{"taxonomy":"product_cat","embeddable":true,"href":"https:\/\/jnats.eu\/ro\/wp-json\/wp\/v2\/product_cat?post=1488"},{"taxonomy":"product_tag","embeddable":true,"href":"https:\/\/jnats.eu\/ro\/wp-json\/wp\/v2\/product_tag?post=1488"}],"curies":[{"name":"wp","href":"https:\/\/api.w.org\/{rel}","templated":true}]}}