{"id":152,"date":"2024-02-22T09:41:55","date_gmt":"2024-02-22T07:41:55","guid":{"rendered":"http:\/\/jnats.eu\/?post_type=product&#038;p=152"},"modified":"2024-05-02T23:31:57","modified_gmt":"2024-05-02T20:31:57","slug":"naturalus-japoniskas-akmuo-galandinimui-nakayama-kisuita","status":"publish","type":"product","link":"https:\/\/jnats.eu\/ro\/product-2\/naturalus-japoniskas-akmuo-galandinimui-nakayama-kisuita\/","title":{"rendered":"Piatr\u0103 natural\u0103 de ascu\u021bit japonez\u0103 Nakayama Kisuita"},"content":{"rendered":"<ul class=\"wp-block-list\">\n<li><strong>Duritate: Lv 5<\/strong><\/li>\n\n\n\n<li><strong>Dimensiuni: 176x56x28 mm<\/strong><\/li>\n\n\n\n<li><strong>Greutate (cu suport): 935 g.<\/strong><\/li>\n\n\n\n<li><strong>O piatr\u0103 tare cu o structur\u0103 omogen\u0103. Liniile sunt complet sigure \u0219i nu se simt deloc ascu\u021bite. Sigiliul Asocia\u021biei de Piatr\u0103 Natural\u0103 din Tokyo. Perfect pentru finisarea aparatelor de ras, cutitelor, tamplariei si alte unelte.&nbsp;<\/strong><\/li>\n<\/ul>\n\n\n\n<p>Nakayama este cel mai apreciat munte dintre cei faimo\u0219i pentru pietrele sale naturale de ascu\u021bit. Nakayama Kisuita este o piatr\u0103 japonez\u0103 autentic\u0103, extras\u0103 cu experien\u021b\u0103 pentru a oferi experien\u021b\u0103 de ascu\u021bire de cea mai \u00eenalt\u0103 calitate. Aceast\u0103 piatr\u0103 se remarc\u0103 nu numai prin noble\u021bea sa, ci \u0219i prin naturale\u021bea deosebit\u0103 \u0219i eficien\u021ba puternic\u0103 de ascu\u021bire.<\/p>\n\n\n\n<p>Caracteristici:<\/p>\n\n\n\n<ol class=\"wp-block-list\">\n<li><strong>Surs\u0103 unic\u0103 de origine<\/strong>: Nakayama Kisuita este extras dintr-o regiune montan\u0103 japonez\u0103 care este renumit\u0103 pentru mineralele sale speciale de roc\u0103. Acest dar al naturii ofer\u0103 pietrei particule abrazive \u0219i textur\u0103 speciale, asigur\u00e2nd rezultate de ascu\u021bire de cea mai \u00eenalt\u0103 calitate.<\/li>\n\n\n\n<li><strong>Cereale fine<\/strong>: Piatra are structuri fine, dar abrazive, care v\u0103 permit s\u0103 ascu\u021bi u\u0219or \u0219i precis un cu\u021bit sau o alt\u0103 lam\u0103. Este perfect at\u00e2t pentru buc\u0103tari profesioni\u0219ti, c\u00e2t \u0219i pentru pasiona\u021bii de buc\u0103t\u0103rie de acas\u0103.<\/li>\n\n\n\n<li><strong>Durabilitate \u0219i rezisten\u021b\u0103 la uzur\u0103<\/strong>: Nakayama Kisuita este cunoscut pentru longevitatea sa. Aceast\u0103 piatr\u0103 este rezistent\u0103 la uzur\u0103, deci poate fi folosit\u0103 o perioad\u0103 lung\u0103 de timp, p\u0103str\u00e2ndu-\u0219i perfect claritatea.<\/li>\n\n\n\n<li><strong>Ascutire curata si naturala<\/strong>: Piatra v\u0103 permite s\u0103 ob\u021bine\u021bi o margine de t\u0103iere extrem de ascu\u021bit\u0103, p\u0103str\u00e2nd \u00een acela\u0219i timp structura lamei intact\u0103. Acest lucru v\u0103 permite s\u0103 ob\u021bine\u021bi un rezultat perfect de ascu\u021bire cu un efort minim.<\/li>\n<\/ol>\n\n\n\n<p>Nakayama Kisuita este o piatr\u0103 cu o form\u0103 unic\u0103 \u0219i o calitate excelent\u0103, care va deveni parte integrant\u0103 a ascu\u021birii tale. Este un adev\u0103rat simbol al m\u0103iestriei japoneze, permi\u021b\u00e2ndu-v\u0103 s\u0103 v\u0103 bucura\u021bi de o t\u0103ietur\u0103 ascu\u021bit\u0103 \u0219i precis\u0103 de fiecare dat\u0103 c\u00e2nd folosi\u021bi cu\u021bitul. Cump\u0103ra\u021bi Nakayama Kisuita \u0219i experimenta\u021bi adev\u0103rata art\u0103 a ascu\u021birii japoneze!<\/p>","protected":false},"excerpt":{"rendered":"<ul>\n<li><strong>Duritate: Lv 5<\/strong><\/li>\n<li><strong>Dimensiuni: 176x56x28 mm<\/strong><\/li>\n<li><strong>Greutate (cu suport): 935 g.<\/strong><\/li>\n<li><strong>O piatr\u0103 tare cu o structur\u0103 omogen\u0103. Liniile sunt complet sigure \u0219i nu se simt deloc ascu\u021bite. Sigiliul Asocia\u021biei de Piatr\u0103 Natural\u0103 din Tokyo. Perfect pentru finisarea aparatelor de ras, cutitelor, tamplariei si alte unelte.\u00a0<\/strong><\/li>\n<\/ul>","protected":false},"featured_media":1233,"comment_status":"open","ping_status":"closed","template":"","meta":[],"product_brand":[],"product_cat":[22],"product_tag":[49,50],"class_list":{"0":"post-152","1":"product","2":"type-product","3":"status-publish","4":"has-post-thumbnail","6":"product_cat-jnats","7":"product_tag-nakayama","8":"product_tag-suita","9":"product_shipping_class-iprastas","11":"first","12":"outofstock","13":"sale","14":"shipping-taxable","15":"purchasable","16":"product-type-simple"},"_links":{"self":[{"href":"https:\/\/jnats.eu\/ro\/wp-json\/wp\/v2\/product\/152","targetHints":{"allow":["GET"]}}],"collection":[{"href":"https:\/\/jnats.eu\/ro\/wp-json\/wp\/v2\/product"}],"about":[{"href":"https:\/\/jnats.eu\/ro\/wp-json\/wp\/v2\/types\/product"}],"replies":[{"embeddable":true,"href":"https:\/\/jnats.eu\/ro\/wp-json\/wp\/v2\/comments?post=152"}],"wp:featuredmedia":[{"embeddable":true,"href":"https:\/\/jnats.eu\/ro\/wp-json\/wp\/v2\/media\/1233"}],"wp:attachment":[{"href":"https:\/\/jnats.eu\/ro\/wp-json\/wp\/v2\/media?parent=152"}],"wp:term":[{"taxonomy":"product_brand","embeddable":true,"href":"https:\/\/jnats.eu\/ro\/wp-json\/wp\/v2\/product_brand?post=152"},{"taxonomy":"product_cat","embeddable":true,"href":"https:\/\/jnats.eu\/ro\/wp-json\/wp\/v2\/product_cat?post=152"},{"taxonomy":"product_tag","embeddable":true,"href":"https:\/\/jnats.eu\/ro\/wp-json\/wp\/v2\/product_tag?post=152"}],"curies":[{"name":"wp","href":"https:\/\/api.w.org\/{rel}","templated":true}]}}