{"id":1521,"date":"2025-12-06T15:14:58","date_gmt":"2025-12-06T13:14:58","guid":{"rendered":"http:\/\/jnats.eu\/?post_type=product&#038;p=1521"},"modified":"2026-01-13T09:06:01","modified_gmt":"2026-01-13T07:06:01","slug":"ohira-uchigumori-lotoso-ziedai-jnat","status":"publish","type":"product","link":"https:\/\/jnats.eu\/ro\/product-2\/ohira-uchigumori-lotoso-ziedai-jnat\/","title":{"rendered":"Ohira Uchigumori Flori de lotus Jnat"},"content":{"rendered":"<figure class=\"wp-block-embed is-type-video is-provider-youtube wp-block-embed-youtube wp-embed-aspect-9-16 wp-has-aspect-ratio\"><div class=\"wp-block-embed__wrapper\">\n<div class=\"video-container\"><iframe title=\"Ohira Uchigumori Jnats pentru Kasumi Finish\" width=\"563\" height=\"1000\" src=\"https:\/\/www.youtube.com\/embed\/33wKR1XYyac?feature=oembed\" frameborder=\"0\" allow=\"accelerometer; autoplay; clipboard-write; encrypted-media; gyroscope; picture-in-picture; web-share\" referrerpolicy=\"strict-origin-when-cross-origin\" allowfullscreen><\/iframe><\/div>\n<\/div><\/figure>\n\n\n\n<p>Aceast\u0103 piatr\u0103 este deosebit de apreciat\u0103 de persoanele care folosesc pietre de \u0219lefuit. Este destul de moale, dar produce pu\u021bin\u0103 m\u00e2zg\u0103 \u0219i \u00ee\u0219i p\u0103streaz\u0103 forma destul de bine. Uchigumori nu sunt cele mai rapide pietre, dar rezultatele de lustruire sunt cu adev\u0103rat excep\u021bionale. F\u0103r\u0103 lup\u0103, nu vor fi vizibile zg\u00e2rieturi evidente pe suprafa\u021ba lamei. O\u021belul c\u0103lit va avea un luciu minunat, iar coaja ar trebui s\u0103 se \u00eentunece. \u00cen timp ce uchigumori poate s\u0103 nu dezv\u0103luie structura fin\u0103 a granulelor o\u021belului a\u0219a cum ar face-o un Suita mai fin \u0219i mai dur, rezultatele sunt de obicei mai previzibile \u0219i mai u\u0219or de ob\u021binut. Cu o suprafa\u021b\u0103 complet netezit\u0103, acestea ar putea fi utilizate pentru prefinisarea briciurilor sau a uneltelor, dar sunt mai potrivite pentru lustruirea cu\u021bitelor de buc\u0103t\u0103rie. De asemenea, pot fi utilizate pentru ascu\u021bire \u0219i ofer\u0103 o t\u0103iere destul de agresiv\u0103.<\/p>\n\n\n\n<p>Pietrele sunt destul de curate \u0219i exist\u0103 doar c\u00e2teva linii care nu vor cauza probleme. Piatra este gri cu puncte ro\u0219ii numite flori de lotus. Acestea din urm\u0103 sunt r\u0103sp\u00e2ndite pe toat\u0103 piatra \u0219i formeaz\u0103 un model dens cunoscut sub numele de renge.<\/p>\n\n\n\n<p>Aproape \u00eentreaga suprafa\u021b\u0103 a pietrelor a fost netezit\u0103 \u0219i preg\u0103tit\u0103 pentru lucru.<\/p>","protected":false},"excerpt":{"rendered":"<ol>\n<li>Aproximativ 134x55x35 mm. 795 g\u00a0<\/li>\n<li>187x61x37 mm. 1065 g<\/li>\n<\/ol>\n<ul>\n<li>Ohira Uchigumori este cel mai apreciat pentru finisajul Kasumi de pe lama Sanmai (o\u021bel dur acoperit cu un strat mai moale), eviden\u021biind diferen\u021ba dintre straturile dur \u0219i moale.<\/li>\n<li>Potrivit pentru ascu\u021birea cu\u021bitelor, foarfecelor, t\u00e2mpl\u0103riei \u0219i a altor unelte.<\/li>\n<li>Duritate: Lv 3.5<\/li>\n<li>Are o vitez\u0103 de lucru moderat\u0103 \u0219i o bun\u0103 netezime.<\/li>\n<li>V\u0103 recomand\u0103m s\u0103 lucra\u021bi cu ap\u0103 cald\u0103, deoarece apa rece reduce viteza \u0219i r\u0103spunsul.<\/li>\n<\/ul>","protected":false},"featured_media":5503,"comment_status":"open","ping_status":"closed","template":"","meta":[],"product_brand":[],"product_cat":[22],"product_tag":[47,193],"class_list":{"0":"post-1521","1":"product","2":"type-product","3":"status-publish","4":"has-post-thumbnail","6":"product_cat-jnats","7":"product_tag-ohira","8":"product_tag-uchigumori","9":"product_shipping_class-iprastas","11":"first","12":"outofstock","13":"shipping-taxable","14":"product-type-variable"},"_links":{"self":[{"href":"https:\/\/jnats.eu\/ro\/wp-json\/wp\/v2\/product\/1521","targetHints":{"allow":["GET"]}}],"collection":[{"href":"https:\/\/jnats.eu\/ro\/wp-json\/wp\/v2\/product"}],"about":[{"href":"https:\/\/jnats.eu\/ro\/wp-json\/wp\/v2\/types\/product"}],"replies":[{"embeddable":true,"href":"https:\/\/jnats.eu\/ro\/wp-json\/wp\/v2\/comments?post=1521"}],"wp:featuredmedia":[{"embeddable":true,"href":"https:\/\/jnats.eu\/ro\/wp-json\/wp\/v2\/media\/5503"}],"wp:attachment":[{"href":"https:\/\/jnats.eu\/ro\/wp-json\/wp\/v2\/media?parent=1521"}],"wp:term":[{"taxonomy":"product_brand","embeddable":true,"href":"https:\/\/jnats.eu\/ro\/wp-json\/wp\/v2\/product_brand?post=1521"},{"taxonomy":"product_cat","embeddable":true,"href":"https:\/\/jnats.eu\/ro\/wp-json\/wp\/v2\/product_cat?post=1521"},{"taxonomy":"product_tag","embeddable":true,"href":"https:\/\/jnats.eu\/ro\/wp-json\/wp\/v2\/product_tag?post=1521"}],"curies":[{"name":"wp","href":"https:\/\/api.w.org\/{rel}","templated":true}]}}