{"id":1585,"date":"2024-04-15T13:44:29","date_gmt":"2024-04-15T10:44:29","guid":{"rendered":"http:\/\/jnats.eu\/?post_type=product&#038;p=1585"},"modified":"2025-05-07T08:22:18","modified_gmt":"2025-05-07T05:22:18","slug":"filarmonica-vintaziniai-nauji-ir-naudoti-ispaniski-skustuvai","status":"publish","type":"product","link":"https:\/\/jnats.eu\/ro\/product-2\/filarmonica-vintaziniai-nauji-ir-naudoti-ispaniski-skustuvai\/","title":{"rendered":"Filarmonica Aparate de ras spaniole vintage noi \u0219i folosite"},"content":{"rendered":"<p>Compania a \u00eenceput s\u0103 produc\u0103 lame de ras \u00een 1915 \u00een Matar\u00f3, \u00een provincia Barcelona. Compania este considerat\u0103 unul dintre cei mai buni produc\u0103tori de tac\u00e2muri, cu\u021bite \u0219i bricege. \u00cen urm\u0103 cu aproximativ 25+ de ani, compania \u0219i-a \u00eencetat toate activit\u0103\u021bile \u0219i s-a \u00eenchis.<\/p>\n\n\n\n<p>Calitatea briciurilor Filarmonica este legendar\u0103. Acest aparat de ras de dimensiuni mari are m\u00e2nere originale care sunt perfect conturate.<\/p>\n\n\n\n<p>Origine:Spania<br>Rectificare: Hollow Ground<br>Metal: o\u021bel carbon<br>M\u00e2nere: originale<\/p>\n\n\n\n<p>NOS (New Old Stock) nu este folosit, dar poate prezenta semne de coroziune din cauza depozit\u0103rii \u00eendelungate \u00een depozit. Urm\u0103ri\u021bi cu aten\u021bie videoclipul.<\/p>\n\n\n\n<p>Folosit - folosit<\/p>\n\n\n\n<figure class=\"wp-block-embed is-type-video is-provider-youtube wp-block-embed-youtube wp-embed-aspect-16-9 wp-has-aspect-ratio\"><div class=\"wp-block-embed__wrapper\">\n<div class=\"video-container\"><iframe title=\"Filarmonica Vintage Aparate de ras spaniole noi si folosite\" width=\"1170\" height=\"658\" src=\"https:\/\/www.youtube.com\/embed\/qM8q_vlZuhs?feature=oembed\" frameborder=\"0\" allow=\"accelerometer; autoplay; clipboard-write; encrypted-media; gyroscope; picture-in-picture; web-share\" referrerpolicy=\"strict-origin-when-cross-origin\" allowfullscreen><\/iframe><\/div>\n<\/div><\/figure>","protected":false},"excerpt":{"rendered":"<ol>\n<li>Used Filarmonica 13 Novodur Jose Monserrat Pou Fabricacion Espanola Made in Spain<\/li>\n<li><del>Used Filarmonica 13 Inoxidable Jose Monserrat Pou Fabricacion Espanola Made in Spain<\/del><\/li>\n<li><del>NOS Filarmonica 13 Inoxidable Jose Monserrat Pou Fabricacion Espanola Made in Spain<\/del><\/li>\n<li><del>Used Filarmonica 13 Inoxidable Jose Monserrat Pou Fabricacion Espanola Made in Spain<\/del><\/li>\n<li><del>Filarmonica 13 Double Temple Fabricacion Espanola Made in Spain\u00a0\u00a0<\/del> Extras din<\/li>\n<li>Used Filarmonica 13 Medallen Taurink Fabricacion Espanola Made in Spain half-hollow grind<\/li>\n<li>Filarmonica 14 Jose Monserrat Pou. Pinotul are gropi\u021be<\/li>\n<li><del>Used Filarmonica 13 Sub Cero Jose Monserrat Pou Fabricacion Espanola Made in Spain<\/del><\/li>\n<li>Filarmonica 13 Double Temple Fabricacion Espanola Made in Spain<\/li>\n<li><del>Filarmonica 13T Especial para barbas duras<\/del> Extras din<\/li>\n<\/ol>\n<p>Numerele 1 \u0219i 3 au o l\u0103\u021bime de 20 mm, toate celelalte au aproximativ 19 mm.<\/p>","protected":false},"featured_media":1592,"comment_status":"open","ping_status":"closed","template":"","meta":[],"product_brand":[],"product_cat":[23],"product_tag":[167],"class_list":{"0":"post-1585","1":"product","2":"type-product","3":"status-publish","4":"has-post-thumbnail","6":"product_cat-razors","7":"product_tag-filarmonica","8":"product_shipping_class-light","10":"first","11":"instock","12":"sale","13":"sold-individually","14":"shipping-taxable","15":"purchasable","16":"product-type-variable"},"_links":{"self":[{"href":"https:\/\/jnats.eu\/ro\/wp-json\/wp\/v2\/product\/1585","targetHints":{"allow":["GET"]}}],"collection":[{"href":"https:\/\/jnats.eu\/ro\/wp-json\/wp\/v2\/product"}],"about":[{"href":"https:\/\/jnats.eu\/ro\/wp-json\/wp\/v2\/types\/product"}],"replies":[{"embeddable":true,"href":"https:\/\/jnats.eu\/ro\/wp-json\/wp\/v2\/comments?post=1585"}],"wp:featuredmedia":[{"embeddable":true,"href":"https:\/\/jnats.eu\/ro\/wp-json\/wp\/v2\/media\/1592"}],"wp:attachment":[{"href":"https:\/\/jnats.eu\/ro\/wp-json\/wp\/v2\/media?parent=1585"}],"wp:term":[{"taxonomy":"product_brand","embeddable":true,"href":"https:\/\/jnats.eu\/ro\/wp-json\/wp\/v2\/product_brand?post=1585"},{"taxonomy":"product_cat","embeddable":true,"href":"https:\/\/jnats.eu\/ro\/wp-json\/wp\/v2\/product_cat?post=1585"},{"taxonomy":"product_tag","embeddable":true,"href":"https:\/\/jnats.eu\/ro\/wp-json\/wp\/v2\/product_tag?post=1585"}],"curies":[{"name":"wp","href":"https:\/\/api.w.org\/{rel}","templated":true}]}}