{"id":159,"date":"2024-02-22T09:52:19","date_gmt":"2024-02-22T07:52:19","guid":{"rendered":"http:\/\/jnats.eu\/?post_type=product&#038;p=159"},"modified":"2024-11-12T09:42:38","modified_gmt":"2024-11-12T07:42:38","slug":"nakayama-asagi-kato-kasykla","status":"publish","type":"product","link":"https:\/\/jnats.eu\/ro\/product-2\/nakayama-asagi-kato-kasykla\/","title":{"rendered":"Nakayama Asagi Kato Mine Piatr\u0103 natural\u0103 japonez\u0103 pentru ascu\u021bire"},"content":{"rendered":"<ul class=\"wp-block-list\">\n<li><strong>Duritate: Lv 4,8<\/strong><\/li>\n\n\n\n<li><strong>Dimensiuni: 167x50x37 mm<\/strong><\/li>\n\n\n\n<li><strong>Greutate (cu suport): 1140 g<\/strong><\/li>\n\n\n\n<li><strong>O piatr\u0103 tare cu o structur\u0103 omogen\u0103. Liniile sunt complet sigure \u0219i nu se simt deloc ascu\u021bite. Perfect pentru finisarea cu\u021bitelor, t\u00e2mpl\u0103riei \u0219i alte unelte.&nbsp;<\/strong><\/li>\n<\/ul>\n\n\n\n<p>Mina Kato este renumit\u0103 pentru pietrele sale de calitate superioar\u0103 marcate cu marca Maruka \u32d5. Nakayama Asagi este o piatr\u0103 japonez\u0103 de \u00eenalt\u0103 calitate \u0219i autentic\u0103, creat\u0103 din roci atent selectate, cu propriet\u0103\u021bi speciale de ascu\u021bire \u0219i o textur\u0103 atractiv\u0103. Aceast\u0103 piatr\u0103 este o alegere excelent\u0103 at\u00e2t pentru me\u0219te\u0219ugarii experimenta\u021bi, c\u00e2t \u0219i pentru \u00eencep\u0103torii care doresc s\u0103 ob\u021bin\u0103 rezultate de ascu\u021bire de cea mai \u00eenalt\u0103 calitate.<\/p>\n\n\n\n<p>Nakayama Asagi nu este doar o piatr\u0103, ci o oper\u0103 de art\u0103 care v\u0103 va permite s\u0103 v\u0103 cufunda\u021bi \u00een lumea me\u0219te\u0219ugului japonez. Achizi\u021biona\u021bi aceast\u0103 piatr\u0103 unic\u0103 \u0219i de \u00eenalt\u0103 calitate \u0219i experimenta\u021bi magia ascu\u021bit\u0103 a ascu\u021bitului japonez la fiecare t\u0103ietur\u0103!<\/p>","protected":false},"excerpt":{"rendered":"<ul>\n<li><strong>Duritate: Lv 4,8<\/strong><\/li>\n<li><strong>Dimensiuni: 167x50x37 mm<\/strong><\/li>\n<li><strong>Greutate (cu suport): 1140 g<\/strong><\/li>\n<li><strong>O piatr\u0103 tare cu o structur\u0103 omogen\u0103. Liniile sunt complet sigure \u0219i nu se simt deloc ascu\u021bite. Perfect pentru finisarea cu\u021bitelor, t\u00e2mpl\u0103riei \u0219i alte unelte.\u00a0<\/strong><\/li>\n<\/ul>","protected":false},"featured_media":1228,"comment_status":"open","ping_status":"closed","template":"","meta":[],"product_brand":[],"product_cat":[22],"product_tag":[49],"class_list":{"0":"post-159","1":"product","2":"type-product","3":"status-publish","4":"has-post-thumbnail","6":"product_cat-jnats","7":"product_tag-nakayama","8":"product_shipping_class-iprastas","10":"first","11":"outofstock","12":"shipping-taxable","13":"purchasable","14":"product-type-simple"},"_links":{"self":[{"href":"https:\/\/jnats.eu\/ro\/wp-json\/wp\/v2\/product\/159","targetHints":{"allow":["GET"]}}],"collection":[{"href":"https:\/\/jnats.eu\/ro\/wp-json\/wp\/v2\/product"}],"about":[{"href":"https:\/\/jnats.eu\/ro\/wp-json\/wp\/v2\/types\/product"}],"replies":[{"embeddable":true,"href":"https:\/\/jnats.eu\/ro\/wp-json\/wp\/v2\/comments?post=159"}],"wp:featuredmedia":[{"embeddable":true,"href":"https:\/\/jnats.eu\/ro\/wp-json\/wp\/v2\/media\/1228"}],"wp:attachment":[{"href":"https:\/\/jnats.eu\/ro\/wp-json\/wp\/v2\/media?parent=159"}],"wp:term":[{"taxonomy":"product_brand","embeddable":true,"href":"https:\/\/jnats.eu\/ro\/wp-json\/wp\/v2\/product_brand?post=159"},{"taxonomy":"product_cat","embeddable":true,"href":"https:\/\/jnats.eu\/ro\/wp-json\/wp\/v2\/product_cat?post=159"},{"taxonomy":"product_tag","embeddable":true,"href":"https:\/\/jnats.eu\/ro\/wp-json\/wp\/v2\/product_tag?post=159"}],"curies":[{"name":"wp","href":"https:\/\/api.w.org\/{rel}","templated":true}]}}