{"id":164,"date":"2024-02-22T18:10:31","date_gmt":"2024-02-22T16:10:31","guid":{"rendered":"http:\/\/jnats.eu\/?post_type=product&#038;p=164"},"modified":"2024-08-18T23:33:41","modified_gmt":"2024-08-18T20:33:41","slug":"nakayama-hondomae-asayo","status":"publish","type":"product","link":"https:\/\/jnats.eu\/ro\/product-2\/nakayama-hondomae-asayo\/","title":{"rendered":"Nakayama Hondomae Asayo Piatr\u0103 natural\u0103 de ascu\u021bit japonez\u0103"},"content":{"rendered":"<p>Dimensiunile sunt aproximative. 18,5 x 5,6 x 2,1 cm<\/p>\n\n\n\n<p>Greutate 640 g (cu suport)<\/p>\n\n\n\n<p>Piatra va avea un strat mic de Merganser amestecat cu un strat de Tomae \u0219i Shikitomae. Finisajul este aproape de Hondo-mae, textura este bun\u0103 \u0219i alunec\u0103 bine, f\u0103c\u00e2ndu-l u\u0219or de utilizat. Deoarece este o piatr\u0103 de \u0219lefuit din piatr\u0103 brut\u0103, pre\u021bul este mic av\u00e2nd \u00een vedere calitatea. <\/p>\n\n\n\n<p>Este lipit pe un suport vechi. Aceasta este o piatr\u0103 de ascu\u021bit de \u00eenalt\u0103 calitate, a\u0219a c\u0103 cred c\u0103 va da roade chiar dac\u0103 depune\u021bi pu\u021bin efort. Aceast\u0103 piatr\u0103 de ascu\u021bit este bl\u00e2nd\u0103 cu lamele, a\u0219a c\u0103 poate fi folosit\u0103 pentru finisarea aparatelor de ras, cu\u021bitelor \u0219i dal\u021bilor. \u00cen aceast\u0103 perioad\u0103 a anului, asigura\u021bi-v\u0103 c\u0103 folosi\u021bi ap\u0103 cald\u0103, \u00een jur de 40 de grade Celsius, pentru cele mai bune rezultate. Cred c\u0103 ar fi dificil s\u0103 ob\u021bii cea mai bun\u0103 performan\u021b\u0103 din aceast\u0103 piatr\u0103 de ajit folosind ap\u0103 rece. <\/p>\n\n\n\n<p>Dac\u0103 sunte\u021bi \u00eencep\u0103tor \u0219i c\u0103uta\u021bi pietre de ascu\u021bit de \u00eenalt\u0103 calitate la un pre\u021b mic, v\u0103 recomand\u0103m cu c\u0103ldur\u0103 aceast\u0103 piatr\u0103 de ascu\u021bit.<\/p>","protected":false},"excerpt":{"rendered":"<ul>\n<li><strong>Dimensiuni aprox.: 18,5 x 5,6 x 2,1 cm<\/strong><\/li>\n<li><strong>Greutate: 640 g (cu suport)<\/strong><\/li>\n<li><strong>Duritate: Lv 4.7<\/strong><\/li>\n<\/ul>\n<p>Piatra vintage de cea mai buna calitate din cea mai apreciata mina Nakayama.<\/p>","protected":false},"featured_media":1243,"comment_status":"open","ping_status":"closed","template":"","meta":[],"product_brand":[],"product_cat":[22],"product_tag":[51,49],"class_list":{"0":"post-164","1":"product","2":"type-product","3":"status-publish","4":"has-post-thumbnail","6":"product_cat-jnats","7":"product_tag-hondomae","8":"product_tag-nakayama","9":"product_shipping_class-iprastas","11":"first","12":"outofstock","13":"sale","14":"shipping-taxable","15":"purchasable","16":"product-type-simple"},"_links":{"self":[{"href":"https:\/\/jnats.eu\/ro\/wp-json\/wp\/v2\/product\/164","targetHints":{"allow":["GET"]}}],"collection":[{"href":"https:\/\/jnats.eu\/ro\/wp-json\/wp\/v2\/product"}],"about":[{"href":"https:\/\/jnats.eu\/ro\/wp-json\/wp\/v2\/types\/product"}],"replies":[{"embeddable":true,"href":"https:\/\/jnats.eu\/ro\/wp-json\/wp\/v2\/comments?post=164"}],"wp:featuredmedia":[{"embeddable":true,"href":"https:\/\/jnats.eu\/ro\/wp-json\/wp\/v2\/media\/1243"}],"wp:attachment":[{"href":"https:\/\/jnats.eu\/ro\/wp-json\/wp\/v2\/media?parent=164"}],"wp:term":[{"taxonomy":"product_brand","embeddable":true,"href":"https:\/\/jnats.eu\/ro\/wp-json\/wp\/v2\/product_brand?post=164"},{"taxonomy":"product_cat","embeddable":true,"href":"https:\/\/jnats.eu\/ro\/wp-json\/wp\/v2\/product_cat?post=164"},{"taxonomy":"product_tag","embeddable":true,"href":"https:\/\/jnats.eu\/ro\/wp-json\/wp\/v2\/product_tag?post=164"}],"curies":[{"name":"wp","href":"https:\/\/api.w.org\/{rel}","templated":true}]}}