{"id":1648,"date":"2024-04-16T12:34:16","date_gmt":"2024-04-16T09:34:16","guid":{"rendered":"http:\/\/jnats.eu\/?post_type=product&#038;p=1648"},"modified":"2025-09-25T22:47:52","modified_gmt":"2025-09-25T19:47:52","slug":"kaltas-jakutu-peilis","status":"publish","type":"product","link":"https:\/\/jnats.eu\/ro\/product-2\/kaltas-jakutu-peilis\/","title":{"rendered":"Cu\u021bitul Yakut este de vin\u0103"},"content":{"rendered":"<p>MATERIALE <br>Folosim o\u021bel, piele \u0219i lemn de cea mai \u00eenalt\u0103 calitate pentru fabricarea produselor noastre. De asemenea, nu folosim plastic pentru c\u0103 este d\u0103un\u0103tor pentru mediu. Drept urmare, produsele noastre sunt foarte durabile, fiabile \u0219i v\u0103 vor servi mult timp.<\/p>\n\n\n\n<p> PROCESUL DE PRODUC\u021aIE<br>Ucraina a fost renumit\u0103 de secole pentru forjarea \u0219i c\u0103lirea metalelor, precum \u0219i pentru me\u0219te\u0219ugurile de sculptur\u0103 \u00een lemn. De pe vremea Rusiei Kievene, me\u0219terii no\u0219tri \u0219i-au perfec\u021bionat abilit\u0103\u021bile pentru a produce produse de cea mai \u00eenalt\u0103 calitate. Am selectat o echip\u0103 experimentat\u0103 \u0219i calificat\u0103 de me\u0219teri \u0219i designeri pentru a produce produsele noastre. Toate produsele noastre sunt realizate manual \u0219i autentice, nu sunt fabricate \u00eentr-o fabric\u0103 sau ceva de genul acesta.<\/p>\n\n\n\n<figure class=\"wp-block-embed is-type-video is-provider-youtube wp-block-embed-youtube wp-embed-aspect-16-9 wp-has-aspect-ratio\"><div class=\"wp-block-embed__wrapper\">\n<div class=\"video-container\"><iframe title=\"Cu\u021bit YAKUT forjat\" width=\"1170\" height=\"658\" src=\"https:\/\/www.youtube.com\/embed\/Hht7zvNtczg?feature=oembed\" frameborder=\"0\" allow=\"accelerometer; autoplay; clipboard-write; encrypted-media; gyroscope; picture-in-picture; web-share\" referrerpolicy=\"strict-origin-when-cross-origin\" allowfullscreen><\/iframe><\/div>\n<\/div><\/figure>","protected":false},"excerpt":{"rendered":"<ul>\n<li>Lungime totala: 223 mm.<\/li>\n<li>Lungimea lamei: 110 mm.<\/li>\n<li>Lungimea manerului: 110 mm.<\/li>\n<li>Grosimea lamei: 3,5 mm<\/li>\n<li>Greutate cu\u021bit 99 g<\/li>\n<li>Greutate cu carcasa 170 g<\/li>\n<li>O\u021bel: SX15SG, duritate 59-60 HRC<\/li>\n<li>Material maner: Capa Ash<\/li>\n<li>Fabricat in Ucraina<\/li>\n<li>Carcasa din lemn este acoperit\u0103 cu piele natural\u0103.<\/li>\n<\/ul>","protected":false},"featured_media":1653,"comment_status":"open","ping_status":"closed","template":"","meta":[],"product_brand":[],"product_cat":[24],"product_tag":[210,76],"class_list":{"0":"post-1648","1":"product","2":"type-product","3":"status-publish","4":"has-post-thumbnail","6":"product_cat-knifes","7":"product_tag-jakutas","8":"product_tag-peilis","9":"product_shipping_class-iprastas","11":"first","12":"outofstock","13":"sale","14":"shipping-taxable","15":"purchasable","16":"product-type-simple"},"_links":{"self":[{"href":"https:\/\/jnats.eu\/ro\/wp-json\/wp\/v2\/product\/1648","targetHints":{"allow":["GET"]}}],"collection":[{"href":"https:\/\/jnats.eu\/ro\/wp-json\/wp\/v2\/product"}],"about":[{"href":"https:\/\/jnats.eu\/ro\/wp-json\/wp\/v2\/types\/product"}],"replies":[{"embeddable":true,"href":"https:\/\/jnats.eu\/ro\/wp-json\/wp\/v2\/comments?post=1648"}],"wp:featuredmedia":[{"embeddable":true,"href":"https:\/\/jnats.eu\/ro\/wp-json\/wp\/v2\/media\/1653"}],"wp:attachment":[{"href":"https:\/\/jnats.eu\/ro\/wp-json\/wp\/v2\/media?parent=1648"}],"wp:term":[{"taxonomy":"product_brand","embeddable":true,"href":"https:\/\/jnats.eu\/ro\/wp-json\/wp\/v2\/product_brand?post=1648"},{"taxonomy":"product_cat","embeddable":true,"href":"https:\/\/jnats.eu\/ro\/wp-json\/wp\/v2\/product_cat?post=1648"},{"taxonomy":"product_tag","embeddable":true,"href":"https:\/\/jnats.eu\/ro\/wp-json\/wp\/v2\/product_tag?post=1648"}],"curies":[{"name":"wp","href":"https:\/\/api.w.org\/{rel}","templated":true}]}}