{"id":1654,"date":"2024-04-16T12:58:49","date_gmt":"2024-04-16T09:58:49","guid":{"rendered":"http:\/\/jnats.eu\/?post_type=product&#038;p=1654"},"modified":"2026-02-22T14:16:03","modified_gmt":"2026-02-22T12:16:03","slug":"universalus-peilis-kmet-pancuj-vanax-37-ironwood","status":"publish","type":"product","link":"https:\/\/jnats.eu\/ro\/product-2\/universalus-peilis-kmet-pancuj-vanax-37-ironwood\/","title":{"rendered":"Cu\u021bit universal Kmet Pancuj Vanax 37, lemn de fier"},"content":{"rendered":"<p>Uddeholm Vanax (Suedia) - O\u021bel produs prin nitrurare \u00een faz\u0103 solid\u0103 din pulbere pulverizat\u0103. Con\u021binutul ridicat de azot asigur\u0103 o rezisten\u021b\u0103 ridicat\u0103 la uzur\u0103 a produselor, adesea de c\u00e2teva ori mai mare dec\u00e2t pentru o\u021belurile \"normale\". O\u021belurile VANAX se caracterizeaz\u0103 prin rezisten\u021b\u0103 mecanic\u0103 ridicat\u0103, flexibilitate bun\u0103, rezisten\u021b\u0103 la abraziune \u0219i rezisten\u021b\u0103 extrem de ridicat\u0103 la coroziune. Acest o\u021bel nu este disponibil ca cu\u021bit de serie din cauza necesit\u0103\u021bii de a selecta tratamentul termic potrivit, care necesit\u0103 mult timp, energie, \u00eendem\u00e2nare \u0219i efort.\u00a0<\/p>\n\n\n\n<figure class=\"wp-block-image size-full\"><img decoding=\"async\" width=\"561\" height=\"755\" src=\"http:\/\/jnats.eu\/wp-content\/uploads\/2024\/04\/stainless-ratings-table2-1.webp\" alt=\"\" class=\"wp-image-1852\" srcset=\"https:\/\/jnats.eu\/wp-content\/uploads\/2024\/04\/stainless-ratings-table2-1.webp 561w, https:\/\/jnats.eu\/wp-content\/uploads\/2024\/04\/stainless-ratings-table2-1-223x300.webp 223w, https:\/\/jnats.eu\/wp-content\/uploads\/2024\/04\/stainless-ratings-table2-1-9x12.webp 9w, https:\/\/jnats.eu\/wp-content\/uploads\/2024\/04\/stainless-ratings-table2-1-441x594.webp 441w, https:\/\/jnats.eu\/wp-content\/uploads\/2024\/04\/stainless-ratings-table2-1-150x202.webp 150w\" sizes=\"(max-width: 561px) 100vw, 561px\" \/><\/figure>\n\n\n\n<p>Utiliz\u0103ri tipice ale o\u021belului:<\/p>\n\n\n\n<ul class=\"wp-block-list\">\n<li>Componente de form\u0103 agil\u0103 care necesit\u0103 rezisten\u021b\u0103 ridicat\u0103 la coroziune<\/li>\n\n\n\n<li>Cu\u021bite de m\u00e2n\u0103<\/li>\n\n\n\n<li>Componente \u0219i cu\u021bite pentru industria alimentar\u0103<\/li>\n\n\n\n<li>Piese care func\u021bioneaz\u0103 \u00een medii agresive<\/li>\n\n\n\n<li>Piese de ma\u0219ini puternic solicitate \u00een medii corozive<\/li>\n<\/ul>\n\n\n\n<p><br><strong>Compozi\u021bia chimic\u0103 a o\u021belului Vanax 37<\/strong><\/p>\n\n\n\n<ul class=\"wp-block-list\">\n<li>C (carbon)-0,36% <\/li>\n\n\n\n<li>Mo (molibden)-1,05%<\/li>\n\n\n\n<li>Mn (mangan)-0,34%<\/li>\n\n\n\n<li>V (vanadiu)-3,38%<\/li>\n\n\n\n<li>Cr (crom)-18,00%<\/li>\n\n\n\n<li>Si (siliciu)-0,35%<\/li>\n\n\n\n<li>N (azot)-1,53%<\/li>\n\n\n\n<li>Ni (nichel)-0,18%<\/li>\n\n\n\n<li>P (fosfor) -0,18%<\/li>\n\n\n\n<li>S (sulf) -0,009%<\/li>\n\n\n\n<li>W (tungsten) -0,06%<\/li>\n\n\n\n<li>Co (cobalt) -0,05%<\/li>\n\n\n\n<li>Cu (cupru) -0,09%<\/li>\n\n\n\n<li>Al (aluminiu) -0,0005%<\/li>\n<\/ul>\n\n\n\n<figure class=\"wp-block-embed is-type-video is-provider-youtube wp-block-embed-youtube wp-embed-aspect-16-9 wp-has-aspect-ratio\"><div class=\"wp-block-embed__wrapper\">\n<div class=\"video-container\"><iframe title=\"Cu\u021bit universal Kmet Pancuj Vanax 37, Ironwood\" width=\"1170\" height=\"658\" src=\"https:\/\/www.youtube.com\/embed\/4FYzvMo9BQ8?feature=oembed\" frameborder=\"0\" allow=\"accelerometer; autoplay; clipboard-write; encrypted-media; gyroscope; picture-in-picture; web-share\" referrerpolicy=\"strict-origin-when-cross-origin\" allowfullscreen><\/iframe><\/div>\n<\/div><\/figure>","protected":false},"excerpt":{"rendered":"<ul>\n<li>Lungimea lamei: 130 mm.<\/li>\n<li>L\u0103\u021bimea lamei: 30 mm.<\/li>\n<li>Suprafa\u021ba lamei: sablat\u0103<\/li>\n<li>Grosimea lamei: 3,0 mm<\/li>\n<li>O\u021bel Vanax 37. \u00cent\u0103rit de Alan Balikoev, unul dintre cei mai buni termici\u0219ti din Rusia.\u00a0<\/li>\n<li>Principalul avantaj al acestui o\u021bel este rezisten\u021ba sa extrem de ridicat\u0103 la coroziune, dar majoritatea celorlalte o\u021beluri cu pulbere \u00ee\u0219i p\u0103streaz\u0103 ascu\u021bimea mult mai mult timp.<\/li>\n<li>Duritate: 60 HRC<\/li>\n<li>Pante: drepte<\/li>\n<li>Avantajul lamei: 0,3-0,4 mm<\/li>\n<li>Lungimea m\u00e2nerului: 120 mm<\/li>\n<li>Instalarea m\u00e2nerului: prin<\/li>\n<li>Material m\u00e2ner natural \"lemn de fier\" Lemn de fier. Bogat natural \u00een r\u0103\u0219ini, stabilizarea nu este necesar\u0103 sau chiar posibil\u0103.<\/li>\n<li>Greutate cu cutie: 250 g<\/li>\n<li>Greutate: 163 g<\/li>\n<li>Fabricat \u00een Rusia Kmet<\/li>\n<\/ul>","protected":false},"featured_media":1658,"comment_status":"open","ping_status":"closed","template":"","meta":[],"product_brand":[],"product_cat":[24],"product_tag":[211],"class_list":{"0":"post-1654","1":"product","2":"type-product","3":"status-publish","4":"has-post-thumbnail","6":"product_cat-knifes","7":"product_tag-vanax","8":"product_shipping_class-iprastas","10":"first","11":"outofstock","12":"sale","13":"shipping-taxable","14":"purchasable","15":"product-type-simple"},"_links":{"self":[{"href":"https:\/\/jnats.eu\/ro\/wp-json\/wp\/v2\/product\/1654","targetHints":{"allow":["GET"]}}],"collection":[{"href":"https:\/\/jnats.eu\/ro\/wp-json\/wp\/v2\/product"}],"about":[{"href":"https:\/\/jnats.eu\/ro\/wp-json\/wp\/v2\/types\/product"}],"replies":[{"embeddable":true,"href":"https:\/\/jnats.eu\/ro\/wp-json\/wp\/v2\/comments?post=1654"}],"wp:featuredmedia":[{"embeddable":true,"href":"https:\/\/jnats.eu\/ro\/wp-json\/wp\/v2\/media\/1658"}],"wp:attachment":[{"href":"https:\/\/jnats.eu\/ro\/wp-json\/wp\/v2\/media?parent=1654"}],"wp:term":[{"taxonomy":"product_brand","embeddable":true,"href":"https:\/\/jnats.eu\/ro\/wp-json\/wp\/v2\/product_brand?post=1654"},{"taxonomy":"product_cat","embeddable":true,"href":"https:\/\/jnats.eu\/ro\/wp-json\/wp\/v2\/product_cat?post=1654"},{"taxonomy":"product_tag","embeddable":true,"href":"https:\/\/jnats.eu\/ro\/wp-json\/wp\/v2\/product_tag?post=1654"}],"curies":[{"name":"wp","href":"https:\/\/api.w.org\/{rel}","templated":true}]}}