{"id":1665,"date":"2024-04-16T13:22:53","date_gmt":"2024-04-16T10:22:53","guid":{"rendered":"http:\/\/jnats.eu\/?post_type=product&#038;p=1665"},"modified":"2024-07-24T11:05:08","modified_gmt":"2024-07-24T08:05:08","slug":"medzioklinis-peilis-skineris-cpm110v","status":"publish","type":"product","link":"https:\/\/jnats.eu\/ro\/product-2\/medzioklinis-peilis-skineris-cpm110v\/","title":{"rendered":"Cu\u021bit de v\u00e2n\u0103toare Skineris CPM s110v"},"content":{"rendered":"<figure class=\"wp-block-embed is-type-video is-provider-youtube wp-block-embed-youtube wp-embed-aspect-16-9 wp-has-aspect-ratio\"><div class=\"wp-block-embed__wrapper\">\n<div class=\"video-container\"><iframe title=\"Cu\u021bit de v\u00e2n\u0103toare Skinner CPM110V\" width=\"1170\" height=\"658\" src=\"https:\/\/www.youtube.com\/embed\/ozYnW_Wzp44?feature=oembed\" frameborder=\"0\" allow=\"accelerometer; autoplay; clipboard-write; encrypted-media; gyroscope; picture-in-picture; web-share\" referrerpolicy=\"strict-origin-when-cross-origin\" allowfullscreen><\/iframe><\/div>\n<\/div><\/figure>\n\n\n\n<p>S110V este un o\u021bel foarte interesant datorit\u0103 inova\u021biilor din dezvoltarea sa, inclusiv niobiul pentru a \u00eembun\u0103t\u0103\u021bi structura de carbur\u0103 \u0219i rezisten\u021ba la coroziune \u0219i cobaltul pentru a se asigura c\u0103 poate fi tratat termic \u00een ciuda rezisten\u021bei sale excelente la coroziune. O\u021belul are propriet\u0103\u021bi bune, inclusiv men\u021binerea \u00eendelungat\u0103 a clarit\u0103\u021bii \u0219i rezisten\u021ba la coroziune, precum \u0219i duritatea adecvat\u0103. S110V \u0219i S90V sunt preferatele multor v\u00e2n\u0103tori printre o\u021belurile inoxidabile datorit\u0103 re\u021binerii foarte bune a clarit\u0103\u021bii \u0219i t\u0103ierii agresive.<\/p>\n\n\n\n<figure class=\"wp-block-image size-full is-resized\"><img decoding=\"async\" width=\"752\" height=\"452\" src=\"http:\/\/jnats.eu\/wp-content\/uploads\/2024\/04\/M398-toughness-edge-retention-balance.webp\" alt=\"\" class=\"wp-image-1666\" style=\"width:900px;height:auto\" srcset=\"https:\/\/jnats.eu\/wp-content\/uploads\/2024\/04\/M398-toughness-edge-retention-balance.webp 752w, https:\/\/jnats.eu\/wp-content\/uploads\/2024\/04\/M398-toughness-edge-retention-balance-300x180.webp 300w, https:\/\/jnats.eu\/wp-content\/uploads\/2024\/04\/M398-toughness-edge-retention-balance-18x12.webp 18w, https:\/\/jnats.eu\/wp-content\/uploads\/2024\/04\/M398-toughness-edge-retention-balance-441x265.webp 441w, https:\/\/jnats.eu\/wp-content\/uploads\/2024\/04\/M398-toughness-edge-retention-balance-600x361.webp 600w, https:\/\/jnats.eu\/wp-content\/uploads\/2024\/04\/M398-toughness-edge-retention-balance-150x90.webp 150w\" sizes=\"(max-width: 752px) 100vw, 752px\" \/><\/figure>\n\n\n\n<figure class=\"wp-block-embed is-type-wp-embed is-provider-knife-steel-nerds wp-block-embed-knife-steel-nerds\"><div class=\"wp-block-embed__wrapper\">\n<div class=\"video-container\"><blockquote class=\"wp-embedded-content\" data-secret=\"4V3dJab2Pm\"><a href=\"https:\/\/knifesteelnerds.com\/2020\/11\/23\/cpm-s110v-steel-history-and-properties\/\">CPM-S110V Steel \u2013 Istoric \u0219i propriet\u0103\u021bi<\/a><\/blockquote><iframe class=\"wp-embedded-content\" sandbox=\"allow-scripts\" security=\"restricted\" style=\"position: absolute; clip: rect(1px, 1px, 1px, 1px);\" title=\"\u201eCPM-S110V Steel \u2013 Istorie \u0219i propriet\u0103\u021bi\u201d \u2014 Knife Steel Nerds\" src=\"https:\/\/knifesteelnerds.com\/2020\/11\/23\/cpm-s110v-steel-history-and-properties\/embed\/#?secret=vHuqxkcbBg#?secret=4V3dJab2Pm\" data-secret=\"4V3dJab2Pm\" width=\"600\" height=\"338\" frameborder=\"0\" marginwidth=\"0\" marginheight=\"0\" scrolling=\"no\"><\/iframe><\/div>\n<\/div><\/figure>","protected":false},"excerpt":{"rendered":"<ul>\n<li>Lungimea lamei: 122 mm.<\/li>\n<li>Latimea lamei: 31 mm.<\/li>\n<li>Suprafa\u021ba lamei: lustruit\u0103<\/li>\n<li>Grosimea lamei (otel): 3,6 mm.<\/li>\n<li>Etajul: drept<\/li>\n<li>Alinierea lamei: 0,3-0,4 mm.<\/li>\n<li>Lungimea manerului: 125 mm. Inaltime 32 mm. Grosime 18 mm (mai \u00eengust\u0103 dec\u00e2t \u201estandard\u201d)<\/li>\n<li>Instalare m\u00e2ner: plantat<\/li>\n<li>Material maner: dinte de mamut, nuc caucazian stabilizat.<\/li>\n<li>O\u021bel: CPM s110v. Duritate: 63 HRC. \u00cent\u0103rit de unul dintre cei mai buni termi\u0219ti din Rusia, Alan Balikoev. Nu exist\u0103 cu\u021bite \u00een serie fabricate din acest o\u021bel, deoarece este dificil de prelucrat \u0219i necesit\u0103 un tratament termic adecvat, care necesit\u0103 mult timp, energie, \u00eendem\u00e2nare \u0219i efort.\u00a0\u00a0<\/li>\n<li>Cel mai important avantaj al acestui o\u021bel este p\u0103strarea extrem de bun\u0103 a clarit\u0103\u021bii \u0219i rezisten\u021ba la coroziune.<\/li>\n<li>Greutate cu cutie: 250 g<\/li>\n<li>Greutate: 139 g<\/li>\n<li>Husa din piele naturala<\/li>\n<li>Fabricat \u00een Rusia, maestru: Yakov Shishkin<\/li>\n<\/ul>","protected":false},"featured_media":1672,"comment_status":"open","ping_status":"closed","template":"","meta":[],"product_brand":[],"product_cat":[24],"product_tag":[212,75,213],"class_list":{"0":"post-1665","1":"product","2":"type-product","3":"status-publish","4":"has-post-thumbnail","6":"product_cat-knifes","7":"product_tag-cpm110v","8":"product_tag-medzioklinis-peilis","9":"product_tag-skineris","10":"product_shipping_class-iprastas","12":"first","13":"outofstock","14":"sale","15":"shipping-taxable","16":"purchasable","17":"product-type-simple"},"_links":{"self":[{"href":"https:\/\/jnats.eu\/ro\/wp-json\/wp\/v2\/product\/1665","targetHints":{"allow":["GET"]}}],"collection":[{"href":"https:\/\/jnats.eu\/ro\/wp-json\/wp\/v2\/product"}],"about":[{"href":"https:\/\/jnats.eu\/ro\/wp-json\/wp\/v2\/types\/product"}],"replies":[{"embeddable":true,"href":"https:\/\/jnats.eu\/ro\/wp-json\/wp\/v2\/comments?post=1665"}],"wp:featuredmedia":[{"embeddable":true,"href":"https:\/\/jnats.eu\/ro\/wp-json\/wp\/v2\/media\/1672"}],"wp:attachment":[{"href":"https:\/\/jnats.eu\/ro\/wp-json\/wp\/v2\/media?parent=1665"}],"wp:term":[{"taxonomy":"product_brand","embeddable":true,"href":"https:\/\/jnats.eu\/ro\/wp-json\/wp\/v2\/product_brand?post=1665"},{"taxonomy":"product_cat","embeddable":true,"href":"https:\/\/jnats.eu\/ro\/wp-json\/wp\/v2\/product_cat?post=1665"},{"taxonomy":"product_tag","embeddable":true,"href":"https:\/\/jnats.eu\/ro\/wp-json\/wp\/v2\/product_tag?post=1665"}],"curies":[{"name":"wp","href":"https:\/\/api.w.org\/{rel}","templated":true}]}}