{"id":1697,"date":"2024-04-17T08:43:17","date_gmt":"2024-04-17T05:43:17","guid":{"rendered":"http:\/\/jnats.eu\/?post_type=product&#038;p=1697"},"modified":"2024-04-20T20:25:47","modified_gmt":"2024-04-20T17:25:47","slug":"medzioklinis-peilis-kmet-klyk-bohler-s390","status":"publish","type":"product","link":"https:\/\/jnats.eu\/ro\/product-2\/medzioklinis-peilis-kmet-klyk-bohler-s390\/","title":{"rendered":"Cu\u021bit de v\u00e2n\u0103toare Kmet Klyk Bohler S390"},"content":{"rendered":"<figure class=\"wp-block-embed is-type-video is-provider-youtube wp-block-embed-youtube wp-embed-aspect-16-9 wp-has-aspect-ratio\"><div class=\"wp-block-embed__wrapper\">\n<div class=\"video-container\"><iframe title=\"Cu\u021bit de v\u00e2n\u0103toare Kmet Klyk Bohler S390\" width=\"1170\" height=\"658\" src=\"https:\/\/www.youtube.com\/embed\/QKNgcgKUPKQ?feature=oembed\" frameborder=\"0\" allow=\"accelerometer; autoplay; clipboard-write; encrypted-media; gyroscope; picture-in-picture; web-share\" referrerpolicy=\"strict-origin-when-cross-origin\" allowfullscreen><\/iframe><\/div>\n<\/div><\/figure>\n\n\n\n<p>BOHLER S390 MICROCLEAN este un o\u021bel pulbere de mare vitez\u0103 produs prin metode de metalurgie a pulberilor, caracterizat printr-o bun\u0103 lucrabilitate, rezisten\u021b\u0103 la uzur\u0103 \u0219i rezisten\u021b\u0103 la compresiune. Tehnologia metalurgiei pulberilor ofer\u0103, de asemenea, materialului o duritate \u0219i o prelucrabilitate excelente, cum ar fi \u0219lefuirea u\u0219oar\u0103. BOHLER S390 este utilizat la producerea de: freze profilate, plite, toate tipurile de nuci, robineti, burghie elicoidale, lurkers, suruburi, lame de fierastrau bimetalice.<\/p>\n\n\n\n<p><strong>Compozi\u021bia chimic\u0103 a o\u021belului BOHLER S390<\/strong><\/p>\n\n\n\n<p>C (carbon) \u2013 1,60 % Mo (molibden) \u2013 2,00 % Co (cobalt) \u2013 8,00 %<br>Cr (crom)-4,80% W (tungsten)-10,50% V (vanadiu)-5,00%<\/p>","protected":false},"excerpt":{"rendered":"<p><!-- wp:list --><\/p>\n<ul><!-- wp:list-item --><\/p>\n<li>Lungimea lamei: 120 mm.<\/li>\n<p><!-- \/wp:list-item --> <!-- wp:list-item --><\/p>\n<li>Latimea lamei: 28 mm.<\/li>\n<p><!-- \/wp:list-item --> <!-- wp:list-item --><\/p>\n<li>Suprafa\u021ba lamei: crom sablat<\/li>\n<p><!-- \/wp:list-item --> <!-- wp:list-item --><\/p>\n<li>Grosimea lamei: 3,0 mm<\/li>\n<p><!-- \/wp:list-item --> <!-- wp:list-item --><\/p>\n<li>O\u021bel BOHLER S390 MICROCLEAN. Una dintre cele mai grele din toate punctele de vedere: \u021bine perfect lama \u0219i v\u0103 permite s\u0103 ob\u021bine\u021bi o ascu\u021bire maxim\u0103. Poate singurul dezavantaj este rezisten\u021ba sc\u0103zut\u0103 la coroziune, dar \u00een acest cu\u021bit aceast\u0103 problem\u0103 este rezolvat\u0103 prin acoperirea lamei cu crom. Desigur, lama nu este la fel de protejat\u0103, a\u0219a c\u0103 nu recomand\u0103m s\u0103 l\u0103sa\u021bi cu\u021bitul ud.<\/li>\n<p><!-- \/wp:list-item --> <!-- wp:list-item --><\/p>\n<li><strong>Duritate: 68 HRC!<\/strong><\/li>\n<p><!-- \/wp:list-item --> <!-- wp:list-item --><\/p>\n<li>Pante: drepte<\/li>\n<p><!-- \/wp:list-item --> <!-- wp:list-item --><\/p>\n<li>Alinierea lamei: 0,3-0,4 mm.<\/li>\n<p><!-- \/wp:list-item --> <!-- wp:list-item --><\/p>\n<li>Lungimea manerului: 120 mm.<\/li>\n<p><!-- \/wp:list-item --> <!-- wp:list-item --><\/p>\n<li>Instalarea m\u00e2nerului: prin<\/li>\n<p><!-- \/wp:list-item --> <!-- wp:list-item --><\/p>\n<li>Material maner: mesteacan Karelian stabilizat.<\/li>\n<p><!-- \/wp:list-item --> <!-- wp:list-item --><\/p>\n<li>Greutate cu carcasa: 272 g<\/li>\n<p><!-- \/wp:list-item --> <!-- wp:list-item --><\/p>\n<li>Greutate: 185 g<\/li>\n<p><!-- \/wp:list-item --> <!-- wp:list-item --><\/p>\n<li>Husa din piele naturala<\/li>\n<p><!-- \/wp:list-item --> <!-- wp:list-item --><\/p>\n<li>Fabricat \u00een Rusia Kmet<\/li>\n<p><!-- \/wp:list-item --><\/ul>\n<p><!-- \/wp:list --><\/p>","protected":false},"featured_media":1698,"comment_status":"open","ping_status":"closed","template":"","meta":[],"product_brand":[],"product_cat":[24],"product_tag":[215,216],"class_list":{"0":"post-1697","1":"product","2":"type-product","3":"status-publish","4":"has-post-thumbnail","6":"product_cat-knifes","7":"product_tag-kmet","8":"product_tag-s390","9":"product_shipping_class-iprastas","11":"first","12":"outofstock","13":"shipping-taxable","14":"purchasable","15":"product-type-simple"},"_links":{"self":[{"href":"https:\/\/jnats.eu\/ro\/wp-json\/wp\/v2\/product\/1697","targetHints":{"allow":["GET"]}}],"collection":[{"href":"https:\/\/jnats.eu\/ro\/wp-json\/wp\/v2\/product"}],"about":[{"href":"https:\/\/jnats.eu\/ro\/wp-json\/wp\/v2\/types\/product"}],"replies":[{"embeddable":true,"href":"https:\/\/jnats.eu\/ro\/wp-json\/wp\/v2\/comments?post=1697"}],"wp:featuredmedia":[{"embeddable":true,"href":"https:\/\/jnats.eu\/ro\/wp-json\/wp\/v2\/media\/1698"}],"wp:attachment":[{"href":"https:\/\/jnats.eu\/ro\/wp-json\/wp\/v2\/media?parent=1697"}],"wp:term":[{"taxonomy":"product_brand","embeddable":true,"href":"https:\/\/jnats.eu\/ro\/wp-json\/wp\/v2\/product_brand?post=1697"},{"taxonomy":"product_cat","embeddable":true,"href":"https:\/\/jnats.eu\/ro\/wp-json\/wp\/v2\/product_cat?post=1697"},{"taxonomy":"product_tag","embeddable":true,"href":"https:\/\/jnats.eu\/ro\/wp-json\/wp\/v2\/product_tag?post=1697"}],"curies":[{"name":"wp","href":"https:\/\/api.w.org\/{rel}","templated":true}]}}