{"id":170,"date":"2024-02-22T18:22:46","date_gmt":"2024-02-22T16:22:46","guid":{"rendered":"http:\/\/jnats.eu\/?post_type=product&#038;p=170"},"modified":"2025-01-21T22:07:56","modified_gmt":"2025-01-21T20:07:56","slug":"vintazinis-norton-oilstone-mb-8","status":"publish","type":"product","link":"https:\/\/jnats.eu\/ro\/product-2\/vintazinis-norton-oilstone-mb-8\/","title":{"rendered":"Vintage Norton Medium Oilstone MB-8"},"content":{"rendered":"<p>Vintage Norton Oilstone MB-8. Saturat cu unsoare, complet nefolosit, fabricat in SUA. Cele moderne sunt fabricate \u00een Mexic. Se lucreaz\u0103 cu gr\u0103sime. O piatra tare care isi pastreaza foarte bine forma si functioneaza rapid, granulatie 320.<\/p>\n\n\n\n<p>Dimensiuni: 8x2x1 inci<\/p>\n\n\n\n<figure class=\"wp-block-embed is-type-video is-provider-youtube wp-block-embed-youtube wp-embed-aspect-16-9 wp-has-aspect-ratio\"><div class=\"wp-block-embed__wrapper\">\n<div class=\"video-container\"><iframe title=\"Pietre de copt vintage Norton India Medium \u0219i Jnat Natsuya\" width=\"1170\" height=\"658\" src=\"https:\/\/www.youtube.com\/embed\/BdLMRBCWreg?feature=oembed\" frameborder=\"0\" allow=\"accelerometer; autoplay; clipboard-write; encrypted-media; gyroscope; picture-in-picture; web-share\" referrerpolicy=\"strict-origin-when-cross-origin\" allowfullscreen><\/iframe><\/div>\n<\/div><\/figure>","protected":false},"excerpt":{"rendered":"<ul>\n<li>O piatr\u0103 tare care \u00ee\u0219i p\u0103streaz\u0103 foarte bine forma \u0219i func\u021bioneaz\u0103 rapid<\/li>\n<li>Granula\u021bie medie 320<\/li>\n<li>Dimensiuni: 8x2x1 inci<\/li>\n<\/ul>","protected":false},"featured_media":173,"comment_status":"open","ping_status":"closed","template":"","meta":[],"product_brand":[],"product_cat":[290],"product_tag":[52,53],"class_list":{"0":"post-170","1":"product","2":"type-product","3":"status-publish","4":"has-post-thumbnail","6":"product_cat-whetstones","7":"product_tag-norton","8":"product_tag-oilstone","9":"product_shipping_class-iprastas","11":"first","12":"outofstock","13":"sale","14":"shipping-taxable","15":"purchasable","16":"product-type-simple"},"_links":{"self":[{"href":"https:\/\/jnats.eu\/ro\/wp-json\/wp\/v2\/product\/170","targetHints":{"allow":["GET"]}}],"collection":[{"href":"https:\/\/jnats.eu\/ro\/wp-json\/wp\/v2\/product"}],"about":[{"href":"https:\/\/jnats.eu\/ro\/wp-json\/wp\/v2\/types\/product"}],"replies":[{"embeddable":true,"href":"https:\/\/jnats.eu\/ro\/wp-json\/wp\/v2\/comments?post=170"}],"wp:featuredmedia":[{"embeddable":true,"href":"https:\/\/jnats.eu\/ro\/wp-json\/wp\/v2\/media\/173"}],"wp:attachment":[{"href":"https:\/\/jnats.eu\/ro\/wp-json\/wp\/v2\/media?parent=170"}],"wp:term":[{"taxonomy":"product_brand","embeddable":true,"href":"https:\/\/jnats.eu\/ro\/wp-json\/wp\/v2\/product_brand?post=170"},{"taxonomy":"product_cat","embeddable":true,"href":"https:\/\/jnats.eu\/ro\/wp-json\/wp\/v2\/product_cat?post=170"},{"taxonomy":"product_tag","embeddable":true,"href":"https:\/\/jnats.eu\/ro\/wp-json\/wp\/v2\/product_tag?post=170"}],"curies":[{"name":"wp","href":"https:\/\/api.w.org\/{rel}","templated":true}]}}