{"id":1719,"date":"2024-04-18T09:52:30","date_gmt":"2024-04-18T06:52:30","guid":{"rendered":"http:\/\/jnats.eu\/?post_type=product&#038;p=1719"},"modified":"2025-12-10T14:29:40","modified_gmt":"2025-12-10T12:29:40","slug":"shobu-karasu","status":"publish","type":"product","link":"https:\/\/jnats.eu\/ro\/product-2\/shobu-karasu\/","title":{"rendered":"Shobu Karasu Suite"},"content":{"rendered":"<p>Aceast\u0103 piatr\u0103 este u\u0219or de utilizat \u0219i este ideal\u0103 pentru finisarea briciurilor, lustruire \u0219i ascu\u021birea cu\u021bitelor de buc\u0103t\u0103rie. Este rapid\u0103 \u0219i va l\u0103sa o linie kasumi contrastant\u0103. Suprafa\u021ba sa mare o face ideal\u0103 pentru ascu\u021bire \u0219i lustruire.<\/p>\n\n\n\n<p>Aceast\u0103 piatr\u0103 este gri \u00eenchis \u0219i deschis, cu multe pete carstice.<\/p>\n\n\n\n<p><strong>Shobu (\u83d6\u84b2\u8c37, Shobudani, Shoubu)<\/strong><br>Mina din est, foarte apreciat\u0103 pentru calitatea pietrelor sale de ascu\u021bit. De\u0219i aceast\u0103 min\u0103 nu este la fel de apreciat\u0103 ca Ohira sau Nakayama \u00een Occident, pietrele din aceast\u0103 min\u0103 sunt \u00een general de foarte bun\u0103 calitate. Pre\u021burile cu ridicata pentru Shoubu sunt printre cele mai \u00een cre\u0219tere dintre toate pietrele.<\/p>\n\n\n\n<figure class=\"wp-block-embed is-type-video is-provider-youtube wp-block-embed-youtube wp-embed-aspect-16-9 wp-has-aspect-ratio\"><div class=\"wp-block-embed__wrapper\">\n<div class=\"video-container\"><iframe title=\"Nakayama \u0219i Shobudani Karasu\" width=\"1170\" height=\"658\" src=\"https:\/\/www.youtube.com\/embed\/lYPMCssaMn0?feature=oembed\" frameborder=\"0\" allow=\"accelerometer; autoplay; clipboard-write; encrypted-media; gyroscope; picture-in-picture; web-share\" referrerpolicy=\"strict-origin-when-cross-origin\" allowfullscreen><\/iframe><\/div>\n<\/div><\/figure>","protected":false},"excerpt":{"rendered":"<ul>\n<li>Potrivit pentru finisarea briciurilor, cu\u021bitelor, foarfecelor, t\u00e2mpl\u0103riei \u0219i a altor unelte.<\/li>\n<li>Dimensiuni: 220x93x35 mm<\/li>\n<li>Greutate: 1550 g<\/li>\n<li>Duritate: Lv 5<\/li>\n<li>Suprafa\u021b\u0103 gata de lucru f\u0103r\u0103 defecte<\/li>\n<li>V\u0103 recomand\u0103m s\u0103 lucra\u021bi cu ap\u0103 cald\u0103, deoarece apa rece reduce viteza \u0219i r\u0103spunsul.<\/li>\n<\/ul>","protected":false},"featured_media":1721,"comment_status":"open","ping_status":"closed","template":"","meta":[],"product_brand":[],"product_cat":[22],"product_tag":[57,219,44,218,50],"class_list":{"0":"post-1719","1":"product","2":"type-product","3":"status-publish","4":"has-post-thumbnail","6":"product_cat-jnats","7":"product_tag-karasu","8":"product_tag-shobu","9":"product_tag-shobudani","10":"product_tag-shoubu","11":"product_tag-suita","12":"product_shipping_class-iprastas","14":"first","15":"outofstock","16":"sale","17":"shipping-taxable","18":"purchasable","19":"product-type-simple"},"_links":{"self":[{"href":"https:\/\/jnats.eu\/ro\/wp-json\/wp\/v2\/product\/1719","targetHints":{"allow":["GET"]}}],"collection":[{"href":"https:\/\/jnats.eu\/ro\/wp-json\/wp\/v2\/product"}],"about":[{"href":"https:\/\/jnats.eu\/ro\/wp-json\/wp\/v2\/types\/product"}],"replies":[{"embeddable":true,"href":"https:\/\/jnats.eu\/ro\/wp-json\/wp\/v2\/comments?post=1719"}],"wp:featuredmedia":[{"embeddable":true,"href":"https:\/\/jnats.eu\/ro\/wp-json\/wp\/v2\/media\/1721"}],"wp:attachment":[{"href":"https:\/\/jnats.eu\/ro\/wp-json\/wp\/v2\/media?parent=1719"}],"wp:term":[{"taxonomy":"product_brand","embeddable":true,"href":"https:\/\/jnats.eu\/ro\/wp-json\/wp\/v2\/product_brand?post=1719"},{"taxonomy":"product_cat","embeddable":true,"href":"https:\/\/jnats.eu\/ro\/wp-json\/wp\/v2\/product_cat?post=1719"},{"taxonomy":"product_tag","embeddable":true,"href":"https:\/\/jnats.eu\/ro\/wp-json\/wp\/v2\/product_tag?post=1719"}],"curies":[{"name":"wp","href":"https:\/\/api.w.org\/{rel}","templated":true}]}}