{"id":174,"date":"2024-02-23T13:40:14","date_gmt":"2024-02-23T11:40:14","guid":{"rendered":"http:\/\/jnats.eu\/?post_type=product&#038;p=174"},"modified":"2026-03-07T15:13:53","modified_gmt":"2026-03-07T13:13:53","slug":"nos-vintaziniai-skustuvai-thier-issard","status":"publish","type":"product","link":"https:\/\/jnats.eu\/ro\/product-2\/nos-vintaziniai-skustuvai-thier-issard\/","title":{"rendered":"NOS Aparate de ras de epoc\u0103 Thiers Issard 69"},"content":{"rendered":"<p>Aparatele de ras vintage Thiers Issard sunt un simbol al stilului atemporal \u0219i al calit\u0103\u021bii \u00eenalte. Create de artizani francezi care pre\u021buiesc cea mai \u00eenalt\u0103 m\u0103iestrie \u0219i tradi\u021bie, aceste aparate de ras unice garanteaz\u0103 nu numai un b\u0103rbierit perfect, ci \u0219i un design excep\u021bional.<\/p>\n\n\n\n<p>Aparatele de ras sunt fabricate din o\u021bel de \u00eenalt\u0103 calitate, care asigur\u0103 o durat\u0103 lung\u0103 de via\u021b\u0103 \u0219i o ascu\u021bime excelent\u0103 a lamei. M\u00e2nerele lor, realizate din polimer de \u00eenalt\u0103 calitate, nu numai c\u0103 sunt confortabile \u00een m\u00e2n\u0103, dar reflect\u0103 \u0219i luxul \u0219i elegan\u021ba.<\/p>\n\n\n\n<p>Aparatele de ras vintage Thiers Issard sunt alegerea perfect\u0103 at\u00e2t pentru pasiona\u021bii de aparate de ras cu experien\u021b\u0103, c\u00e2t \u0219i pentru cei care apreciaz\u0103 stilul clasic. Fiecare aparat de ras are o gravur\u0103 unic\u0103 sau un design distinctiv al m\u00e2nerului care eviden\u021biaz\u0103 luxul \u0219i personalitatea.<\/p>\n\n\n\n<p>Aceste aparate de ras nu numai c\u0103 v\u0103 ofer\u0103 un b\u0103rbierit impecabil, dar reprezint\u0103 \u0219i un plus de stil pentru rutina dumneavoastr\u0103 de igien\u0103 personal\u0103. Mai mult dec\u00e2t un simplu instrument, aparatele de ras vintage Thiers Issard sunt o art\u0103 care v\u0103 va \u00eembog\u0103\u021bi via\u021ba de zi cu zi cu o atingere francez\u0103 clasic\u0103.<\/p>\n\n\n\n<figure class=\"wp-block-embed is-type-video is-provider-youtube wp-block-embed-youtube wp-embed-aspect-16-9 wp-has-aspect-ratio\"><div class=\"wp-block-embed__wrapper\">\n<div class=\"video-container\"><iframe title=\"NOS Vintage Straight Razors Thiers Issard 69\" width=\"1170\" height=\"658\" src=\"https:\/\/www.youtube.com\/embed\/ku67DxuOxHI?feature=oembed\" frameborder=\"0\" allow=\"accelerometer; autoplay; clipboard-write; encrypted-media; gyroscope; picture-in-picture; web-share\" referrerpolicy=\"strict-origin-when-cross-origin\" allowfullscreen><\/iframe><\/div>\n<\/div><\/figure>","protected":false},"excerpt":{"rendered":"<p>NOS (New old stock) Aparate de ras Thiers Issard 69 \u0219i alte aparate de ras de epoc\u0103 nefolosite, cu cutii din piele artificial\u0103. Renumit pentru b\u0103rbieritul s\u0103u moale \u0219i superioritatea general\u0103 fa\u021b\u0103 de omologii s\u0103i moderni. Lamele prezint\u0103 semne de coroziune pe spate, dar toate lamele sunt complet intacte, astfel \u00eenc\u00e2t ascu\u021birea \u0219i utilizarea nu vor fi o problem\u0103. Mecanica \u0219i geometria sunt impecabile. V\u0103 rug\u0103m s\u0103 privi\u021bi cu aten\u021bie fotografiile \u0219i clipurile video \u0219i s\u0103 alege\u021bi op\u021biunea preferat\u0103 din cele 14 disponibile.<\/p>\n<p>Dac\u0103 nu vede\u021bi un articol listat, \u00eenseamn\u0103 c\u0103 este v\u00e2ndut.<\/p>","protected":false},"featured_media":175,"comment_status":"open","ping_status":"closed","template":"","meta":[],"product_brand":[],"product_cat":[23],"product_tag":[55,160,54],"class_list":{"0":"post-174","1":"product","2":"type-product","3":"status-publish","4":"has-post-thumbnail","6":"product_cat-razors","7":"product_tag-nos","8":"product_tag-skustuvai","9":"product_tag-thier-issard","10":"product_shipping_class-light","12":"first","13":"instock","14":"sale","15":"sold-individually","16":"shipping-taxable","17":"purchasable","18":"product-type-variable"},"_links":{"self":[{"href":"https:\/\/jnats.eu\/ro\/wp-json\/wp\/v2\/product\/174","targetHints":{"allow":["GET"]}}],"collection":[{"href":"https:\/\/jnats.eu\/ro\/wp-json\/wp\/v2\/product"}],"about":[{"href":"https:\/\/jnats.eu\/ro\/wp-json\/wp\/v2\/types\/product"}],"replies":[{"embeddable":true,"href":"https:\/\/jnats.eu\/ro\/wp-json\/wp\/v2\/comments?post=174"}],"wp:featuredmedia":[{"embeddable":true,"href":"https:\/\/jnats.eu\/ro\/wp-json\/wp\/v2\/media\/175"}],"wp:attachment":[{"href":"https:\/\/jnats.eu\/ro\/wp-json\/wp\/v2\/media?parent=174"}],"wp:term":[{"taxonomy":"product_brand","embeddable":true,"href":"https:\/\/jnats.eu\/ro\/wp-json\/wp\/v2\/product_brand?post=174"},{"taxonomy":"product_cat","embeddable":true,"href":"https:\/\/jnats.eu\/ro\/wp-json\/wp\/v2\/product_cat?post=174"},{"taxonomy":"product_tag","embeddable":true,"href":"https:\/\/jnats.eu\/ro\/wp-json\/wp\/v2\/product_tag?post=174"}],"curies":[{"name":"wp","href":"https:\/\/api.w.org\/{rel}","templated":true}]}}