{"id":1777,"date":"2024-04-18T16:02:45","date_gmt":"2024-04-18T13:02:45","guid":{"rendered":"http:\/\/jnats.eu\/?post_type=product&#038;p=1777"},"modified":"2024-06-29T15:55:34","modified_gmt":"2024-06-29T12:55:34","slug":"shobudani-karasu-suita-3","status":"publish","type":"product","link":"https:\/\/jnats.eu\/ro\/product-2\/shobudani-karasu-suita-3\/","title":{"rendered":"Shobudani Karasu Suite"},"content":{"rendered":"<p>Aceast\u0103 piatr\u0103 este u\u0219or de utilizat \u0219i este ideal\u0103 pentru finisarea briciurilor, lustruire \u0219i ascu\u021birea cu\u021bitelor de buc\u0103t\u0103rie. Este rapid\u0103 \u0219i va l\u0103sa o linie kasumi contrastant\u0103. Suprafa\u021ba sa mare o face ideal\u0103 pentru ascu\u021bire \u0219i lustruire.<\/p>\n\n\n\n<p>Aceast\u0103 piatr\u0103 este de culoare gri deschis, cu pete de karasu (ciob).<\/p>\n\n\n\n<p><strong>Shobu (\u83d6\u84b2\u8c37, Shobudani, Shoubu)<\/strong><br>O min\u0103 estic\u0103, bine apreciat\u0103 pentru calitatea pietrelor sale de ascu\u021bit. \u00cen timp ce aceast\u0103 min\u0103 poate s\u0103 nu fie la fel de apreciat\u0103 ca Ohira sau Nakayama \u00een Vest, pietrele din aceast\u0103 min\u0103 sunt \u00een general de foarte \u00eenalt\u0103 calitate. Pre\u021burile cu ridicata pentru Shoubu sunt printre cele cu cea mai rapid\u0103 cre\u0219tere dintre toate pietrele.<\/p>","protected":false},"excerpt":{"rendered":"<ul>\n<li>Potrivit pentru finisarea briciurilor, cu\u021bitelor, foarfecelor, t\u00e2mpl\u0103riei \u0219i a altor unelte.<\/li>\n<li>Dimensiuni: 192x75x34 mm<\/li>\n<li>Greutate: 1340 g<\/li>\n<li>Duritate: Lv 5<\/li>\n<li>Suprafa\u021ba este gata de lucru f\u0103r\u0103 defecte. C\u00e2teva col\u021buri nu sunt complet netezite.<\/li>\n<li>Liniile sunt sigure.<\/li>\n<li>V\u0103 recomand\u0103m s\u0103 lucra\u021bi cu ap\u0103 cald\u0103, deoarece apa rece afecteaz\u0103 viteza \u0219i r\u0103spunsul<\/li>\n<\/ul>","protected":false},"featured_media":1784,"comment_status":"open","ping_status":"closed","template":"","meta":[],"product_brand":[],"product_cat":[22],"product_tag":[57,44,50],"class_list":{"0":"post-1777","1":"product","2":"type-product","3":"status-publish","4":"has-post-thumbnail","6":"product_cat-jnats","7":"product_tag-karasu","8":"product_tag-shobudani","9":"product_tag-suita","10":"product_shipping_class-iprastas","12":"first","13":"outofstock","14":"shipping-taxable","15":"purchasable","16":"product-type-simple"},"_links":{"self":[{"href":"https:\/\/jnats.eu\/ro\/wp-json\/wp\/v2\/product\/1777","targetHints":{"allow":["GET"]}}],"collection":[{"href":"https:\/\/jnats.eu\/ro\/wp-json\/wp\/v2\/product"}],"about":[{"href":"https:\/\/jnats.eu\/ro\/wp-json\/wp\/v2\/types\/product"}],"replies":[{"embeddable":true,"href":"https:\/\/jnats.eu\/ro\/wp-json\/wp\/v2\/comments?post=1777"}],"wp:featuredmedia":[{"embeddable":true,"href":"https:\/\/jnats.eu\/ro\/wp-json\/wp\/v2\/media\/1784"}],"wp:attachment":[{"href":"https:\/\/jnats.eu\/ro\/wp-json\/wp\/v2\/media?parent=1777"}],"wp:term":[{"taxonomy":"product_brand","embeddable":true,"href":"https:\/\/jnats.eu\/ro\/wp-json\/wp\/v2\/product_brand?post=1777"},{"taxonomy":"product_cat","embeddable":true,"href":"https:\/\/jnats.eu\/ro\/wp-json\/wp\/v2\/product_cat?post=1777"},{"taxonomy":"product_tag","embeddable":true,"href":"https:\/\/jnats.eu\/ro\/wp-json\/wp\/v2\/product_tag?post=1777"}],"curies":[{"name":"wp","href":"https:\/\/api.w.org\/{rel}","templated":true}]}}