{"id":1805,"date":"2024-04-19T10:30:22","date_gmt":"2024-04-19T07:30:22","guid":{"rendered":"http:\/\/jnats.eu\/?post_type=product&#038;p=1805"},"modified":"2024-10-27T13:00:39","modified_gmt":"2024-10-27T11:00:39","slug":"ohira-renge-suita","status":"publish","type":"product","link":"https:\/\/jnats.eu\/ro\/product-2\/ohira-renge-suita\/","title":{"rendered":"Costum Ohira Renge"},"content":{"rendered":"<p>Pietrele de ascu\u021bit de \u00eenalt\u0103 clas\u0103 Ohira Renge Suita sunt rare. Piatra este rapid\u0103, receptiv\u0103 \u0219i produce rezultate excep\u021bionale. Ohira de \u00eenalt\u0103 calitate devine din ce \u00een ce mai rar\u0103, iar aceast\u0103 piatr\u0103 este un exemplu perfect de motiv pentru care mina \u0219i-a atins buna reputa\u021bie. Aceast\u0103 piatr\u0103 este destul de mic\u0103 pentru Suita Ohira. Indiferent dac\u0103 scopul t\u0103u principal este ascu\u021birea lamelor sau lustruirea kasumi, aceast\u0103 piatr\u0103 nu va dezam\u0103gi. V\u0103 rog s\u0103 nu-l cump\u0103ra\u021bi, vreau s\u0103 \u00eel p\u0103strez.<\/p>\n\n\n\n<p>Baz\u0103 alb\u0103 pur\u0103, cu un model dens, uniform. Unul dintre col\u021buri este u\u0219or ciobit \u0219i are linii de siguran\u021b\u0103. Acesta este singurul lucru care \u00eempiedic\u0103 aceast\u0103 piatr\u0103 s\u0103 devin\u0103 un exemplar de muzeu cu un pre\u021b cu adev\u0103rat astronomic. <\/p>\n\n\n\n<p><strong>Ohira (\u5927\u5e73, Oohira, Ohirayama)<\/strong><br>O min\u0103 vestic\u0103 renumit\u0103 pentru Uchigumori \u0219i calitatea Suita. De\u0219i mina este \u00eenc\u0103 lucrat\u0103 ocazional, devine din ce \u00een ce mai dificil s\u0103 g\u0103se\u0219ti uchigumori \u0219i Ohira suita pentru export. Datorit\u0103 calit\u0103\u021bii superioare a Ohira suita \u0219i uchigumori, nu este neobi\u0219nuit ca pietrele din alte mine s\u0103 fie \u0219tampilate sau v\u00e2ndute ca Ohira.<\/p>\n\n\n\n<figure class=\"wp-block-embed is-type-video is-provider-youtube wp-block-embed-youtube wp-embed-aspect-16-9 wp-has-aspect-ratio\"><div class=\"wp-block-embed__wrapper\">\n<div class=\"video-container\"><iframe title=\"Ohira Renge Suita, Nishiyama Shiro Suita, Nakayama Asagi Nashiji, Kyoto Shomotoyama, Atago\" width=\"1170\" height=\"658\" src=\"https:\/\/www.youtube.com\/embed\/NhqN2jyKzUg?start=167&#038;feature=oembed\" frameborder=\"0\" allow=\"accelerometer; autoplay; clipboard-write; encrypted-media; gyroscope; picture-in-picture; web-share\" referrerpolicy=\"strict-origin-when-cross-origin\" allowfullscreen><\/iframe><\/div>\n<\/div><\/figure>","protected":false},"excerpt":{"rendered":"<ul>\n<li>Potrivit pentru finisarea \u0219i finisarea cu\u021bitelor, foarfecelor, unelte de dulgher \u0219i alte unelte.<\/li>\n<li>Dimensiuni: 204x75x24 mm<\/li>\n<li>Greutate: 1150 g<\/li>\n<li>Duritate: Lv 4<\/li>\n<li>Suprafa\u021ba este neted\u0103 \u0219i gata de utilizare.<\/li>\n<li>Liniile sunt sigure.<\/li>\n<li>V\u0103 recomand\u0103m s\u0103 lucra\u021bi cu ap\u0103 cald\u0103, deoarece apa rece afecteaz\u0103 viteza \u0219i r\u0103spunsul<\/li>\n<\/ul>","protected":false},"featured_media":2115,"comment_status":"open","ping_status":"closed","template":"","meta":[],"product_brand":[],"product_cat":[22],"product_tag":[47,86,50],"class_list":{"0":"post-1805","1":"product","2":"type-product","3":"status-publish","4":"has-post-thumbnail","6":"product_cat-jnats","7":"product_tag-ohira","8":"product_tag-renge","9":"product_tag-suita","10":"product_shipping_class-iprastas","12":"first","13":"outofstock","14":"shipping-taxable","15":"purchasable","16":"product-type-simple"},"_links":{"self":[{"href":"https:\/\/jnats.eu\/ro\/wp-json\/wp\/v2\/product\/1805","targetHints":{"allow":["GET"]}}],"collection":[{"href":"https:\/\/jnats.eu\/ro\/wp-json\/wp\/v2\/product"}],"about":[{"href":"https:\/\/jnats.eu\/ro\/wp-json\/wp\/v2\/types\/product"}],"replies":[{"embeddable":true,"href":"https:\/\/jnats.eu\/ro\/wp-json\/wp\/v2\/comments?post=1805"}],"wp:featuredmedia":[{"embeddable":true,"href":"https:\/\/jnats.eu\/ro\/wp-json\/wp\/v2\/media\/2115"}],"wp:attachment":[{"href":"https:\/\/jnats.eu\/ro\/wp-json\/wp\/v2\/media?parent=1805"}],"wp:term":[{"taxonomy":"product_brand","embeddable":true,"href":"https:\/\/jnats.eu\/ro\/wp-json\/wp\/v2\/product_brand?post=1805"},{"taxonomy":"product_cat","embeddable":true,"href":"https:\/\/jnats.eu\/ro\/wp-json\/wp\/v2\/product_cat?post=1805"},{"taxonomy":"product_tag","embeddable":true,"href":"https:\/\/jnats.eu\/ro\/wp-json\/wp\/v2\/product_tag?post=1805"}],"curies":[{"name":"wp","href":"https:\/\/api.w.org\/{rel}","templated":true}]}}