{"id":1810,"date":"2024-04-19T10:42:51","date_gmt":"2024-04-19T07:42:51","guid":{"rendered":"http:\/\/jnats.eu\/?post_type=product&#038;p=1810"},"modified":"2026-03-23T10:03:54","modified_gmt":"2026-03-23T08:03:54","slug":"nishiyama-shiro-suita","status":"publish","type":"product","link":"https:\/\/jnats.eu\/ro\/product-2\/nishiyama-shiro-suita\/","title":{"rendered":"Apartamentul Nishiyama Shiro"},"content":{"rendered":"<figure class=\"wp-block-embed is-type-video is-provider-youtube wp-block-embed-youtube wp-embed-aspect-16-9 wp-has-aspect-ratio\"><div class=\"wp-block-embed__wrapper\">\n<div class=\"video-container\"><iframe title=\"Testarea Nishiyama Shiro Suita cu Sandvik 14C28N | Suspensie vs F\u0103r\u0103 suspensie\" width=\"1170\" height=\"658\" src=\"https:\/\/www.youtube.com\/embed\/uP8MI-JS99I?feature=oembed\" frameborder=\"0\" allow=\"accelerometer; autoplay; clipboard-write; encrypted-media; gyroscope; picture-in-picture; web-share\" referrerpolicy=\"strict-origin-when-cross-origin\" allowfullscreen><\/iframe><\/div>\n<\/div><\/figure>\n\n\n\n<p>Pietrele de ascutit Nishiyama Shiro Suita practic nu mai sunt disponibile pe piata. Piatra este rapid\u0103, receptiv\u0103 \u0219i produce rezultate excep\u021bionale. Indiferent dac\u0103 scopul t\u0103u principal este ascu\u021birea lamelor sau lustruirea kasumi, aceast\u0103 piatr\u0103 nu va dezam\u0103gi. <\/p>\n\n\n\n<p>Baza alb\u0103 cu model de linii ro\u0219ii. Linia aspr\u0103 dintr-unul dintre col\u021buri \u00eengreuneaz\u0103 ascu\u021birea \u0219i este singurul lucru care \u00eempiedic\u0103 aceast\u0103 piatr\u0103 s\u0103 devin\u0103 un exemplar de muzeu cu un pre\u021b cu adev\u0103rat astronomic.<\/p>","protected":false},"excerpt":{"rendered":"<ul>\n<li>Potrivit pentru finisare \u0219i degro\u0219are cu\u021bite, foarfece, dulgher \u0219i alte unelte.<\/li>\n<li>Dimensiuni: 220x79x40 mm<\/li>\n<li>Greutate: 1700 g<\/li>\n<li>Duritate: Lv 4.5<\/li>\n<li>Suprafa\u021ba este neted\u0103 \u0219i gata de utilizare.<\/li>\n<li>Liniile sunt sigure, <span style=\"color: #ff0000;\"><strong>cu excep\u021bia unuia de pe margine (toxic \u2013 vezi foto).<\/strong><\/span><\/li>\n<li>V\u0103 recomand\u0103m s\u0103 lucra\u021bi cu ap\u0103 cald\u0103, deoarece apa rece afecteaz\u0103 viteza \u0219i r\u0103spunsul<\/li>\n<\/ul>","protected":false},"featured_media":1812,"comment_status":"open","ping_status":"closed","template":"","meta":[],"product_brand":[],"product_cat":[22],"product_tag":[224,223,87,50],"class_list":{"0":"post-1810","1":"product","2":"type-product","3":"status-publish","4":"has-post-thumbnail","6":"product_cat-jnats","7":"product_tag-nishiyama","8":"product_tag-nishiyama-shiro-suita","9":"product_tag-shiro","10":"product_tag-suita","11":"product_shipping_class-iprastas","13":"first","14":"instock","15":"sale","16":"shipping-taxable","17":"purchasable","18":"product-type-simple"},"_links":{"self":[{"href":"https:\/\/jnats.eu\/ro\/wp-json\/wp\/v2\/product\/1810","targetHints":{"allow":["GET"]}}],"collection":[{"href":"https:\/\/jnats.eu\/ro\/wp-json\/wp\/v2\/product"}],"about":[{"href":"https:\/\/jnats.eu\/ro\/wp-json\/wp\/v2\/types\/product"}],"replies":[{"embeddable":true,"href":"https:\/\/jnats.eu\/ro\/wp-json\/wp\/v2\/comments?post=1810"}],"wp:featuredmedia":[{"embeddable":true,"href":"https:\/\/jnats.eu\/ro\/wp-json\/wp\/v2\/media\/1812"}],"wp:attachment":[{"href":"https:\/\/jnats.eu\/ro\/wp-json\/wp\/v2\/media?parent=1810"}],"wp:term":[{"taxonomy":"product_brand","embeddable":true,"href":"https:\/\/jnats.eu\/ro\/wp-json\/wp\/v2\/product_brand?post=1810"},{"taxonomy":"product_cat","embeddable":true,"href":"https:\/\/jnats.eu\/ro\/wp-json\/wp\/v2\/product_cat?post=1810"},{"taxonomy":"product_tag","embeddable":true,"href":"https:\/\/jnats.eu\/ro\/wp-json\/wp\/v2\/product_tag?post=1810"}],"curies":[{"name":"wp","href":"https:\/\/api.w.org\/{rel}","templated":true}]}}