{"id":1819,"date":"2024-04-19T11:00:53","date_gmt":"2024-04-19T08:00:53","guid":{"rendered":"http:\/\/jnats.eu\/?post_type=product&#038;p=1819"},"modified":"2024-06-27T12:00:19","modified_gmt":"2024-06-27T09:00:19","slug":"nakayama-asagi-nashiji-japoniskas-naturalus-galandinimo-uzbaigimo","status":"publish","type":"product","link":"https:\/\/jnats.eu\/ro\/product-2\/nakayama-asagi-nashiji-japoniskas-naturalus-galandinimo-uzbaigimo\/","title":{"rendered":"Nakayama Asagi Nashiji Piatra de finisare japonez\u0103 natural\u0103 pentru ascu\u021bire"},"content":{"rendered":"<p>Piatra naturala japoneza de ascutit Nakayama Mizu Asagi. Aceasta este o piatr\u0103 foarte tare \u0219i extrem de fin\u0103 pe care v\u0103 recomand\u0103m s\u0103 o folosi\u021bi ca finisaj final la sf\u00e2r\u0219itul procesului de ascu\u021bire sau pentru a v\u0103 re\u00eemprosp\u0103ta lama de ras atunci c\u00e2nd b\u0103rbierirea devine mai pu\u021bin confortabil\u0103 \u0219i firele de p\u0103r \u00eencep s\u0103 se prind\u0103.<\/p>\n\n\n\n<p>Este o coppa mic\u0103, de form\u0103 destul de obi\u0219nuit\u0103, care \u00ee\u0219i face treaba foarte bine! <\/p>\n\n\n\n<p>Acest asagi gri are un model slab de puncte nashiji pe toat\u0103 piatra. Nu sunt vizibile linii sau incluziuni. De asemenea, fundul pietrei poate fi u\u0219or preg\u0103tit pentru lucru. <\/p>\n\n\n\n<p><strong>Nakayama (\u4e2d\u5c71)<\/strong><\/p>\n\n\n\n<p>Aceast\u0103 min\u0103 estic\u0103 este renumit\u0103 pentru pietrele sale de ascu\u021bit, awasedo. Piatra multistratificat\u0103 cu culoarea kiita este apreciat\u0103 \u00een special de t\u00e2mplari \u0219i de cei care ascut briciuri. \u00cen compara\u021bie cu pietrele de duritate \u0219i fine\u021be similare din alte mine, pietrele Nakayama sunt cunoscute pentru senza\u021bia lor mai pl\u0103cut\u0103 de ascu\u021bire.<\/p>\n\n\n\n<figure class=\"wp-block-embed is-type-video is-provider-youtube wp-block-embed-youtube wp-embed-aspect-16-9 wp-has-aspect-ratio\"><div class=\"wp-block-embed__wrapper\">\n<div class=\"video-container\"><iframe title=\"Ohira Renge Suita, Nishiyama Shiro Suita, Nakayama Asagi Nashiji, Kyoto Shomotoyama, Atago\" width=\"1170\" height=\"658\" src=\"https:\/\/www.youtube.com\/embed\/NhqN2jyKzUg?start=374&#038;feature=oembed\" frameborder=\"0\" allow=\"accelerometer; autoplay; clipboard-write; encrypted-media; gyroscope; picture-in-picture; web-share\" referrerpolicy=\"strict-origin-when-cross-origin\" allowfullscreen><\/iframe><\/div>\n<\/div><\/figure>","protected":false},"excerpt":{"rendered":"<ul>\n<li>Potrivit pentru finisarea briciurilor, cu\u021bitelor, foarfecelor, t\u00e2mpl\u0103riei \u0219i a altor unelte.<\/li>\n<li>Dimensiuni: 123x75x33 mm<\/li>\n<li>Greutate: 830 g<\/li>\n<li>Duritate: Lv 5<\/li>\n<li>Suprafa\u021ba este neted\u0103 \u0219i gata de utilizare.<\/li>\n<li>V\u0103 recomand\u0103m s\u0103 lucra\u021bi cu ap\u0103 cald\u0103, deoarece apa rece afecteaz\u0103 viteza \u0219i r\u0103spunsul<\/li>\n<\/ul>","protected":false},"featured_media":1822,"comment_status":"open","ping_status":"closed","template":"","meta":[],"product_brand":[],"product_cat":[22],"product_tag":[45,49,48],"class_list":{"0":"post-1819","1":"product","2":"type-product","3":"status-publish","4":"has-post-thumbnail","6":"product_cat-jnats","7":"product_tag-asagi","8":"product_tag-nakayama","9":"product_tag-nashiji","10":"product_shipping_class-iprastas","12":"first","13":"outofstock","14":"sale","15":"shipping-taxable","16":"purchasable","17":"product-type-simple"},"_links":{"self":[{"href":"https:\/\/jnats.eu\/ro\/wp-json\/wp\/v2\/product\/1819","targetHints":{"allow":["GET"]}}],"collection":[{"href":"https:\/\/jnats.eu\/ro\/wp-json\/wp\/v2\/product"}],"about":[{"href":"https:\/\/jnats.eu\/ro\/wp-json\/wp\/v2\/types\/product"}],"replies":[{"embeddable":true,"href":"https:\/\/jnats.eu\/ro\/wp-json\/wp\/v2\/comments?post=1819"}],"wp:featuredmedia":[{"embeddable":true,"href":"https:\/\/jnats.eu\/ro\/wp-json\/wp\/v2\/media\/1822"}],"wp:attachment":[{"href":"https:\/\/jnats.eu\/ro\/wp-json\/wp\/v2\/media?parent=1819"}],"wp:term":[{"taxonomy":"product_brand","embeddable":true,"href":"https:\/\/jnats.eu\/ro\/wp-json\/wp\/v2\/product_brand?post=1819"},{"taxonomy":"product_cat","embeddable":true,"href":"https:\/\/jnats.eu\/ro\/wp-json\/wp\/v2\/product_cat?post=1819"},{"taxonomy":"product_tag","embeddable":true,"href":"https:\/\/jnats.eu\/ro\/wp-json\/wp\/v2\/product_tag?post=1819"}],"curies":[{"name":"wp","href":"https:\/\/api.w.org\/{rel}","templated":true}]}}