{"id":1831,"date":"2024-04-19T11:11:05","date_gmt":"2024-04-19T08:11:05","guid":{"rendered":"http:\/\/jnats.eu\/?post_type=product&#038;p=1831"},"modified":"2024-05-03T12:02:38","modified_gmt":"2024-05-03T09:02:38","slug":"atagoyama-awasedo","status":"publish","type":"product","link":"https:\/\/jnats.eu\/ro\/product-2\/atagoyama-awasedo\/","title":{"rendered":"Atagoyama Awasedo"},"content":{"rendered":"<p>\u00cen ciuda aspectului s\u0103u nepreten\u021bios, aceast\u0103 piatr\u0103 este pl\u0103cut\u0103 de utilizat. Dimensiunea mare ofer\u0103 o senza\u021bie de ascu\u021bire extrem de stabil\u0103, iar puritatea pietrei asigur\u0103 rezultate consistente pentru toat\u0103 via\u021ba. Acesta este un \u201ecal de b\u0103taie\u201d care poate dura o via\u021b\u0103 \u00eentreag\u0103 pentru ascu\u021bitorul profesionist \u0219i pasionatul de lustruire. Piatra este robust\u0103, dar nu at\u00e2t de tare \u00eenc\u00e2t s\u0103 fie prea dificil de utilizat pentru utilizatorii mai pu\u021bin experimenta\u021bi. Folosind o suspensie extras\u0103 dintr-un produs secundar sau o plac\u0103 de diamant, \u0219terge destul de repede 6 mii. pietrele sintetice zg\u00e2rie \u0219i las\u0103 o str\u0103lucire pl\u0103cut\u0103, iar cu o piatr\u0103 curat\u0103 cu\u021bitul poate fi \u0219lefuit \u00een continuare p\u00e2n\u0103 la un finisaj str\u0103lucitor perfect. Aceast\u0103 piatr\u0103 este potrivit\u0103 pentru o varietate de locuri de munc\u0103, de la cu\u021bite la unelte \u0219i aparate de ras. Piatra este o culoare gri deschis, cu modele subtile.<\/p>\n\n\n\n<p><strong>Atagoyama<\/strong><br>Aceast\u0103 min\u0103 a extras pietre din Chu-ishi naori, care sunt de obicei mari \u0219i curate. Muntele Atago este adesea men\u021bionat ca centrul zonei miniere a pietrei de ascu\u021bit din Kyoto.<\/p>\n\n\n\n<figure class=\"wp-block-embed is-type-video is-provider-youtube wp-block-embed-youtube wp-embed-aspect-16-9 wp-has-aspect-ratio\"><div class=\"wp-block-embed__wrapper\">\n<div class=\"video-container\"><iframe title=\"Ohira Renge Suita, Nishiyama Shiro Suita, Nakayama Asagi Nashiji, Kyoto Shomotoyama, Atago\" width=\"1170\" height=\"658\" src=\"https:\/\/www.youtube.com\/embed\/NhqN2jyKzUg?start=275&#038;feature=oembed\" frameborder=\"0\" allow=\"accelerometer; autoplay; clipboard-write; encrypted-media; gyroscope; picture-in-picture; web-share\" referrerpolicy=\"strict-origin-when-cross-origin\" allowfullscreen><\/iframe><\/div>\n<\/div><\/figure>","protected":false},"excerpt":{"rendered":"<ul>\n<li>Potrivit pentru finisarea briciurilor, cu\u021bitelor, foarfecelor, t\u00e2mpl\u0103riei \u0219i a altor unelte.<\/li>\n<li>Dimensiuni: 208x78x40 mm<\/li>\n<li>Greutate: 1590 g<\/li>\n<li>Duritate: Lv 4.7<\/li>\n<li>Suprafa\u021ba este neted\u0103 \u0219i gata de utilizare.<\/li>\n<li>Liniile sunt sigure.<\/li>\n<li>V\u0103 recomand\u0103m s\u0103 lucra\u021bi cu ap\u0103 cald\u0103, deoarece apa rece afecteaz\u0103 viteza \u0219i r\u0103spunsul<\/li>\n<\/ul>","protected":false},"featured_media":1837,"comment_status":"open","ping_status":"closed","template":"","meta":[],"product_brand":[],"product_cat":[22],"product_tag":[225,40],"class_list":{"0":"post-1831","1":"product","2":"type-product","3":"status-publish","4":"has-post-thumbnail","6":"product_cat-jnats","7":"product_tag-atagoyama","8":"product_tag-awasedo","9":"product_shipping_class-iprastas","11":"first","12":"instock","13":"sale","14":"shipping-taxable","15":"purchasable","16":"product-type-simple"},"_links":{"self":[{"href":"https:\/\/jnats.eu\/ro\/wp-json\/wp\/v2\/product\/1831","targetHints":{"allow":["GET"]}}],"collection":[{"href":"https:\/\/jnats.eu\/ro\/wp-json\/wp\/v2\/product"}],"about":[{"href":"https:\/\/jnats.eu\/ro\/wp-json\/wp\/v2\/types\/product"}],"replies":[{"embeddable":true,"href":"https:\/\/jnats.eu\/ro\/wp-json\/wp\/v2\/comments?post=1831"}],"wp:featuredmedia":[{"embeddable":true,"href":"https:\/\/jnats.eu\/ro\/wp-json\/wp\/v2\/media\/1837"}],"wp:attachment":[{"href":"https:\/\/jnats.eu\/ro\/wp-json\/wp\/v2\/media?parent=1831"}],"wp:term":[{"taxonomy":"product_brand","embeddable":true,"href":"https:\/\/jnats.eu\/ro\/wp-json\/wp\/v2\/product_brand?post=1831"},{"taxonomy":"product_cat","embeddable":true,"href":"https:\/\/jnats.eu\/ro\/wp-json\/wp\/v2\/product_cat?post=1831"},{"taxonomy":"product_tag","embeddable":true,"href":"https:\/\/jnats.eu\/ro\/wp-json\/wp\/v2\/product_tag?post=1831"}],"curies":[{"name":"wp","href":"https:\/\/api.w.org\/{rel}","templated":true}]}}