{"id":1853,"date":"2024-04-21T09:08:54","date_gmt":"2024-04-21T06:08:54","guid":{"rendered":"http:\/\/jnats.eu\/?post_type=product&#038;p=1853"},"modified":"2025-02-25T17:38:38","modified_gmt":"2025-02-25T15:38:38","slug":"yaginoshima-asagi","status":"publish","type":"product","link":"https:\/\/jnats.eu\/ro\/product-2\/yaginoshima-asagi\/","title":{"rendered":"Uria\u0219ul Yaginoshima Asagi + Kizuyama Awasedo"},"content":{"rendered":"<p>Acest asagi de dimensiuni monstruoase este o piatr\u0103 de finisare fin\u0103, universal\u0103, de ascu\u021bit. Este cool, mic \u0219i destul de u\u0219or de folosit. Un cal de b\u0103taie f\u0103r\u0103 griji. Slefuirea fin\u0103 poate fi folosit\u0103 pentru finisarea aparatelor de ras \u0219i a uneltelor de t\u00e2mpl\u0103rie \u0219i este, de asemenea, potrivit\u0103 pentru lustruirea rafinat\u0103 de kasumi. Datorit\u0103 suprafe\u021bei sale extrem de mari, va fi potrivit pentru s\u0103bii \u0219i topoare.<\/p>\n\n\n\n<p>Piatra este foarte omogen\u0103 pe tot modelul s\u0103u gri \u201epiele de delfin\u201d.<\/p>\n\n\n\n<p><strong>Yaginoshima (Yaginoshima)<\/strong><br>Mina de Est din regiunea Kyoto.<\/p>\n\n\n\n<figure class=\"wp-block-embed is-type-video is-provider-youtube wp-block-embed-youtube wp-embed-aspect-16-9 wp-has-aspect-ratio\"><div class=\"wp-block-embed__wrapper\">\n<div class=\"video-container\"><iframe title=\"Yaginoshima Asagi, Nakayama Kiita, Shomotoyama Kiita\" width=\"1170\" height=\"658\" src=\"https:\/\/www.youtube.com\/embed\/BfthwASlRYw?start=105&#038;feature=oembed\" frameborder=\"0\" allow=\"accelerometer; autoplay; clipboard-write; encrypted-media; gyroscope; picture-in-picture; web-share\" referrerpolicy=\"strict-origin-when-cross-origin\" allowfullscreen><\/iframe><\/div>\n<\/div><\/figure>","protected":false},"excerpt":{"rendered":"<ul>\n<li>Potrivit pentru finisarea lamelor de ras, foarfecelor, t\u00e2mplarie \u0219i alte unelte.<\/li>\n<li>Dimensiuni: 252x89x45 mm<\/li>\n<li>Greutate: 2340 g<\/li>\n<li>Duritate: Lv 4,8<\/li>\n<li>Suprafa\u021ba este neted\u0103 \u0219i gata de utilizare.<\/li>\n<li>V\u0103 recomand\u0103m s\u0103 lucra\u021bi cu ap\u0103 cald\u0103, deoarece apa rece afecteaz\u0103 viteza \u0219i r\u0103spunsul<\/li>\n<\/ul>","protected":false},"featured_media":1856,"comment_status":"open","ping_status":"closed","template":"","meta":[],"product_brand":[],"product_cat":[22],"product_tag":[226],"class_list":{"0":"post-1853","1":"product","2":"type-product","3":"status-publish","4":"has-post-thumbnail","6":"product_cat-jnats","7":"product_tag-yaginoshima","8":"product_shipping_class-iprastas","10":"first","11":"outofstock","12":"shipping-taxable","13":"purchasable","14":"product-type-simple"},"_links":{"self":[{"href":"https:\/\/jnats.eu\/ro\/wp-json\/wp\/v2\/product\/1853","targetHints":{"allow":["GET"]}}],"collection":[{"href":"https:\/\/jnats.eu\/ro\/wp-json\/wp\/v2\/product"}],"about":[{"href":"https:\/\/jnats.eu\/ro\/wp-json\/wp\/v2\/types\/product"}],"replies":[{"embeddable":true,"href":"https:\/\/jnats.eu\/ro\/wp-json\/wp\/v2\/comments?post=1853"}],"wp:featuredmedia":[{"embeddable":true,"href":"https:\/\/jnats.eu\/ro\/wp-json\/wp\/v2\/media\/1856"}],"wp:attachment":[{"href":"https:\/\/jnats.eu\/ro\/wp-json\/wp\/v2\/media?parent=1853"}],"wp:term":[{"taxonomy":"product_brand","embeddable":true,"href":"https:\/\/jnats.eu\/ro\/wp-json\/wp\/v2\/product_brand?post=1853"},{"taxonomy":"product_cat","embeddable":true,"href":"https:\/\/jnats.eu\/ro\/wp-json\/wp\/v2\/product_cat?post=1853"},{"taxonomy":"product_tag","embeddable":true,"href":"https:\/\/jnats.eu\/ro\/wp-json\/wp\/v2\/product_tag?post=1853"}],"curies":[{"name":"wp","href":"https:\/\/api.w.org\/{rel}","templated":true}]}}