{"id":1866,"date":"2026-03-16T09:30:36","date_gmt":"2026-03-16T07:30:36","guid":{"rendered":"http:\/\/jnats.eu\/?post_type=product&#038;p=1866"},"modified":"2026-03-27T00:51:08","modified_gmt":"2026-03-26T22:51:08","slug":"nakayama-kiita-2","status":"publish","type":"product","link":"https:\/\/jnats.eu\/ro\/product-2\/nakayama-kiita-2\/","title":{"rendered":"Nakayama Kiita Tomae"},"content":{"rendered":"<figure class=\"wp-block-embed is-type-video is-provider-youtube wp-block-embed-youtube wp-embed-aspect-16-9 wp-has-aspect-ratio\"><div class=\"wp-block-embed__wrapper\">\n<div class=\"video-container\"><iframe title=\"Ascu\u021birea unei lame de ras sovietice \u201cLyubitelskaya\u201d din 1955 | Aoto \u2192 Ohira \u2192 Nakayama Kiita\" width=\"1170\" height=\"658\" src=\"https:\/\/www.youtube.com\/embed\/NyQAXd54ZH8?start=387&#038;feature=oembed\" frameborder=\"0\" allow=\"accelerometer; autoplay; clipboard-write; encrypted-media; gyroscope; picture-in-picture; web-share\" referrerpolicy=\"strict-origin-when-cross-origin\" allowfullscreen><\/iframe><\/div>\n<\/div><\/figure>\n\n\n\n<p>Aceast\u0103 Nakayama Kiita este foarte dur\u0103, ceea ce o face mai u\u0219or de lucrat cu nagura. Piatra este foarte bun\u0103 pentru ascu\u021birea lamelor de ras, dar este suficient de bun\u0103 \u0219i pentru cu\u021bitele din o\u021bel carbon, \u00eens\u0103 dimensiunea sa nu o va face convenabil\u0103 pentru ascu\u021birea uneltelor mai mari. <\/p>\n\n\n\n<p>Aceast\u0103 kiita are o culoare galben str\u0103lucitor cu c\u00e2teva pete mai \u00eentunecate. Partea inferioar\u0103 prezint\u0103 urme reziduale de scoar\u021b\u0103.<\/p>\n\n\n\n<p><strong>Nakayama (\u4e2d\u5c71)<\/strong><\/p>\n\n\n\n<p>Aceast\u0103 min\u0103 din est este renumit\u0103 pentru pietrele sale de finisare de ascu\u021bit, awasedo. Piatra multistratificata cu kiita este deosebit de apreciata de profesionisti si amatori. \u00cen compara\u021bie cu pietrele de duritate \u0219i fine\u021be similare din alte mine, pietrele Nakayama sunt cunoscute pentru senza\u021bia lor de ascu\u021bire mai pl\u0103cut\u0103 \u0219i pentru viteza de lucru.<\/p>","protected":false},"excerpt":{"rendered":"<ul>\n<li>Potrivit pentru finisarea briciurilor, cu\u021bitelor, foarfecelor, t\u00e2mpl\u0103riei \u0219i a altor unelte.<\/li>\n<li>Dimensiuni: 127x110x22 mm<\/li>\n<li>Greutate: 770 g<\/li>\n<li>Duritate: Lv 5+<\/li>\n<li>Suprafa\u021ba este neted\u0103 \u0219i gata de utilizare.<\/li>\n<li>V\u0103 recomand\u0103m s\u0103 lucra\u021bi cu ap\u0103 cald\u0103, deoarece apa rece afecteaz\u0103 viteza \u0219i r\u0103spunsul<\/li>\n<\/ul>","protected":false},"featured_media":5827,"comment_status":"open","ping_status":"closed","template":"","meta":[],"product_brand":[],"product_cat":[22],"product_tag":[141,49],"class_list":{"0":"post-1866","1":"product","2":"type-product","3":"status-publish","4":"has-post-thumbnail","6":"product_cat-jnats","7":"product_tag-kiita","8":"product_tag-nakayama","9":"product_shipping_class-iprastas","11":"first","12":"outofstock","13":"shipping-taxable","14":"purchasable","15":"product-type-simple"},"_links":{"self":[{"href":"https:\/\/jnats.eu\/ro\/wp-json\/wp\/v2\/product\/1866","targetHints":{"allow":["GET"]}}],"collection":[{"href":"https:\/\/jnats.eu\/ro\/wp-json\/wp\/v2\/product"}],"about":[{"href":"https:\/\/jnats.eu\/ro\/wp-json\/wp\/v2\/types\/product"}],"replies":[{"embeddable":true,"href":"https:\/\/jnats.eu\/ro\/wp-json\/wp\/v2\/comments?post=1866"}],"wp:featuredmedia":[{"embeddable":true,"href":"https:\/\/jnats.eu\/ro\/wp-json\/wp\/v2\/media\/5827"}],"wp:attachment":[{"href":"https:\/\/jnats.eu\/ro\/wp-json\/wp\/v2\/media?parent=1866"}],"wp:term":[{"taxonomy":"product_brand","embeddable":true,"href":"https:\/\/jnats.eu\/ro\/wp-json\/wp\/v2\/product_brand?post=1866"},{"taxonomy":"product_cat","embeddable":true,"href":"https:\/\/jnats.eu\/ro\/wp-json\/wp\/v2\/product_cat?post=1866"},{"taxonomy":"product_tag","embeddable":true,"href":"https:\/\/jnats.eu\/ro\/wp-json\/wp\/v2\/product_tag?post=1866"}],"curies":[{"name":"wp","href":"https:\/\/api.w.org\/{rel}","templated":true}]}}