{"id":1893,"date":"2024-04-22T09:51:46","date_gmt":"2024-04-22T06:51:46","guid":{"rendered":"http:\/\/jnats.eu\/?post_type=product&#038;p=1893"},"modified":"2024-09-15T12:00:18","modified_gmt":"2024-09-15T09:00:18","slug":"maruoyama-tomae-japoniskas-galandinimo-uzbaigimo-akmuo","status":"publish","type":"product","link":"https:\/\/jnats.eu\/ro\/product-2\/maruoyama-tomae-japoniskas-galandinimo-uzbaigimo-akmuo\/","title":{"rendered":"Maruoyama Tomae Piatra de finisare de ascutit japoneza"},"content":{"rendered":"<p>\u00cen ciuda dimensiunilor sale, aceast\u0103 koppa este un exemplu bun de piatr\u0103 de ascu\u021bit japonez\u0103 de la Maruo. Nu este prea greu, nici prea fin \u0219i potrivit pentru o varietate de utiliz\u0103ri. Va completa ascu\u021birea cu\u021bitelor de buc\u0103t\u0103rie \u0219i va servi ca finisaj pentru unelte \u0219i aparate de ras. Aceast\u0103 dimensiune este perfect\u0103 pentru aparatele de ras, dar poate fi folosit\u0103 \u0219i pentru lustruirea cu\u021bitelor de buc\u0103t\u0103rie, chiar \u0219i a celor mari. Totu\u0219i, nu ar fi prima mea alegere \u00een ceea ce prive\u0219te dimensiunea uneltelor sau cu\u021bitelor. <\/p>\n\n\n\n<p>F\u0103r\u0103 linii sau incluziuni de care s\u0103 v\u0103 face\u021bi griji. Aceast\u0103 piatr\u0103 este sigilat\u0103.<\/p>\n\n\n\n<p><strong>Maruo (Maruoyama)<\/strong><br>Una dintre pu\u021binele mine japoneze de piatr\u0103 de ascuit \u00eenc\u0103 \u00een func\u021biune. Aceast\u0103 min\u0103 occidental\u0103 este renumit\u0103 pentru costumele sale moi shiro. Aceast\u0103 min\u0103 este, de asemenea, bine considerat\u0103 pentru pietrele sale shiki uchigumori (tenjyou suita), ao suita \u0219i aisa. Odinioar\u0103 disponibile pe scar\u0103 larg\u0103 \u0219i relativ ieftin\u0103, cererea crescut\u0103 a dep\u0103\u0219it oferta, f\u0103c\u00e2nd aceste pietre mai greu de ob\u021binut, iar acum sunt semnificativ mai scumpe dec\u00e2t erau acum c\u00e2\u021biva ani. Cu toate acestea, av\u00e2nd \u00een vedere toate avantajele, acestea sunt destul de accesibile.<\/p>","protected":false},"excerpt":{"rendered":"<ul>\n<li>Potrivit pentru finisarea briciurilor, cu\u021bitelor, foarfecelor, t\u00e2mpl\u0103riei \u0219i a altor unelte.<\/li>\n<li>Dimensiuni: 153x75x21 mm<\/li>\n<li>Greutate cu suport: 940 g<\/li>\n<li>Duritate: Lv 4<\/li>\n<li>Suprafa\u021b\u0103 neted\u0103 \u0219i gata de utilizare<\/li>\n<li>V\u0103 recomand\u0103m s\u0103 lucra\u021bi cu ap\u0103 cald\u0103, deoarece apa rece afecteaz\u0103 viteza \u0219i r\u0103spunsul<\/li>\n<\/ul>","protected":false},"featured_media":1897,"comment_status":"open","ping_status":"closed","template":"","meta":[],"product_brand":[],"product_cat":[22],"product_tag":[234,233],"class_list":{"0":"post-1893","1":"product","2":"type-product","3":"status-publish","4":"has-post-thumbnail","6":"product_cat-jnats","7":"product_tag-maruo","8":"product_tag-maruoyama","9":"product_shipping_class-iprastas","11":"first","12":"outofstock","13":"shipping-taxable","14":"purchasable","15":"product-type-simple"},"_links":{"self":[{"href":"https:\/\/jnats.eu\/ro\/wp-json\/wp\/v2\/product\/1893","targetHints":{"allow":["GET"]}}],"collection":[{"href":"https:\/\/jnats.eu\/ro\/wp-json\/wp\/v2\/product"}],"about":[{"href":"https:\/\/jnats.eu\/ro\/wp-json\/wp\/v2\/types\/product"}],"replies":[{"embeddable":true,"href":"https:\/\/jnats.eu\/ro\/wp-json\/wp\/v2\/comments?post=1893"}],"wp:featuredmedia":[{"embeddable":true,"href":"https:\/\/jnats.eu\/ro\/wp-json\/wp\/v2\/media\/1897"}],"wp:attachment":[{"href":"https:\/\/jnats.eu\/ro\/wp-json\/wp\/v2\/media?parent=1893"}],"wp:term":[{"taxonomy":"product_brand","embeddable":true,"href":"https:\/\/jnats.eu\/ro\/wp-json\/wp\/v2\/product_brand?post=1893"},{"taxonomy":"product_cat","embeddable":true,"href":"https:\/\/jnats.eu\/ro\/wp-json\/wp\/v2\/product_cat?post=1893"},{"taxonomy":"product_tag","embeddable":true,"href":"https:\/\/jnats.eu\/ro\/wp-json\/wp\/v2\/product_tag?post=1893"}],"curies":[{"name":"wp","href":"https:\/\/api.w.org\/{rel}","templated":true}]}}