{"id":1899,"date":"2024-04-22T10:03:17","date_gmt":"2024-04-22T07:03:17","guid":{"rendered":"http:\/\/jnats.eu\/?post_type=product&#038;p=1899"},"modified":"2026-02-13T11:06:39","modified_gmt":"2026-02-13T09:06:39","slug":"shohonyama-ohira-red-japoniskas-naturalus-akmuo-galandimui","status":"publish","type":"product","link":"https:\/\/jnats.eu\/ro\/product-2\/shohonyama-ohira-red-japoniskas-naturalus-akmuo-galandimui\/","title":{"rendered":"Shohonyama Ohira Red piatr\u0103 de ascu\u021bit natural\u0103 japonez\u0103"},"content":{"rendered":"<p>Acesta este Shohonyama Red Ohira Ipponsen din Kyoto. Finisaje pentru cutite si unelte de tamplarie. \u00cen aceast\u0103 min\u0103, Ohira Ro\u0219ie este una dintre cele mai bune \u0219i mai valoroase. Aceast\u0103 Ohira ro\u0219ie, o frumoas\u0103 nuan\u021b\u0103 roz arat\u0103 o fa\u021b\u0103 str\u0103lucitoare. Puterea moale, abraziv\u0103 este destul de bun\u0103. Procesul de ascu\u021bire este foarte lin\u0103, suspensia fin\u0103 iese destul de repede, u\u0219or de ascu\u021bit. Suprafa\u021ba este neted\u0103, f\u0103r\u0103 linii sau incluziuni \u201etoxice\u201d. <\/p>\n\n\n\n<figure class=\"wp-block-embed is-type-video is-provider-youtube wp-block-embed-youtube wp-embed-aspect-16-9 wp-has-aspect-ratio\"><div class=\"wp-block-embed__wrapper\">\n<div class=\"video-container\"><iframe title=\"XINZUO Knife Review | V\u00e2ndut ca Kamazaki \u00een Lituania | Heimcut \u00een Rusia\" width=\"1170\" height=\"658\" src=\"https:\/\/www.youtube.com\/embed\/htGmVVVoAwg?start=184&#038;feature=oembed\" frameborder=\"0\" allow=\"accelerometer; autoplay; clipboard-write; encrypted-media; gyroscope; picture-in-picture; web-share\" referrerpolicy=\"strict-origin-when-cross-origin\" allowfullscreen><\/iframe><\/div>\n<\/div><\/figure>\n\n\n\n<p>Re\u021bine\u021bi c\u0103 pietrele naturale japoneze de ascu\u021bit ar putea s\u0103 nu atrag\u0103 ascu\u021bitorii \u00eencep\u0103tori, deoarece sunt mai greu de utilizat \u0219i func\u021bioneaz\u0103 mai lent dec\u00e2t cele artificiale. Acestea sunt pietre naturale, deci fiecare este diferit\u0103, a\u0219a c\u0103 dimensiunile pe care le-am m\u0103surat nu sunt exacte. Este o investi\u021bie pe tot parcursul vie\u021bii pentru oamenii care \u00ee\u0219i ascu\u021besc cu\u021bitele \u0219i uneltele. <\/p>\n\n\n\n<p>Sim\u021bi\u021bi-v\u0103 liber s\u0103 v\u0103 adresa\u021bi \u00eentreb\u0103rile dac\u0103 ave\u021bi.<\/p>","protected":false},"excerpt":{"rendered":"<ul>\n<li>Potrivit pentru cu\u021bite de finisare, foarfece, t\u00e2mpl\u0103rie \u0219i alte unelte.<\/li>\n<li>Dimensiuni: 206x75x36 mm<\/li>\n<li>Greutate cu suport: 1880 g<\/li>\n<li>Duritate: Lv 4<\/li>\n<li>Suprafa\u021b\u0103 neted\u0103 \u0219i gata de utilizare<\/li>\n<li>V\u0103 recomand\u0103m s\u0103 lucra\u021bi cu ap\u0103 cald\u0103, deoarece apa rece reduce viteza \u0219i r\u0103spunsul.<\/li>\n<\/ul>","protected":false},"featured_media":1903,"comment_status":"open","ping_status":"closed","template":"","meta":[],"product_brand":[],"product_cat":[22],"product_tag":[47,235],"class_list":{"0":"post-1899","1":"product","2":"type-product","3":"status-publish","4":"has-post-thumbnail","6":"product_cat-jnats","7":"product_tag-ohira","8":"product_tag-shohonyama","9":"product_shipping_class-iprastas","11":"first","12":"instock","13":"shipping-taxable","14":"purchasable","15":"product-type-simple"},"_links":{"self":[{"href":"https:\/\/jnats.eu\/ro\/wp-json\/wp\/v2\/product\/1899","targetHints":{"allow":["GET"]}}],"collection":[{"href":"https:\/\/jnats.eu\/ro\/wp-json\/wp\/v2\/product"}],"about":[{"href":"https:\/\/jnats.eu\/ro\/wp-json\/wp\/v2\/types\/product"}],"replies":[{"embeddable":true,"href":"https:\/\/jnats.eu\/ro\/wp-json\/wp\/v2\/comments?post=1899"}],"wp:featuredmedia":[{"embeddable":true,"href":"https:\/\/jnats.eu\/ro\/wp-json\/wp\/v2\/media\/1903"}],"wp:attachment":[{"href":"https:\/\/jnats.eu\/ro\/wp-json\/wp\/v2\/media?parent=1899"}],"wp:term":[{"taxonomy":"product_brand","embeddable":true,"href":"https:\/\/jnats.eu\/ro\/wp-json\/wp\/v2\/product_brand?post=1899"},{"taxonomy":"product_cat","embeddable":true,"href":"https:\/\/jnats.eu\/ro\/wp-json\/wp\/v2\/product_cat?post=1899"},{"taxonomy":"product_tag","embeddable":true,"href":"https:\/\/jnats.eu\/ro\/wp-json\/wp\/v2\/product_tag?post=1899"}],"curies":[{"name":"wp","href":"https:\/\/api.w.org\/{rel}","templated":true}]}}