{"id":1905,"date":"2024-04-22T10:14:02","date_gmt":"2024-04-22T07:14:02","guid":{"rendered":"http:\/\/jnats.eu\/?post_type=product&#038;p=1905"},"modified":"2024-04-22T10:14:04","modified_gmt":"2024-04-22T07:14:04","slug":"okudo-asagi-japoniskas-naturalus-akmuo-galandimui","status":"publish","type":"product","link":"https:\/\/jnats.eu\/ro\/product-2\/okudo-asagi-japoniskas-naturalus-akmuo-galandimui\/","title":{"rendered":"Okudo Asagi piatr\u0103 natural\u0103 de ascu\u021bit japonez\u0103"},"content":{"rendered":"<p>Aceast\u0103 piatr\u0103 este surprinz\u0103tor de flexibil\u0103 \u0219i potrivit\u0103 pentru finisarea oric\u0103rui instrument. Ascutie extrem de rapid toate tipurile de otel si este foarte potrivita pentru finisarea aparatelor de ras, cutitelor de bucatarie sau uneltelor. <\/p>\n\n\n\n<p>Culori frumoase de gri cu linii neclare mai \u00eenchise Asagi din Okudo. Piatra este lipit\u0103 pe un suport de lemn. <\/p>\n\n\n\n<p><strong>Okudo (\u5965\u6bbf)<\/strong><br>Mina de Est, renumit\u0103 pentru suita \u0219i alte pietre de finisare de ascu\u021bit. Ele sunt de obicei foarte dure, destul de mici \u0219i destul de rapide. Pietrele Okudo autentice sunt de obicei foarte scumpe \u0219i rare, iar g\u0103sirea lor cu sigilii autentice este aproape imposibil\u0103.<\/p>","protected":false},"excerpt":{"rendered":"<ul>\n<li>Potrivit pentru finisarea briciurilor, cu\u021bitelor, foarfecelor, t\u00e2mpl\u0103riei \u0219i a altor unelte.<\/li>\n<li>Dimensiuni: 206x78x35 mm<\/li>\n<li>Greutate cu suport: 1550 g<\/li>\n<li>Duritate: Lv 5<\/li>\n<li>Suprafa\u021b\u0103 neted\u0103 \u0219i gata de utilizare<\/li>\n<li>V\u0103 recomand\u0103m s\u0103 lucra\u021bi cu ap\u0103 cald\u0103, deoarece apa rece reduce viteza \u0219i r\u0103spunsul.<\/li>\n<\/ul>","protected":false},"featured_media":1912,"comment_status":"open","ping_status":"closed","template":"","meta":[],"product_brand":[],"product_cat":[22],"product_tag":[45,142],"class_list":{"0":"post-1905","1":"product","2":"type-product","3":"status-publish","4":"has-post-thumbnail","6":"product_cat-jnats","7":"product_tag-asagi","8":"product_tag-okudo","9":"product_shipping_class-iprastas","11":"first","12":"instock","13":"shipping-taxable","14":"purchasable","15":"product-type-simple"},"_links":{"self":[{"href":"https:\/\/jnats.eu\/ro\/wp-json\/wp\/v2\/product\/1905","targetHints":{"allow":["GET"]}}],"collection":[{"href":"https:\/\/jnats.eu\/ro\/wp-json\/wp\/v2\/product"}],"about":[{"href":"https:\/\/jnats.eu\/ro\/wp-json\/wp\/v2\/types\/product"}],"replies":[{"embeddable":true,"href":"https:\/\/jnats.eu\/ro\/wp-json\/wp\/v2\/comments?post=1905"}],"wp:featuredmedia":[{"embeddable":true,"href":"https:\/\/jnats.eu\/ro\/wp-json\/wp\/v2\/media\/1912"}],"wp:attachment":[{"href":"https:\/\/jnats.eu\/ro\/wp-json\/wp\/v2\/media?parent=1905"}],"wp:term":[{"taxonomy":"product_brand","embeddable":true,"href":"https:\/\/jnats.eu\/ro\/wp-json\/wp\/v2\/product_brand?post=1905"},{"taxonomy":"product_cat","embeddable":true,"href":"https:\/\/jnats.eu\/ro\/wp-json\/wp\/v2\/product_cat?post=1905"},{"taxonomy":"product_tag","embeddable":true,"href":"https:\/\/jnats.eu\/ro\/wp-json\/wp\/v2\/product_tag?post=1905"}],"curies":[{"name":"wp","href":"https:\/\/api.w.org\/{rel}","templated":true}]}}