{"id":1913,"date":"2024-04-22T10:25:49","date_gmt":"2024-04-22T07:25:49","guid":{"rendered":"http:\/\/jnats.eu\/?post_type=product&#038;p=1913"},"modified":"2024-05-15T14:29:24","modified_gmt":"2024-05-15T11:29:24","slug":"okudo-honsu-hanashi-jisu-suita","status":"publish","type":"product","link":"https:\/\/jnats.eu\/ro\/product-2\/okudo-honsu-hanashi-jisu-suita\/","title":{"rendered":"Okudo Honsu Hanashi Jisu Suita"},"content":{"rendered":"<p>Aceast\u0103 piatr\u0103 este dur\u0103 \u0219i fin\u0103, dar are o senza\u021bie excelent\u0103 de ascu\u021bire \u0219i vitez\u0103. Nu elibereaz\u0103 \u0219lam, a\u0219a c\u0103 recomand o pil\u0103 de unghii sau o plac\u0103 de diamant pentru a gr\u0103bi lustruirea cu\u021bitelor. Reziduurile negre se vor acumula rapid atunci c\u00e2nd v\u0103 ascu\u021bi lama pe aceast\u0103 piatr\u0103. <\/p>\n\n\n\n<p>Aceast\u0103 piatr\u0103 func\u021bioneaz\u0103 bine \u0219i cu unelte de t\u00e2mpl\u0103rie, cum ar fi daltele \u0219i avioanele.<\/p>\n\n\n\n<p><strong>Okudo (\u5965\u6bbf)<\/strong><br>Mina de Est, renumit\u0103 pentru suita sa. Aceste pietre sunt adesea numite \u201eRegele costumelor\u201d \u0219i sunt poate cele mai c\u0103utate de acest tip. Ele sunt de obicei foarte dure, destul de mici \u0219i rapide. Pietrele Okudo autentice sunt de obicei foarte scumpe \u0219i rareori disponibile.<\/p>","protected":false},"excerpt":{"rendered":"<ul>\n<li>Potrivit pentru cu\u021bite de finisare, foarfece, t\u00e2mpl\u0103rie \u0219i alte unelte.<\/li>\n<li>Dimensiuni: 207x78x15 mm<\/li>\n<li>Greutate: 660 g<\/li>\n<li>Duritate: Lv 4.5<\/li>\n<li>liniile sunt sigure<\/li>\n<li>Suprafa\u021b\u0103 neted\u0103 \u0219i gata de utilizare<\/li>\n<li>V\u0103 recomand\u0103m s\u0103 lucra\u021bi cu ap\u0103 cald\u0103, deoarece apa rece reduce viteza \u0219i r\u0103spunsul.<\/li>\n<\/ul>","protected":false},"featured_media":1916,"comment_status":"open","ping_status":"closed","template":"","meta":[],"product_brand":[],"product_cat":[22],"product_tag":[142,50],"class_list":{"0":"post-1913","1":"product","2":"type-product","3":"status-publish","4":"has-post-thumbnail","6":"product_cat-jnats","7":"product_tag-okudo","8":"product_tag-suita","9":"product_shipping_class-iprastas","11":"first","12":"outofstock","13":"shipping-taxable","14":"purchasable","15":"product-type-simple"},"_links":{"self":[{"href":"https:\/\/jnats.eu\/ro\/wp-json\/wp\/v2\/product\/1913","targetHints":{"allow":["GET"]}}],"collection":[{"href":"https:\/\/jnats.eu\/ro\/wp-json\/wp\/v2\/product"}],"about":[{"href":"https:\/\/jnats.eu\/ro\/wp-json\/wp\/v2\/types\/product"}],"replies":[{"embeddable":true,"href":"https:\/\/jnats.eu\/ro\/wp-json\/wp\/v2\/comments?post=1913"}],"wp:featuredmedia":[{"embeddable":true,"href":"https:\/\/jnats.eu\/ro\/wp-json\/wp\/v2\/media\/1916"}],"wp:attachment":[{"href":"https:\/\/jnats.eu\/ro\/wp-json\/wp\/v2\/media?parent=1913"}],"wp:term":[{"taxonomy":"product_brand","embeddable":true,"href":"https:\/\/jnats.eu\/ro\/wp-json\/wp\/v2\/product_brand?post=1913"},{"taxonomy":"product_cat","embeddable":true,"href":"https:\/\/jnats.eu\/ro\/wp-json\/wp\/v2\/product_cat?post=1913"},{"taxonomy":"product_tag","embeddable":true,"href":"https:\/\/jnats.eu\/ro\/wp-json\/wp\/v2\/product_tag?post=1913"}],"curies":[{"name":"wp","href":"https:\/\/api.w.org\/{rel}","templated":true}]}}