{"id":192,"date":"2024-02-25T13:37:39","date_gmt":"2024-02-25T11:37:39","guid":{"rendered":"http:\/\/jnats.eu\/?post_type=product&#038;p=192"},"modified":"2024-07-20T04:48:16","modified_gmt":"2024-07-20T01:48:16","slug":"shobudani-karasu-suita-hibridas","status":"publish","type":"product","link":"https:\/\/jnats.eu\/ro\/product-2\/shobudani-karasu-suita-hibridas\/","title":{"rendered":"Shobudani Karasu Suita Hybrid Japanese Natural Sharpening Stone"},"content":{"rendered":"<p>O crea\u021bie unic\u0103 a naturii: Shobudani Karasu Suita Hibridul fascineaz\u0103 prin structura sa uniform\u0103 cu \u201ecorbi\u201d \u0219i \u201eflori de lotus\u201d. Partea Karasu este perfect\u0103 pentru finisarea aparatelor de ras. Desigur, se va descurca cu u\u0219urin\u021b\u0103 cu\u021bite \u0219i alte unelte. Partea din apartament este pu\u021bin mai aspr\u0103. O piatr\u0103 similar\u0103 de form\u0103 obi\u0219nuit\u0103 ar costa c\u00e2teva mii de euro.<\/p>\n\n\n\n<p><\/p>\n\n\n\n<ul class=\"wp-block-list\">\n<li><strong>Duritate: Lv 4,8<\/strong><\/li>\n\n\n\n<li><strong>Dimensiuni (aprox.): 180x100x40 mm<\/strong><\/li>\n\n\n\n<li><strong>Greutate (cu suport): 1540 g.<\/strong><\/li>\n\n\n\n<li><strong>Greu<strong>, de lucru rapid<\/strong> piatra cu structura omogena. Liniile sunt complet sigure \u0219i nu se simt deloc uzate. Perfect pentru finisarea aparatelor de ras, cutitelor, tamplariei si alte unelte.&nbsp;<\/strong><\/li>\n<\/ul>\n\n\n\n<p>Pietrele naturale japoneze nu se murd\u0103resc \u0219i nu creeaz\u0103 bavuri \u00een timpul utiliz\u0103rii, iar lama dureaz\u0103 mai mult, dar ascu\u021bimea maxim\u0103 este u\u0219or inferioar\u0103 celor artificiale.<\/p>\n\n\n\n<figure class=\"wp-block-embed is-type-video is-provider-youtube wp-block-embed-youtube wp-embed-aspect-16-9 wp-has-aspect-ratio\"><div class=\"wp-block-embed__wrapper\">\n<div class=\"video-container\"><iframe title=\"Cu\u021bit de ascu\u021bit cu pietre de coacere naturale japoneze: Shobudani Suita-Karasu, Ohira, Nakayama Maruka\" width=\"1170\" height=\"658\" src=\"https:\/\/www.youtube.com\/embed\/SqtxWfIvc8M?feature=oembed\" frameborder=\"0\" allow=\"accelerometer; autoplay; clipboard-write; encrypted-media; gyroscope; picture-in-picture; web-share\" referrerpolicy=\"strict-origin-when-cross-origin\" allowfullscreen><\/iframe><\/div>\n<\/div><\/figure>","protected":false},"excerpt":{"rendered":"<p><!-- wp:list --><\/p>\n<ul><!-- wp:list-item --><\/p>\n<li><strong>Duritate: Lv 4,8<\/strong><\/li>\n<p><!-- \/wp:list-item --><\/p>\n<p><!-- wp:list-item --><\/p>\n<li><strong>Dimensiuni (aprox.): 180x100x40 mm<\/strong><\/li>\n<p><!-- \/wp:list-item --><\/p>\n<p><!-- wp:list-item --><\/p>\n<li><strong>Greutate (cu suport): 1540 g.<\/strong><\/li>\n<p><!-- \/wp:list-item --><\/p>\n<p><!-- wp:list-item --><\/p>\n<li><strong>O piatr\u0103 dur\u0103, care lucreaz\u0103 rapid, cu o structur\u0103 omogen\u0103. Liniile sunt complet sigure \u0219i nu se simt deloc uzate. Perfect pentru finisarea aparatelor de ras, cutitelor, tamplariei si alte unelte.\u00a0<\/strong><\/li>\n<p><!-- \/wp:list-item --><\/ul>\n<p><!-- \/wp:list --><\/p>","protected":false},"featured_media":1179,"comment_status":"open","ping_status":"closed","template":"","meta":[],"product_brand":[],"product_cat":[22],"product_tag":[57,44,56,50],"class_list":{"0":"post-192","1":"product","2":"type-product","3":"status-publish","4":"has-post-thumbnail","6":"product_cat-jnats","7":"product_tag-karasu","8":"product_tag-shobudani","9":"product_tag-shobudani-karasu-suita","10":"product_tag-suita","11":"product_shipping_class-iprastas","13":"first","14":"outofstock","15":"sale","16":"shipping-taxable","17":"purchasable","18":"product-type-simple"},"_links":{"self":[{"href":"https:\/\/jnats.eu\/ro\/wp-json\/wp\/v2\/product\/192","targetHints":{"allow":["GET"]}}],"collection":[{"href":"https:\/\/jnats.eu\/ro\/wp-json\/wp\/v2\/product"}],"about":[{"href":"https:\/\/jnats.eu\/ro\/wp-json\/wp\/v2\/types\/product"}],"replies":[{"embeddable":true,"href":"https:\/\/jnats.eu\/ro\/wp-json\/wp\/v2\/comments?post=192"}],"wp:featuredmedia":[{"embeddable":true,"href":"https:\/\/jnats.eu\/ro\/wp-json\/wp\/v2\/media\/1179"}],"wp:attachment":[{"href":"https:\/\/jnats.eu\/ro\/wp-json\/wp\/v2\/media?parent=192"}],"wp:term":[{"taxonomy":"product_brand","embeddable":true,"href":"https:\/\/jnats.eu\/ro\/wp-json\/wp\/v2\/product_brand?post=192"},{"taxonomy":"product_cat","embeddable":true,"href":"https:\/\/jnats.eu\/ro\/wp-json\/wp\/v2\/product_cat?post=192"},{"taxonomy":"product_tag","embeddable":true,"href":"https:\/\/jnats.eu\/ro\/wp-json\/wp\/v2\/product_tag?post=192"}],"curies":[{"name":"wp","href":"https:\/\/api.w.org\/{rel}","templated":true}]}}