{"id":1945,"date":"2024-04-23T10:06:17","date_gmt":"2024-04-23T07:06:17","guid":{"rendered":"http:\/\/jnats.eu\/?post_type=product&#038;p=1945"},"modified":"2024-06-29T15:55:34","modified_gmt":"2024-06-29T12:55:34","slug":"okudo-tenjyou-suita","status":"publish","type":"product","link":"https:\/\/jnats.eu\/ro\/product-2\/okudo-tenjyou-suita\/","title":{"rendered":"Costum Okudo Tenjyou"},"content":{"rendered":"<p>Aceast\u0103 piatr\u0103 este dur\u0103 \u0219i fin\u0103, dar are o senza\u021bie excelent\u0103 de ascu\u021bire \u0219i vitez\u0103. Nu va forma o suspensie, a\u0219a c\u0103 v\u0103 recomand\u0103m s\u0103 folosi\u021bi un tampon de lustruit pentru a accelera lustruirea cu\u021bitelor dumneavoastr\u0103. Dimpotriv\u0103, de\u0219eurile de metal negru se vor acumula rapid atunci c\u00e2nd ascu\u021bi lama pe o piatr\u0103. Cu r\u0103bdarea \u0219i tehnica potrivite, pietrele las\u0103 un finisaj str\u0103lucitor \u0219i rafinat at\u00e2t pe laminat moale, c\u00e2t \u0219i pe o\u021bel dur. <\/p>\n\n\n\n<p>Lamele sunt destul de neagresive, dar sunt perfecte pentru cu\u021bitele de buc\u0103t\u0103rie. Aceast\u0103 piatr\u0103 func\u021bioneaz\u0103 bine \u0219i cu unelte de t\u00e2mpl\u0103rie, cum ar fi d\u0103l\u021bile \u0219i rindele \u0219i este un excelent agent de prefinisare pentru aparate de ras. Nu v\u0103 recomand\u0103m s\u0103 folosi\u021bi o plac\u0103 diamantat\u0103 pentru aparate de ras, unelte \u0219i lustruit, deoarece am observat c\u0103 suspensia este neuniform\u0103 \u0219i nu at\u00e2t de fin\u0103 pe c\u00e2t mi-a\u0219 dori. <\/p>\n\n\n\n<p>O piatr\u0103 mic\u0103 va face toat\u0103 munca perfect \u0219i este semnificativ mai ieftin\u0103 dec\u00e2t una de dimensiune complet\u0103 de calitate similar\u0103. \u00cen prezent, piatra este de culoare galben\u0103 \u0219i alb\u0103. Mai ad\u00e2nc pe p\u0103r\u021bile laterale sunt pu\u021bine vizibile <em>CU<\/em> (g\u0103uri) \u0219i f\u0103r\u0103 linii toxice. Exist\u0103, de asemenea, un model rar renge \u0219i namazu.<\/p>\n\n\n\n<p><strong>Okudo (\u5965\u6bbf)<\/strong><br>Mina de Est, renumit\u0103 pentru suita sa. Aceste pietre sunt adesea numite \u201eRegele costumelor\u201d \u0219i sunt poate cele mai c\u0103utate dintre \u201ecolegii\u201d lor de acest tip. Ele sunt de obicei foarte dure, destul de mici \u0219i rapide. Pietrele Okudo autentice sunt de obicei foarte scumpe \u0219i rareori disponibile.<\/p>\n\n\n\n<figure class=\"wp-block-embed is-type-video is-provider-youtube wp-block-embed-youtube wp-embed-aspect-16-9 wp-has-aspect-ratio\"><div class=\"wp-block-embed__wrapper\">\n<div class=\"video-container\"><iframe title=\"Costum Okudo Tenjyou, costum Okudo Black Lotus Shiro, costum Ohira Renge, costum Atago Shiro\" width=\"1170\" height=\"658\" src=\"https:\/\/www.youtube.com\/embed\/rH67SY_9N9o?start=526&#038;feature=oembed\" frameborder=\"0\" allow=\"accelerometer; autoplay; clipboard-write; encrypted-media; gyroscope; picture-in-picture; web-share\" referrerpolicy=\"strict-origin-when-cross-origin\" allowfullscreen><\/iframe><\/div>\n<\/div><\/figure>","protected":false},"excerpt":{"rendered":"<ul>\n<li>Potrivit pentru cu\u021bite de finisare, foarfece, t\u00e2mpl\u0103rie \u0219i alte unelte.<\/li>\n<li>Dimensiuni: 155x63x16 mm<\/li>\n<li>Greutate: 740 g<\/li>\n<li>Duritate: Lv 4,8<\/li>\n<li>Linii sigure<\/li>\n<li>Suprafa\u021b\u0103 neted\u0103 \u0219i gata de utilizare<\/li>\n<li>V\u0103 recomand\u0103m s\u0103 lucra\u021bi cu ap\u0103 cald\u0103, deoarece apa rece reduce viteza \u0219i r\u0103spunsul.<\/li>\n<\/ul>","protected":false},"featured_media":1950,"comment_status":"open","ping_status":"closed","template":"","meta":[],"product_brand":[],"product_cat":[22],"product_tag":[142,50,239],"class_list":{"0":"post-1945","1":"product","2":"type-product","3":"status-publish","4":"has-post-thumbnail","6":"product_cat-jnats","7":"product_tag-okudo","8":"product_tag-suita","9":"product_tag-tenjyou","10":"product_shipping_class-iprastas","12":"first","13":"outofstock","14":"sale","15":"shipping-taxable","16":"purchasable","17":"product-type-simple"},"_links":{"self":[{"href":"https:\/\/jnats.eu\/ro\/wp-json\/wp\/v2\/product\/1945","targetHints":{"allow":["GET"]}}],"collection":[{"href":"https:\/\/jnats.eu\/ro\/wp-json\/wp\/v2\/product"}],"about":[{"href":"https:\/\/jnats.eu\/ro\/wp-json\/wp\/v2\/types\/product"}],"replies":[{"embeddable":true,"href":"https:\/\/jnats.eu\/ro\/wp-json\/wp\/v2\/comments?post=1945"}],"wp:featuredmedia":[{"embeddable":true,"href":"https:\/\/jnats.eu\/ro\/wp-json\/wp\/v2\/media\/1950"}],"wp:attachment":[{"href":"https:\/\/jnats.eu\/ro\/wp-json\/wp\/v2\/media?parent=1945"}],"wp:term":[{"taxonomy":"product_brand","embeddable":true,"href":"https:\/\/jnats.eu\/ro\/wp-json\/wp\/v2\/product_brand?post=1945"},{"taxonomy":"product_cat","embeddable":true,"href":"https:\/\/jnats.eu\/ro\/wp-json\/wp\/v2\/product_cat?post=1945"},{"taxonomy":"product_tag","embeddable":true,"href":"https:\/\/jnats.eu\/ro\/wp-json\/wp\/v2\/product_tag?post=1945"}],"curies":[{"name":"wp","href":"https:\/\/api.w.org\/{rel}","templated":true}]}}