{"id":1952,"date":"2024-04-23T10:23:13","date_gmt":"2024-04-23T07:23:13","guid":{"rendered":"http:\/\/jnats.eu\/?post_type=product&#038;p=1952"},"modified":"2024-12-24T12:06:35","modified_gmt":"2024-12-24T10:06:35","slug":"okudo-black-lotus-shiro-suita","status":"publish","type":"product","link":"https:\/\/jnats.eu\/ro\/product-2\/okudo-black-lotus-shiro-suita\/","title":{"rendered":"Costum Okudo Black Lotus Shiro"},"content":{"rendered":"<p>Aceast\u0103 piatr\u0103 este dur\u0103 \u0219i destul de fin\u0103, dar are un r\u0103spuns \u0219i o vitez\u0103 excelente de ascu\u021bire. Are dificult\u0103\u021bi \u00een a elibera propria suspensie, dar chiar \u0219i f\u0103r\u0103 ea, viteza de func\u021bionare este mare. Lustruirea poate fi accelerat\u0103 folosind o plac\u0103 de \u0219lefuire sau diamant. Acest lucru nu va fi cu adev\u0103rat necesar la ascu\u021bire, deoarece zona de contact a o\u021belului va fi mult mai mic\u0103. Cu r\u0103bdarea \u0219i tehnica potrivite, pietrele las\u0103 un finisaj str\u0103lucitor \u0219i rafinat at\u00e2t pe laminat moale, c\u00e2t \u0219i pe o\u021bel dur.<\/p>\n\n\n\n<p>Lamele sunt destul de agresive si sunt perfecte pentru cutitele de bucatarie. Aceast\u0103 piatr\u0103 func\u021bioneaz\u0103 bine \u0219i cu unelte de t\u00e2mpl\u0103rie, cum ar fi daltele \u0219i rindele. Nu v\u0103 recomand\u0103m s\u0103 folosi\u021bi o plac\u0103 diamantat\u0103 pentru aparate de ras, unelte \u0219i lustruit, deoarece am observat c\u0103 suspensia este neuniform\u0103 \u0219i nu at\u00e2t de fin\u0103 pe c\u00e2t mi-a\u0219 dori.<\/p>\n\n\n\n<p>Dimensiunile pietrei v\u0103 vor permite s\u0103 efectua\u021bi confortabil toate lucr\u0103rile. Piatra este alb\u0103 cu puncte negre sub form\u0103 de \u201eflori de lotus\u201d \u00eempr\u0103\u0219tiate pe toat\u0103 suprafa\u021ba \u0219i grosimea. Exist\u0103 c\u00e2teva semne mici, abia vizibile, mai ad\u00e2nc pe p\u0103r\u021bile laterale.\u00a0<em>CU<\/em>\u00a0(g\u0103uri), datorit\u0103 c\u0103rora pietrele de ascu\u021bit Suita ating o vitez\u0103 de lucru \u0219i mai mare. Nu exist\u0103 absolut linii toxice, dar <strong>Grupurile de puncte negre pot distrage aten\u021bia \u00een unele cazuri. De exemplu. Lovirea cu lama \u00eendoit\u0103 o poate deteriora!<\/strong><\/p>\n\n\n\n<p>Ambele p\u0103r\u021bi sunt gata de lucru. Unul este mai grosier pentru etapa ini\u021bial\u0103 de ascu\u021bire, cel\u0103lalt este bun pentru finisare.<\/p>\n\n\n\n<p><strong>Okudo (\u5965\u6bbf)<\/strong><br>Mina de Est, renumit\u0103 pentru suita sa. Aceste pietre sunt adesea numite \u201eRegele costumelor\u201d \u0219i sunt poate cele mai c\u0103utate dintre \u201ecolegii\u201d lor de acest tip. Ele sunt de obicei foarte dure, destul de mici \u0219i rapide. Pietrele Okudo autentice sunt de obicei foarte scumpe \u0219i rar g\u0103site.<\/p>\n\n\n\n<figure class=\"wp-block-embed is-type-video is-provider-youtube wp-block-embed-youtube wp-embed-aspect-16-9 wp-has-aspect-ratio\"><div class=\"wp-block-embed__wrapper\">\n<div class=\"video-container\"><iframe title=\"Costum Okudo Tenjyou, costum Okudo Black Lotus Shiro, costum Ohira Renge, costum Atago Shiro\" width=\"1170\" height=\"658\" src=\"https:\/\/www.youtube.com\/embed\/rH67SY_9N9o?start=218&#038;feature=oembed\" frameborder=\"0\" allow=\"accelerometer; autoplay; clipboard-write; encrypted-media; gyroscope; picture-in-picture; web-share\" referrerpolicy=\"strict-origin-when-cross-origin\" allowfullscreen><\/iframe><\/div>\n<\/div><\/figure>","protected":false},"excerpt":{"rendered":"<ul>\n<li>Potrivit pentru finisarea cu\u021bitelor, foarfecelor, t\u00e2mpl\u0103riei \u0219i alte unelte. Pentru aparate de ras \u2013 prefinisare.<\/li>\n<li>Dimensiuni: 200x132x20 mm<\/li>\n<li>Greutate: 1300 g<\/li>\n<li>Duritate: Lv 5<\/li>\n<li>Ambele p\u0103r\u021bi sunt gata de lucru<\/li>\n<li><strong>Grupurile de puncte negre pot distrage aten\u021bia \u00een unele cazuri. De exemplu. Lovirea cu lama \u00eendoit\u0103 o poate deteriora! Sunt 2 dintre acestea pe o parte \u0219i mai multe pe cealalt\u0103.<\/strong><\/li>\n<\/ul>","protected":false},"featured_media":1954,"comment_status":"open","ping_status":"closed","template":"","meta":[],"product_brand":[],"product_cat":[22],"product_tag":[240,142,87,50],"class_list":{"0":"post-1952","1":"product","2":"type-product","3":"status-publish","4":"has-post-thumbnail","6":"product_cat-jnats","7":"product_tag-black-lotus","8":"product_tag-okudo","9":"product_tag-shiro","10":"product_tag-suita","11":"product_shipping_class-iprastas","13":"first","14":"outofstock","15":"sale","16":"shipping-taxable","17":"purchasable","18":"product-type-simple"},"_links":{"self":[{"href":"https:\/\/jnats.eu\/ro\/wp-json\/wp\/v2\/product\/1952","targetHints":{"allow":["GET"]}}],"collection":[{"href":"https:\/\/jnats.eu\/ro\/wp-json\/wp\/v2\/product"}],"about":[{"href":"https:\/\/jnats.eu\/ro\/wp-json\/wp\/v2\/types\/product"}],"replies":[{"embeddable":true,"href":"https:\/\/jnats.eu\/ro\/wp-json\/wp\/v2\/comments?post=1952"}],"wp:featuredmedia":[{"embeddable":true,"href":"https:\/\/jnats.eu\/ro\/wp-json\/wp\/v2\/media\/1954"}],"wp:attachment":[{"href":"https:\/\/jnats.eu\/ro\/wp-json\/wp\/v2\/media?parent=1952"}],"wp:term":[{"taxonomy":"product_brand","embeddable":true,"href":"https:\/\/jnats.eu\/ro\/wp-json\/wp\/v2\/product_brand?post=1952"},{"taxonomy":"product_cat","embeddable":true,"href":"https:\/\/jnats.eu\/ro\/wp-json\/wp\/v2\/product_cat?post=1952"},{"taxonomy":"product_tag","embeddable":true,"href":"https:\/\/jnats.eu\/ro\/wp-json\/wp\/v2\/product_tag?post=1952"}],"curies":[{"name":"wp","href":"https:\/\/api.w.org\/{rel}","templated":true}]}}