{"id":1969,"date":"2024-04-23T10:39:40","date_gmt":"2024-04-23T07:39:40","guid":{"rendered":"http:\/\/jnats.eu\/?post_type=product&#038;p=1969"},"modified":"2024-11-28T00:01:11","modified_gmt":"2024-11-27T22:01:11","slug":"ohira-renge-suita-kopa","status":"publish","type":"product","link":"https:\/\/jnats.eu\/ro\/product-2\/ohira-renge-suita-kopa\/","title":{"rendered":"Ohira Renge Suit Koppa"},"content":{"rendered":"<p>Un costum Ohira Renge, polivalent, potrivit pentru o varietate de sarcini. R\u0103spunsul este foarte neted, liniile nu provoac\u0103 probleme \u00een acest moment, dar petele maro vizibile sunt cel mai bine evitate deoarece pot deteriora lama, de aici \u0219i pre\u021bul foarte redus. Finisajul Kasumi este str\u0103lucitor \u0219i rafinat, eviden\u021biind detaliile materialului lamei \u0219i l\u0103s\u00e2nd o suprafa\u021b\u0103 \u201ef\u0103r\u0103 zg\u00e2rieturi\u201d \u00een orice lumin\u0103, cu excep\u021bia celei mai dure. Aceasta este o piatr\u0103 grozav\u0103 potrivit\u0103 pentru o varietate de sarcini - ascu\u021birea final\u0103 a cu\u021bitelor de buc\u0103t\u0103rie, lustruirea cu\u021bitelor, unelte, foarfece. Oameni precum Ohira Suita au ajutat mina s\u0103 ob\u021bin\u0103 o reputa\u021bie at\u00e2t de remarcabil\u0103.<\/p>\n\n\n\n<p>Acest costum shiro alb este decorat cu \u201eflori de lotus\u201d ro\u0219ii, cunoscute \u0219i sub numele de model renge. Are o form\u0103 \u0219i o dimensiune decent\u0103, iar liniile nu provoac\u0103 probleme cu ascu\u021birea. Partea inferioar\u0103 a pietrei este umplut\u0103 cu polimer.<\/p>\n\n\n\n<p><strong>Ohira (\u5927\u5e73, Oohira, Ohirayama)<\/strong><br>Mina de Vest, renumit\u0103 pentru calitatea Uchigumori \u0219i Suita. De\u0219i mina este \u00eenc\u0103 lucrat\u0103 ocazional, devine din ce \u00een ce mai dificil s\u0103 g\u0103se\u0219ti uchigumori \u0219i Ohira suita pentru export. Mul\u021bi mineri sunt \u00eengrijora\u021bi de furnizarea pe termen lung de pietre uchigumori de calitate. Datorit\u0103 calit\u0103\u021bii superioare a Ohira suita \u0219i uchigumori, nu este neobi\u0219nuit ca pietrele din alte mine s\u0103 fie \u0219tampilate sau v\u00e2ndute ca Ohira.<\/p>\n\n\n\n<figure class=\"wp-block-embed is-type-video is-provider-youtube wp-block-embed-youtube wp-embed-aspect-16-9 wp-has-aspect-ratio\"><div class=\"wp-block-embed__wrapper\">\n<div class=\"video-container\"><iframe title=\"Kasumi termina pe Jnats: Ohira, Nisshoyama Naikumo Suita, Shobudani Karasu\" width=\"1170\" height=\"658\" src=\"https:\/\/www.youtube.com\/embed\/EufKzrz4gFs?start=147&#038;feature=oembed\" frameborder=\"0\" allow=\"accelerometer; autoplay; clipboard-write; encrypted-media; gyroscope; picture-in-picture; web-share\" referrerpolicy=\"strict-origin-when-cross-origin\" allowfullscreen><\/iframe><\/div>\n<\/div><\/figure>","protected":false},"excerpt":{"rendered":"<ul>\n<li>Potrivit pentru cu\u021bite de finisare, foarfece, t\u00e2mpl\u0103rie \u0219i alte unelte. De asemenea, pentru finisare.<\/li>\n<li>Dimensiuni: 180x120x28 mm<\/li>\n<li>Greutate: 1390 g<\/li>\n<li>Duritate: Lv 4<\/li>\n<li>Liniile sunt sigure, <span style=\"color: #993300;\"><strong>pete \u201etoxice\u201d.<\/strong><\/span><\/li>\n<li>V\u0103 recomand\u0103m s\u0103 lucra\u021bi cu ap\u0103 cald\u0103, deoarece apa rece reduce viteza \u0219i r\u0103spunsul.<\/li>\n<\/ul>","protected":false},"featured_media":1971,"comment_status":"open","ping_status":"closed","template":"","meta":[],"product_brand":[],"product_cat":[22],"product_tag":[241,47,86,50],"class_list":{"0":"post-1969","1":"product","2":"type-product","3":"status-publish","4":"has-post-thumbnail","6":"product_cat-jnats","7":"product_tag-kopa","8":"product_tag-ohira","9":"product_tag-renge","10":"product_tag-suita","11":"product_shipping_class-iprastas","13":"first","14":"outofstock","15":"sale","16":"shipping-taxable","17":"purchasable","18":"product-type-simple"},"_links":{"self":[{"href":"https:\/\/jnats.eu\/ro\/wp-json\/wp\/v2\/product\/1969","targetHints":{"allow":["GET"]}}],"collection":[{"href":"https:\/\/jnats.eu\/ro\/wp-json\/wp\/v2\/product"}],"about":[{"href":"https:\/\/jnats.eu\/ro\/wp-json\/wp\/v2\/types\/product"}],"replies":[{"embeddable":true,"href":"https:\/\/jnats.eu\/ro\/wp-json\/wp\/v2\/comments?post=1969"}],"wp:featuredmedia":[{"embeddable":true,"href":"https:\/\/jnats.eu\/ro\/wp-json\/wp\/v2\/media\/1971"}],"wp:attachment":[{"href":"https:\/\/jnats.eu\/ro\/wp-json\/wp\/v2\/media?parent=1969"}],"wp:term":[{"taxonomy":"product_brand","embeddable":true,"href":"https:\/\/jnats.eu\/ro\/wp-json\/wp\/v2\/product_brand?post=1969"},{"taxonomy":"product_cat","embeddable":true,"href":"https:\/\/jnats.eu\/ro\/wp-json\/wp\/v2\/product_cat?post=1969"},{"taxonomy":"product_tag","embeddable":true,"href":"https:\/\/jnats.eu\/ro\/wp-json\/wp\/v2\/product_tag?post=1969"}],"curies":[{"name":"wp","href":"https:\/\/api.w.org\/{rel}","templated":true}]}}