{"id":1976,"date":"2024-04-23T10:52:41","date_gmt":"2024-04-23T07:52:41","guid":{"rendered":"http:\/\/jnats.eu\/?post_type=product&#038;p=1976"},"modified":"2024-04-26T10:14:33","modified_gmt":"2024-04-26T07:14:33","slug":"atago-shiro-suita","status":"publish","type":"product","link":"https:\/\/jnats.eu\/ro\/product-2\/atago-shiro-suita\/","title":{"rendered":"Costumul Atago Shiro"},"content":{"rendered":"<p>O Suita foarte rara pe care am vazut-o doar de cateva ori in comert. Aceast\u0103 piatr\u0103 este de duritate medie \u0219i fin\u0103, cu senza\u021bie \u0219i vitez\u0103 de ascu\u021bire medie. Nu va forma o suspensie, a\u0219a c\u0103 v\u0103 recomand\u0103m s\u0103 folosi\u021bi un tampon de lustruit pentru a accelera lustruirea cu\u021bitelor dumneavoastr\u0103. Dimpotriv\u0103, de\u0219eurile de metal negru se vor acumula rapid atunci c\u00e2nd ascu\u021bi lama pe o piatr\u0103. Cu r\u0103bdarea \u0219i tehnica potrivite, pietrele las\u0103 un finisaj str\u0103lucitor \u0219i rafinat at\u00e2t pe laminat moale, c\u00e2t \u0219i pe o\u021bel dur.<\/p>\n\n\n\n<p>Lamele sunt destul de neagresive, dar sunt perfecte pentru cu\u021bitele de buc\u0103t\u0103rie. Aceast\u0103 piatr\u0103 func\u021bioneaz\u0103 bine \u0219i cu unelte de t\u00e2mpl\u0103rie, cum ar fi d\u0103l\u021bile \u0219i rabele \u0219i este un excelent agent de prefinisare pentru aparate de ras. <\/p>\n\n\n\n<p>Piatra de ascu\u021bit Atago Shiro Suita va face toat\u0103 munca perfect. Piatra este gri, cu pete roz \u0219i linii g\u0103lbui la suprafa\u021b\u0103, care la prima vedere pot ar\u0103ta ca ni\u0219te zg\u00e2rieturi. Nu exist\u0103 linii toxice.<\/p>\n\n\n\n<p><strong>Atagoyama<\/strong><br>Aceast\u0103 min\u0103 a produs pietre din Chu-ishi naori, care sunt de obicei mari \u0219i curate. Muntele Atago este adesea considerat centrul zonei miniere a pietrei de ascu\u021bit din Kyoto.<\/p>\n\n\n\n<figure class=\"wp-block-embed is-type-video is-provider-youtube wp-block-embed-youtube wp-embed-aspect-16-9 wp-has-aspect-ratio\"><div class=\"wp-block-embed__wrapper\">\n<div class=\"video-container\"><iframe title=\"Costum Okudo Tenjyou, costum Okudo Black Lotus Shiro, costum Ohira Renge, costum Atago Shiro\" width=\"1170\" height=\"658\" src=\"https:\/\/www.youtube.com\/embed\/rH67SY_9N9o?start=549&#038;feature=oembed\" frameborder=\"0\" allow=\"accelerometer; autoplay; clipboard-write; encrypted-media; gyroscope; picture-in-picture; web-share\" referrerpolicy=\"strict-origin-when-cross-origin\" allowfullscreen><\/iframe><\/div>\n<\/div><\/figure>","protected":false},"excerpt":{"rendered":"<ul>\n<li>Potrivit pentru finisarea cu\u021bitelor, foarfecelor, t\u00e2mpl\u0103riei \u0219i alte unelte. Pentru aparate de ras \u2013 prefinisare.<\/li>\n<li>Dimensiuni: 204x75x33 mm<\/li>\n<li>Greutate cu suport: 1780 g<\/li>\n<li>Duritate: Lv 4<\/li>\n<li>Linii sigure<\/li>\n<li>Suprafa\u021b\u0103 neted\u0103 \u0219i gata de utilizare<\/li>\n<li>V\u0103 recomand\u0103m s\u0103 lucra\u021bi cu ap\u0103 cald\u0103, deoarece apa rece reduce viteza \u0219i r\u0103spunsul.<\/li>\n<\/ul>","protected":false},"featured_media":1980,"comment_status":"open","ping_status":"closed","template":"","meta":[],"product_brand":[],"product_cat":[22],"product_tag":[242,87,50],"class_list":{"0":"post-1976","1":"product","2":"type-product","3":"status-publish","4":"has-post-thumbnail","6":"product_cat-jnats","7":"product_tag-atago","8":"product_tag-shiro","9":"product_tag-suita","10":"product_shipping_class-iprastas","12":"first","13":"instock","14":"sale","15":"shipping-taxable","16":"purchasable","17":"product-type-simple"},"_links":{"self":[{"href":"https:\/\/jnats.eu\/ro\/wp-json\/wp\/v2\/product\/1976","targetHints":{"allow":["GET"]}}],"collection":[{"href":"https:\/\/jnats.eu\/ro\/wp-json\/wp\/v2\/product"}],"about":[{"href":"https:\/\/jnats.eu\/ro\/wp-json\/wp\/v2\/types\/product"}],"replies":[{"embeddable":true,"href":"https:\/\/jnats.eu\/ro\/wp-json\/wp\/v2\/comments?post=1976"}],"wp:featuredmedia":[{"embeddable":true,"href":"https:\/\/jnats.eu\/ro\/wp-json\/wp\/v2\/media\/1980"}],"wp:attachment":[{"href":"https:\/\/jnats.eu\/ro\/wp-json\/wp\/v2\/media?parent=1976"}],"wp:term":[{"taxonomy":"product_brand","embeddable":true,"href":"https:\/\/jnats.eu\/ro\/wp-json\/wp\/v2\/product_brand?post=1976"},{"taxonomy":"product_cat","embeddable":true,"href":"https:\/\/jnats.eu\/ro\/wp-json\/wp\/v2\/product_cat?post=1976"},{"taxonomy":"product_tag","embeddable":true,"href":"https:\/\/jnats.eu\/ro\/wp-json\/wp\/v2\/product_tag?post=1976"}],"curies":[{"name":"wp","href":"https:\/\/api.w.org\/{rel}","templated":true}]}}