{"id":1982,"date":"2024-04-23T11:05:48","date_gmt":"2024-04-23T08:05:48","guid":{"rendered":"http:\/\/jnats.eu\/?post_type=product&#038;p=1982"},"modified":"2024-12-15T22:12:52","modified_gmt":"2024-12-15T20:12:52","slug":"rishonzan-shiro-red-lotus-suita","status":"publish","type":"product","link":"https:\/\/jnats.eu\/ro\/product-2\/rishonzan-shiro-red-lotus-suita\/","title":{"rendered":"Suita Nisshoyama Rishonzan Shiro Red Lotus"},"content":{"rendered":"<p>Suit\u0103 Nisshoyama Rishonzan Shiro Red Lotus foarte rar. Aceast\u0103 piatr\u0103 este de duritate medie \u0219i fin\u0103, cu senza\u021bie \u0219i vitez\u0103 de ascu\u021bire medie. Este dificil s\u0103 se separe suspensia acestuia, a\u0219a c\u0103 recomand\u0103m folosirea unui tampon de lustruit pentru a accelera lustruirea cu\u021bitelor. \u00cen schimb, resturile de metal negre se vor acumula rapid atunci c\u00e2nd ascu\u021bi lama pe o piatr\u0103. Cu r\u0103bdarea \u0219i tehnica potrivite, pietrele las\u0103 un finisaj str\u0103lucitor \u0219i rafinat at\u00e2t pe laminat moale, c\u00e2t \u0219i pe o\u021bel dur.<\/p>\n\n\n\n<p>Lamele sunt destul de agresive si sunt perfecte pentru cutitele de bucatarie. Aceast\u0103 piatr\u0103 func\u021bioneaz\u0103 bine \u0219i cu unelte de t\u00e2mpl\u0103rie, cum ar fi daltele \u0219i rindele. Nu este potrivit pentru aparate de ras din cauza gaurilor destul de mari de pe suprafata, numite &quot;sho&quot; in Japonia. <em>cu<\/em>. Din cauza acestora din urm\u0103, este mai bine s\u0103 nu folosi\u021bi mult\u0103 for\u021b\u0103 atunci c\u00e2nd ascu\u021bi\u021bi.<\/p>\n\n\n\n<p>Fundul nu este neted, a\u0219a c\u0103 ar fi mai bine s\u0103 lipi\u021bi piatra de lemn sau s\u0103 o netezi\u021bi.<\/p>\n\n\n\n<figure class=\"wp-block-embed is-type-video is-provider-youtube wp-block-embed-youtube wp-embed-aspect-16-9 wp-has-aspect-ratio\"><div class=\"wp-block-embed__wrapper\">\n<div class=\"video-container\"><iframe title=\"Kasumi termina pe Jnats: Ohira, Nisshoyama Naikumo Suita, Shobudani Karasu\" width=\"1170\" height=\"658\" src=\"https:\/\/www.youtube.com\/embed\/EufKzrz4gFs?start=437&feature=oembed\" frameborder=\"0\" allow=\"accelerometer; autoplay; clipboard-write; encrypted-media; gyroscope; picture-in-picture; web-share\" referrerpolicy=\"strict-origin-when-cross-origin\" allowfullscreen><\/iframe><\/div>\n<\/div><\/figure>","protected":false},"excerpt":{"rendered":"<ul>\n<li>Potrivit pentru cu\u021bite de finisare, foarfece, t\u00e2mpl\u0103rie \u0219i alte unelte.<\/li>\n<li>Dimensiuni: 150x90x30 mm<\/li>\n<li>Greutate: 960 g<\/li>\n<li>Duritate: Lv 4<\/li>\n<li>Linii sigure<\/li>\n<li>Suprafa\u021b\u0103 neted\u0103 \u0219i gata de utilizare<\/li>\n<li>V\u0103 recomand\u0103m s\u0103 lucra\u021bi cu ap\u0103 cald\u0103, deoarece apa rece reduce viteza \u0219i r\u0103spunsul.<\/li>\n<\/ul>","protected":false},"featured_media":1985,"comment_status":"open","ping_status":"closed","template":"","meta":[],"product_brand":[],"product_cat":[22],"product_tag":[179,244,243,87,50],"class_list":{"0":"post-1982","1":"product","2":"type-product","3":"status-publish","4":"has-post-thumbnail","6":"product_cat-jnats","7":"product_tag-nisshoyama","8":"product_tag-red-lotus","9":"product_tag-rishonzan","10":"product_tag-shiro","11":"product_tag-suita","12":"product_shipping_class-iprastas","14":"first","15":"outofstock","16":"sale","17":"shipping-taxable","18":"purchasable","19":"product-type-simple"},"_links":{"self":[{"href":"https:\/\/jnats.eu\/ro\/wp-json\/wp\/v2\/product\/1982","targetHints":{"allow":["GET"]}}],"collection":[{"href":"https:\/\/jnats.eu\/ro\/wp-json\/wp\/v2\/product"}],"about":[{"href":"https:\/\/jnats.eu\/ro\/wp-json\/wp\/v2\/types\/product"}],"replies":[{"embeddable":true,"href":"https:\/\/jnats.eu\/ro\/wp-json\/wp\/v2\/comments?post=1982"}],"wp:featuredmedia":[{"embeddable":true,"href":"https:\/\/jnats.eu\/ro\/wp-json\/wp\/v2\/media\/1985"}],"wp:attachment":[{"href":"https:\/\/jnats.eu\/ro\/wp-json\/wp\/v2\/media?parent=1982"}],"wp:term":[{"taxonomy":"product_brand","embeddable":true,"href":"https:\/\/jnats.eu\/ro\/wp-json\/wp\/v2\/product_brand?post=1982"},{"taxonomy":"product_cat","embeddable":true,"href":"https:\/\/jnats.eu\/ro\/wp-json\/wp\/v2\/product_cat?post=1982"},{"taxonomy":"product_tag","embeddable":true,"href":"https:\/\/jnats.eu\/ro\/wp-json\/wp\/v2\/product_tag?post=1982"}],"curies":[{"name":"wp","href":"https:\/\/api.w.org\/{rel}","templated":true}]}}