{"id":200,"date":"2024-02-25T13:49:31","date_gmt":"2024-02-25T11:49:31","guid":{"rendered":"http:\/\/jnats.eu\/?post_type=product&#038;p=200"},"modified":"2024-07-03T10:06:44","modified_gmt":"2024-07-03T07:06:44","slug":"nakayama-zalias-akmuo-skustuvams","status":"publish","type":"product","link":"https:\/\/jnats.eu\/ro\/product-2\/nakayama-zalias-akmuo-skustuvams\/","title":{"rendered":"Nakayama Honzan piatr\u0103 verde pentru aparate de ras"},"content":{"rendered":"<p>Piatra verde Nakayama este perfect\u0103 pentru finisarea aparatelor de ras. Desigur, se va descurca cu u\u0219urin\u021b\u0103 cu\u021bite \u0219i alte unelte. O piatr\u0103 natural\u0103 omogen\u0103 de top care ar merita cu siguran\u021b\u0103 marca Maruka dac\u0103 ar avea o form\u0103 regulat\u0103. Totul este grozav aici: structur\u0103, viteza de lucru, uniformitate, r\u0103spuns etc. Acest tip de piatr\u0103 este una dintre cele mai apreciate nu numai \u00een Japonia, ci \u0219i de c\u0103tre mae\u0219trii din \u00eentreaga lume, motiv pentru care cost\u0103 mii de euro. Aceasta este o investi\u021bie pentru \u00eentreaga ta via\u021b\u0103 \u0219i pentru genera\u021biile viitoare, deoarece piatra se va uza foarte lent.<\/p>\n\n\n\n<p>Piatra de \u0219lefuit Nakayama este cel mai bun punct excavat \u00een prefectura Kyoto acum aproape 900 de ani. Mina a fost \u00eenchis\u0103 acum mai bine de 30 de ani. Mina a fost foarte important\u0103 ca problem\u0103 militar\u0103, deoarece pietrele extrase de acolo erau folosite pentru ascu\u021birea s\u0103biilor \u0219i, prin urmare, a fost protejat\u0103 mult timp de \u00eemp\u0103ratul japonez sau de guvernul japonez. Mina a putut fi exploatat\u0103 doar de familia Honma mult timp. Nakayama Maruka este o piatr\u0103 decorativ\u0103 foarte c\u0103utat\u0103 chiar \u0219i \u00een Japonia, deoarece mina a fost \u00eenchis\u0103 \u0219i devine din ce \u00een ce mai greu de g\u0103sit. Este ideal pentru ascu\u021birea aparatelor de ras, cu\u021bitelor sau a altor unelte care necesit\u0103 un finisaj foarte fin.<\/p>\n\n\n\n<ul class=\"wp-block-list\">\n<li><strong>Duritate: Lv <\/strong>5+<\/li>\n\n\n\n<li><strong>Dimensiuni (aprox.): 190x120x20 mm<\/strong><\/li>\n\n\n\n<li><strong>Greutate (cu suport): 1310 g.<\/strong><\/li>\n\n\n\n<li><strong>O piatr\u0103 tare, rapid\u0103, cu o structur\u0103 omogen\u0103. Perfect pentru finisarea aparatelor de ras, cutitelor, tamplariei si alte unelte.&nbsp;<\/strong><\/li>\n<\/ul>","protected":false},"excerpt":{"rendered":"<p><!-- wp:list --><\/p>\n<ul><!-- wp:list-item --><\/p>\n<li><strong>Duritate: Lv 5+<\/strong><\/li>\n<p><!-- \/wp:list-item --><\/p>\n<p><!-- wp:list-item --><\/p>\n<li><strong>Dimensiuni (aprox.): 190x120x20 mm<\/strong><\/li>\n<p><!-- \/wp:list-item --><\/p>\n<p><!-- wp:list-item --><\/p>\n<li><strong>Greutate (cu suport): 1310 g.<\/strong><\/li>\n<p><!-- \/wp:list-item --><\/p>\n<p><!-- wp:list-item --><\/p>\n<li><strong>O piatr\u0103 tare, rapid\u0103, cu o structur\u0103 omogen\u0103. Perfect pentru finisarea aparatelor de ras, cutitelor, tamplariei si alte unelte.\u00a0<\/strong><\/li>\n<p><!-- \/wp:list-item --><\/ul>\n<p><!-- \/wp:list --><\/p>","protected":false},"featured_media":1210,"comment_status":"open","ping_status":"closed","template":"","meta":[],"product_brand":[],"product_cat":[22],"product_tag":[58,49],"class_list":{"0":"post-200","1":"product","2":"type-product","3":"status-publish","4":"has-post-thumbnail","6":"product_cat-jnats","7":"product_tag-maruka","8":"product_tag-nakayama","9":"product_shipping_class-iprastas","11":"first","12":"outofstock","13":"sale","14":"shipping-taxable","15":"purchasable","16":"product-type-simple"},"_links":{"self":[{"href":"https:\/\/jnats.eu\/ro\/wp-json\/wp\/v2\/product\/200","targetHints":{"allow":["GET"]}}],"collection":[{"href":"https:\/\/jnats.eu\/ro\/wp-json\/wp\/v2\/product"}],"about":[{"href":"https:\/\/jnats.eu\/ro\/wp-json\/wp\/v2\/types\/product"}],"replies":[{"embeddable":true,"href":"https:\/\/jnats.eu\/ro\/wp-json\/wp\/v2\/comments?post=200"}],"wp:featuredmedia":[{"embeddable":true,"href":"https:\/\/jnats.eu\/ro\/wp-json\/wp\/v2\/media\/1210"}],"wp:attachment":[{"href":"https:\/\/jnats.eu\/ro\/wp-json\/wp\/v2\/media?parent=200"}],"wp:term":[{"taxonomy":"product_brand","embeddable":true,"href":"https:\/\/jnats.eu\/ro\/wp-json\/wp\/v2\/product_brand?post=200"},{"taxonomy":"product_cat","embeddable":true,"href":"https:\/\/jnats.eu\/ro\/wp-json\/wp\/v2\/product_cat?post=200"},{"taxonomy":"product_tag","embeddable":true,"href":"https:\/\/jnats.eu\/ro\/wp-json\/wp\/v2\/product_tag?post=200"}],"curies":[{"name":"wp","href":"https:\/\/api.w.org\/{rel}","templated":true}]}}