{"id":2002,"date":"2024-04-24T09:58:10","date_gmt":"2024-04-24T06:58:10","guid":{"rendered":"http:\/\/jnats.eu\/?post_type=product&#038;p=2002"},"modified":"2025-10-15T11:10:06","modified_gmt":"2025-10-15T08:10:06","slug":"yamashiro-honba-umegahata-suita","status":"publish","type":"product","link":"https:\/\/jnats.eu\/ro\/product-2\/yamashiro-honba-umegahata-suita\/","title":{"rendered":"Yamashiro Honba Umegahata Suita"},"content":{"rendered":"<p>Aceast\u0103 piatr\u0103 are o duritate medie mai mare \u0219i fin\u0103, cu r\u0103spuns \u0219i vitez\u0103 de ascu\u021bire bune. Nu \u00ee\u0219i va forma propria suspensie, a\u0219a c\u0103 v\u0103 recomand\u0103m s\u0103 folosi\u021bi un tampon de lustruit pentru a accelera lustruirea cu\u021bitelor dumneavoastr\u0103. \u00cen schimb, resturile de metal negre se vor acumula rapid atunci c\u00e2nd ascu\u021bi lama pe o piatr\u0103. Cu r\u0103bdarea \u0219i tehnica potrivite, pietrele las\u0103 un finisaj str\u0103lucitor \u0219i rafinat at\u00e2t pe laminat moale, c\u00e2t \u0219i pe o\u021bel dur.<\/p>\n\n\n\n<p>Lamele sunt agresive \u0219i perfecte pentru cu\u021bitele de buc\u0103t\u0103rie. Aceast\u0103 piatr\u0103 func\u021bioneaz\u0103 bine \u0219i cu unelte de t\u00e2mpl\u0103rie, cum ar fi d\u0103l\u021bile \u0219i rabele \u0219i este un excelent agent de prefinisare pentru aparate de ras.<\/p>\n\n\n\n<p>Yamashiro Honba Umegahata Suita Piatra japonez\u0103 de finisare pentru ascu\u021bit va face toat\u0103 munca perfect. Nu exist\u0103 linii toxice.<\/p>\n\n\n\n<figure class=\"wp-block-embed is-type-video is-provider-youtube wp-block-embed-youtube wp-embed-aspect-16-9 wp-has-aspect-ratio\"><div class=\"wp-block-embed__wrapper\">\n<div class=\"video-container\"><iframe title=\"Yamashiro Honba Umegahata Suita vs Chef Knife Apex Ultra 66 HRC\" width=\"1170\" height=\"658\" src=\"https:\/\/www.youtube.com\/embed\/OKUOUb-1hes?feature=oembed\" frameborder=\"0\" allow=\"accelerometer; autoplay; clipboard-write; encrypted-media; gyroscope; picture-in-picture; web-share\" referrerpolicy=\"strict-origin-when-cross-origin\" allowfullscreen><\/iframe><\/div>\n<\/div><\/figure>","protected":false},"excerpt":{"rendered":"<ul>\n<li>Potrivit pentru cu\u021bite de finisare, foarfece, t\u00e2mpl\u0103rie \u0219i alte unelte.\u00a0<\/li>\n<li>Dimensiuni: 201x77x43 mm<\/li>\n<li>Greutate: 1620 g<\/li>\n<li>Duritate: Lv 4.5<\/li>\n<li>Linii sigure<\/li>\n<li>Suprafa\u021ba este neted\u0103 \u0219i gata de lucru. Cealalt\u0103 parte este, de asemenea, plat\u0103 \u0219i poate fi finisat\u0103 cu u\u0219urin\u021b\u0103 prin c\u0103lcare.<\/li>\n<li>V\u0103 recomand\u0103m s\u0103 lucra\u021bi cu ap\u0103 cald\u0103, deoarece apa rece reduce viteza \u0219i r\u0103spunsul.<\/li>\n<\/ul>","protected":false},"featured_media":2004,"comment_status":"open","ping_status":"closed","template":"","meta":[],"product_brand":[],"product_cat":[22],"product_tag":[246,50,68,247],"class_list":{"0":"post-2002","1":"product","2":"type-product","3":"status-publish","4":"has-post-thumbnail","6":"product_cat-jnats","7":"product_tag-honba","8":"product_tag-suita","9":"product_tag-umegahata","10":"product_tag-yamashiro","11":"product_shipping_class-iprastas","13":"first","14":"outofstock","15":"sale","16":"shipping-taxable","17":"purchasable","18":"product-type-simple"},"_links":{"self":[{"href":"https:\/\/jnats.eu\/ro\/wp-json\/wp\/v2\/product\/2002","targetHints":{"allow":["GET"]}}],"collection":[{"href":"https:\/\/jnats.eu\/ro\/wp-json\/wp\/v2\/product"}],"about":[{"href":"https:\/\/jnats.eu\/ro\/wp-json\/wp\/v2\/types\/product"}],"replies":[{"embeddable":true,"href":"https:\/\/jnats.eu\/ro\/wp-json\/wp\/v2\/comments?post=2002"}],"wp:featuredmedia":[{"embeddable":true,"href":"https:\/\/jnats.eu\/ro\/wp-json\/wp\/v2\/media\/2004"}],"wp:attachment":[{"href":"https:\/\/jnats.eu\/ro\/wp-json\/wp\/v2\/media?parent=2002"}],"wp:term":[{"taxonomy":"product_brand","embeddable":true,"href":"https:\/\/jnats.eu\/ro\/wp-json\/wp\/v2\/product_brand?post=2002"},{"taxonomy":"product_cat","embeddable":true,"href":"https:\/\/jnats.eu\/ro\/wp-json\/wp\/v2\/product_cat?post=2002"},{"taxonomy":"product_tag","embeddable":true,"href":"https:\/\/jnats.eu\/ro\/wp-json\/wp\/v2\/product_tag?post=2002"}],"curies":[{"name":"wp","href":"https:\/\/api.w.org\/{rel}","templated":true}]}}