{"id":2008,"date":"2024-04-24T10:08:32","date_gmt":"2024-04-24T07:08:32","guid":{"rendered":"http:\/\/jnats.eu\/?post_type=product&#038;p=2008"},"modified":"2024-06-30T20:00:20","modified_gmt":"2024-06-30T17:00:20","slug":"shohonyama-aiiwatani-kiita-nashiji-tomae-koppa","status":"publish","type":"product","link":"https:\/\/jnats.eu\/ro\/product-2\/shohonyama-aiiwatani-kiita-nashiji-tomae-koppa\/","title":{"rendered":"Shohonyama Aiwatani Kiita Nashiji Tomae Koppa"},"content":{"rendered":"<p>\u00cen timp ce suprafa\u021ba este suficient de mare pentru a fi func\u021bional\u0103 pentru lucr\u0103ri mici de ascu\u021bit, forma acestei pietre o face cel mai potrivit\u0103 ca tomo-nagura de lux pentru pietrele de ascu\u021bit mai mari. Piatra este foarte fin\u0103 \u0219i nu prea dur\u0103, ceea ce o face un donator ideal de suspensie pentru pietrele Awasedo extrem de fine \u0219i dure.<\/p>\n\n\n\n<p>Piatra prezint\u0103 culori str\u0103lucitoare \u0219i asagi cu un strat de nashiji. Partea din spate este neuniform\u0103.<\/p>\n\n\n\n<p><strong>Aiwatani (\u76f8\u5ca9\u8c37, \u76f8\u5ca9\u8c37\u7523, \u5ca9\u8c37, Iwatani, Iwadani, Ai Iwatani, Aiwatani)<\/strong><br>Aceast\u0103 min\u0103 productiv\u0103 din Est a produs pietre renumite pentru c\u0103 sunt dure \u0219i fine. Ele sunt adesea v\u00e2ndute ca o alternativ\u0103 mai ieftin\u0103 la Nakayama awasedo foarte dur folosit pentru finisarea aparatelor de ras \u0219i a uneltelor dulgherilor.<\/p>","protected":false},"excerpt":{"rendered":"<ul>\n<li>Potrivit pentru finisarea briciurilor, cu\u021bitelor, foarfecelor, t\u00e2mpl\u0103riei \u0219i a altor unelte.<\/li>\n<li>Dimensiuni: 135x102x20 mm<\/li>\n<li>Greutate: 700 g<\/li>\n<li>Duritate: Lv 4<\/li>\n<li>Suprafa\u021b\u0103 neted\u0103 \u0219i gata de utilizare<\/li>\n<li>V\u0103 recomand\u0103m s\u0103 lucra\u021bi cu ap\u0103 cald\u0103, deoarece apa rece reduce viteza \u0219i r\u0103spunsul.<\/li>\n<\/ul>","protected":false},"featured_media":2010,"comment_status":"open","ping_status":"closed","template":"","meta":[],"product_brand":[],"product_cat":[22],"product_tag":[65,248,67],"class_list":{"0":"post-2008","1":"product","2":"type-product","3":"status-publish","4":"has-post-thumbnail","6":"product_cat-jnats","7":"product_tag-aiwatani","8":"product_tag-shohonyma","9":"product_tag-tomae","10":"product_shipping_class-iprastas","12":"first","13":"outofstock","14":"shipping-taxable","15":"purchasable","16":"product-type-simple"},"_links":{"self":[{"href":"https:\/\/jnats.eu\/ro\/wp-json\/wp\/v2\/product\/2008","targetHints":{"allow":["GET"]}}],"collection":[{"href":"https:\/\/jnats.eu\/ro\/wp-json\/wp\/v2\/product"}],"about":[{"href":"https:\/\/jnats.eu\/ro\/wp-json\/wp\/v2\/types\/product"}],"replies":[{"embeddable":true,"href":"https:\/\/jnats.eu\/ro\/wp-json\/wp\/v2\/comments?post=2008"}],"wp:featuredmedia":[{"embeddable":true,"href":"https:\/\/jnats.eu\/ro\/wp-json\/wp\/v2\/media\/2010"}],"wp:attachment":[{"href":"https:\/\/jnats.eu\/ro\/wp-json\/wp\/v2\/media?parent=2008"}],"wp:term":[{"taxonomy":"product_brand","embeddable":true,"href":"https:\/\/jnats.eu\/ro\/wp-json\/wp\/v2\/product_brand?post=2008"},{"taxonomy":"product_cat","embeddable":true,"href":"https:\/\/jnats.eu\/ro\/wp-json\/wp\/v2\/product_cat?post=2008"},{"taxonomy":"product_tag","embeddable":true,"href":"https:\/\/jnats.eu\/ro\/wp-json\/wp\/v2\/product_tag?post=2008"}],"curies":[{"name":"wp","href":"https:\/\/api.w.org\/{rel}","templated":true}]}}