{"id":2025,"date":"2024-04-24T10:29:46","date_gmt":"2024-04-24T07:29:46","guid":{"rendered":"http:\/\/jnats.eu\/?post_type=product&#038;p=2025"},"modified":"2025-10-06T23:26:09","modified_gmt":"2025-10-06T20:26:09","slug":"ohira-naikumo-suita","status":"publish","type":"product","link":"https:\/\/jnats.eu\/ro\/product-2\/ohira-naikumo-suita\/","title":{"rendered":"Suita Ohira Naikumu"},"content":{"rendered":"<p>Ohira Naikumo Suita, destul de mic\u0103, este u\u0219or de utilizat \u0219i ideal\u0103 pentru lustruirea \u0219i ascu\u021birea cu\u021bitelor de buc\u0103t\u0103rie. Dac\u0103 este ap\u0103sat\u0103 puternic, piatra va elibera o suspensie \u0219i va ascu\u021bi cu\u021bitul, dac\u0103 se aplic\u0103 o presiune mai u\u0219oar\u0103, aceasta va lustrui.  R\u0103spunsul este neted \u0219i suficient de informativ pentru a oferi utilizatorului o senza\u021bie bun\u0103 pentru procesul de ascu\u021bire. Aceast\u0103 piatr\u0103 ar fi un excelent \u0219i valoros cal de b\u0103taie pentru ascu\u021bire \u0219i lustruire.<\/p>\n\n\n\n<p>Aceast\u0103 suit\u0103 are o baz\u0103 crem pal\/albastru, pete ro\u0219ii rare \u00een renge \u0219i c\u00e2teva linii maro benigne.<\/p>\n\n\n\n<figure class=\"wp-block-embed is-type-video is-provider-youtube wp-block-embed-youtube wp-embed-aspect-16-9 wp-has-aspect-ratio\"><div class=\"wp-block-embed__wrapper\">\n<div class=\"video-container\"><iframe title=\"Kasumi termina pe Jnats: Ohira, Nisshoyama Naikumo Suita, Shobudani Karasu\" width=\"1170\" height=\"658\" src=\"https:\/\/www.youtube.com\/embed\/EufKzrz4gFs?start=715&feature=oembed\" frameborder=\"0\" allow=\"accelerometer; autoplay; clipboard-write; encrypted-media; gyroscope; picture-in-picture; web-share\" referrerpolicy=\"strict-origin-when-cross-origin\" allowfullscreen><\/iframe><\/div>\n<\/div><\/figure>\n\n\n\n<p><strong>Ohira (\u5927\u5e73, Oohira, Ohirayama)<\/strong><br>Mina de Vest, renumit\u0103 pentru calitatea Uchigumori \u0219i Suita. De\u0219i mina este \u00eenc\u0103 lucrat\u0103 ocazional, devine din ce \u00een ce mai dificil s\u0103 g\u0103se\u0219ti uchigumori \u0219i Ohira suita pentru export. Mul\u021bi mineri sunt \u00eengrijora\u021bi de furnizarea pe termen lung de pietre uchigumori de calitate. Datorit\u0103 calit\u0103\u021bii superioare a Ohira suita \u0219i uchigumori, nu este neobi\u0219nuit ca pietrele din alte mine s\u0103 fie \u0219tampilate sau v\u00e2ndute ca Ohira.<\/p>","protected":false},"excerpt":{"rendered":"<ul>\n<li>Potrivit pentru cu\u021bite de finisare, foarfece, t\u00e2mpl\u0103rie \u0219i alte unelte.<\/li>\n<li>Dimensiuni: 205x74x27 mm<\/li>\n<li>Greutate: 985 g<\/li>\n<li>Duritate: Lv 4<\/li>\n<li>Linii sigure<\/li>\n<li>Suprafa\u021ba nu este complet neted\u0103, exist\u0103 gropi pe margini.<\/li>\n<li>V\u0103 recomand\u0103m s\u0103 lucra\u021bi cu ap\u0103 cald\u0103, deoarece apa rece reduce viteza \u0219i r\u0103spunsul.<\/li>\n<\/ul>","protected":false},"featured_media":2026,"comment_status":"open","ping_status":"closed","template":"","meta":[],"product_brand":[],"product_cat":[22],"product_tag":[252,47,50],"class_list":{"0":"post-2025","1":"product","2":"type-product","3":"status-publish","4":"has-post-thumbnail","6":"product_cat-jnats","7":"product_tag-naikumo","8":"product_tag-ohira","9":"product_tag-suita","10":"product_shipping_class-iprastas","12":"first","13":"outofstock","14":"sale","15":"shipping-taxable","16":"purchasable","17":"product-type-simple"},"_links":{"self":[{"href":"https:\/\/jnats.eu\/ro\/wp-json\/wp\/v2\/product\/2025","targetHints":{"allow":["GET"]}}],"collection":[{"href":"https:\/\/jnats.eu\/ro\/wp-json\/wp\/v2\/product"}],"about":[{"href":"https:\/\/jnats.eu\/ro\/wp-json\/wp\/v2\/types\/product"}],"replies":[{"embeddable":true,"href":"https:\/\/jnats.eu\/ro\/wp-json\/wp\/v2\/comments?post=2025"}],"wp:featuredmedia":[{"embeddable":true,"href":"https:\/\/jnats.eu\/ro\/wp-json\/wp\/v2\/media\/2026"}],"wp:attachment":[{"href":"https:\/\/jnats.eu\/ro\/wp-json\/wp\/v2\/media?parent=2025"}],"wp:term":[{"taxonomy":"product_brand","embeddable":true,"href":"https:\/\/jnats.eu\/ro\/wp-json\/wp\/v2\/product_brand?post=2025"},{"taxonomy":"product_cat","embeddable":true,"href":"https:\/\/jnats.eu\/ro\/wp-json\/wp\/v2\/product_cat?post=2025"},{"taxonomy":"product_tag","embeddable":true,"href":"https:\/\/jnats.eu\/ro\/wp-json\/wp\/v2\/product_tag?post=2025"}],"curies":[{"name":"wp","href":"https:\/\/api.w.org\/{rel}","templated":true}]}}