{"id":2033,"date":"2024-04-24T10:37:39","date_gmt":"2024-04-24T07:37:39","guid":{"rendered":"http:\/\/jnats.eu\/?post_type=product&#038;p=2033"},"modified":"2024-12-05T07:22:36","modified_gmt":"2024-12-05T05:22:36","slug":"ohira-renge-suita-2","status":"publish","type":"product","link":"https:\/\/jnats.eu\/ro\/product-2\/ohira-renge-suita-2\/","title":{"rendered":"Costum Ohira Renge"},"content":{"rendered":"<p>Un costum Ohira Renge, polivalent, potrivit pentru o varietate de sarcini. R\u0103spunsul este foarte lin, liniile nu provoac\u0103 probleme \u00een acest moment. Finisajul Kasumi este str\u0103lucitor \u0219i rafinat, eviden\u021biind detaliile materialului lamei \u0219i l\u0103s\u00e2nd o suprafa\u021b\u0103 \u201ef\u0103r\u0103 zg\u00e2rieturi\u201d \u00een orice lumin\u0103, cu excep\u021bia celei mai dure. Aceasta este o piatr\u0103 grozav\u0103 potrivit\u0103 pentru o varietate de sarcini - ascu\u021birea final\u0103 a cu\u021bitelor de buc\u0103t\u0103rie, lustruirea cu\u021bitelor, unelte, foarfece. Oameni precum Ohira Suita au ajutat mina s\u0103 ob\u021bin\u0103 o reputa\u021bie at\u00e2t de remarcabil\u0103.<\/p>\n\n\n\n<p>Aceast\u0103 Ohira Shiro Suita alb\u0103 este decorat\u0103 cu \u201eflori de lotus\u201d ro\u0219ii, cunoscute \u0219i ca model renge. Piatra are o form\u0103 \u0219i o dimensiune bune, iar liniile sunt u\u0219or de ascu\u021bit. Ambele p\u0103r\u021bi sunt preg\u0103tite pentru lucru.<\/p>\n\n\n\n<figure class=\"wp-block-embed is-type-video is-provider-youtube wp-block-embed-youtube wp-embed-aspect-16-9 wp-has-aspect-ratio\"><div class=\"wp-block-embed__wrapper\">\n<div class=\"video-container\"><iframe title=\"Aoto, Aizu, Ohira Suite, Ozuku - Ascu\u021birea briciului Le Moulin\" width=\"1170\" height=\"658\" src=\"https:\/\/www.youtube.com\/embed\/5Q8Nm6aKSYc?start=612&feature=oembed\" frameborder=\"0\" allow=\"accelerometer; autoplay; clipboard-write; encrypted-media; gyroscope; picture-in-picture; web-share\" referrerpolicy=\"strict-origin-when-cross-origin\" allowfullscreen><\/iframe><\/div>\n<\/div><\/figure>\n\n\n\n<p><strong>Ohira (\u5927\u5e73, Oohira, Ohirayama)<\/strong><br>Mina de Vest, renumit\u0103 pentru calitatea Uchigumori \u0219i Suita. De\u0219i mina este \u00eenc\u0103 lucrat\u0103 ocazional, devine din ce \u00een ce mai dificil s\u0103 g\u0103se\u0219ti uchigumori \u0219i Ohira suita pentru export. Mul\u021bi mineri sunt \u00eengrijora\u021bi de furnizarea pe termen lung de pietre uchigumori de calitate. Datorit\u0103 calit\u0103\u021bii superioare a Ohira suita \u0219i uchigumori, nu este neobi\u0219nuit ca pietrele din alte mine s\u0103 fie \u0219tampilate sau v\u00e2ndute ca Ohira.<\/p>","protected":false},"excerpt":{"rendered":"<ul>\n<li>Potrivit pentru cu\u021bite de finisare, foarfece, t\u00e2mpl\u0103rie \u0219i alte unelte. De asemenea, pentru finisare.<\/li>\n<li>Dimensiuni: 207x76x22 mm<\/li>\n<li>Greutate: 707 g<\/li>\n<li>Duritate: Lv 4<\/li>\n<li>Linii sigure<\/li>\n<li>Ambele p\u0103r\u021bi sunt preg\u0103tite pentru ac\u021biune.<\/li>\n<li>V\u0103 recomand\u0103m s\u0103 lucra\u021bi cu ap\u0103 cald\u0103, deoarece apa rece reduce viteza \u0219i r\u0103spunsul.<\/li>\n<\/ul>","protected":false},"featured_media":2036,"comment_status":"open","ping_status":"closed","template":"","meta":[],"product_brand":[],"product_cat":[22],"product_tag":[47,86,50],"class_list":{"0":"post-2033","1":"product","2":"type-product","3":"status-publish","4":"has-post-thumbnail","6":"product_cat-jnats","7":"product_tag-ohira","8":"product_tag-renge","9":"product_tag-suita","10":"product_shipping_class-iprastas","12":"first","13":"outofstock","14":"sale","15":"shipping-taxable","16":"purchasable","17":"product-type-simple"},"_links":{"self":[{"href":"https:\/\/jnats.eu\/ro\/wp-json\/wp\/v2\/product\/2033","targetHints":{"allow":["GET"]}}],"collection":[{"href":"https:\/\/jnats.eu\/ro\/wp-json\/wp\/v2\/product"}],"about":[{"href":"https:\/\/jnats.eu\/ro\/wp-json\/wp\/v2\/types\/product"}],"replies":[{"embeddable":true,"href":"https:\/\/jnats.eu\/ro\/wp-json\/wp\/v2\/comments?post=2033"}],"wp:featuredmedia":[{"embeddable":true,"href":"https:\/\/jnats.eu\/ro\/wp-json\/wp\/v2\/media\/2036"}],"wp:attachment":[{"href":"https:\/\/jnats.eu\/ro\/wp-json\/wp\/v2\/media?parent=2033"}],"wp:term":[{"taxonomy":"product_brand","embeddable":true,"href":"https:\/\/jnats.eu\/ro\/wp-json\/wp\/v2\/product_brand?post=2033"},{"taxonomy":"product_cat","embeddable":true,"href":"https:\/\/jnats.eu\/ro\/wp-json\/wp\/v2\/product_cat?post=2033"},{"taxonomy":"product_tag","embeddable":true,"href":"https:\/\/jnats.eu\/ro\/wp-json\/wp\/v2\/product_tag?post=2033"}],"curies":[{"name":"wp","href":"https:\/\/api.w.org\/{rel}","templated":true}]}}