{"id":2039,"date":"2025-06-30T11:10:34","date_gmt":"2025-06-30T08:10:34","guid":{"rendered":"http:\/\/jnats.eu\/?post_type=product&#038;p=2039"},"modified":"2025-11-28T09:00:18","modified_gmt":"2025-11-28T07:00:18","slug":"ohira-renge-shiro-suita","status":"publish","type":"product","link":"https:\/\/jnats.eu\/ro\/product-2\/ohira-renge-shiro-suita\/","title":{"rendered":"Piatr\u0103 de ascu\u021bit japonez\u0103 natural\u0103 Ohira Shiro Suita"},"content":{"rendered":"<p>O piatr\u0103 Ohira Renge Suita versatil\u0103, potrivit\u0103 pentru o varietate de sarcini. R\u0103spunsul este suficient de lin, liniile nu cauzeaz\u0103 probleme vizibile \u00een acest moment, dar uneori se simt u\u0219or. Aceasta este o piatr\u0103 bun\u0103, potrivit\u0103 pentru o varietate de sarcini - ascu\u021birea final\u0103 a cu\u021bitelor de buc\u0103t\u0103rie, a uneltelor de t\u00e2mpl\u0103rie, a foarfecelor etc. Astfel de Ohira Suita au ajutat mina s\u0103 ob\u021bin\u0103 o reputa\u021bie excep\u021bional\u0103.<\/p>\n\n\n\n<p>Piatra are o form\u0103 \u0219i o dimensiune decente, iar liniile nu cauzeaz\u0103 probleme la ascu\u021bire.<\/p>\n\n\n\n<figure class=\"wp-block-embed is-type-video is-provider-youtube wp-block-embed-youtube wp-embed-aspect-16-9 wp-has-aspect-ratio\"><div class=\"wp-block-embed__wrapper\">\n<div class=\"video-container\"><iframe title=\"Suncraft \u2014 SG2 fals sau cel mai bun cu\u021bit din lume? Galandam cu Ohira Suita\" width=\"1170\" height=\"658\" src=\"https:\/\/www.youtube.com\/embed\/oKKMLcZ-l28?start=450&#038;feature=oembed\" frameborder=\"0\" allow=\"accelerometer; autoplay; clipboard-write; encrypted-media; gyroscope; picture-in-picture; web-share\" referrerpolicy=\"strict-origin-when-cross-origin\" allowfullscreen><\/iframe><\/div>\n<\/div><\/figure>\n\n\n\n<p><strong>Ohira (\u5927\u5e73, Oohira, Ohirayama)<\/strong><br>Mina de Vest, renumit\u0103 pentru calitatea Uchigumori \u0219i Suita. De\u0219i mina este \u00eenc\u0103 lucrat\u0103 ocazional, devine din ce \u00een ce mai dificil s\u0103 g\u0103se\u0219ti uchigumori \u0219i Ohira suita pentru export. Mul\u021bi mineri sunt \u00eengrijora\u021bi de furnizarea pe termen lung de pietre uchigumori de calitate. Datorit\u0103 calit\u0103\u021bii superioare a Ohira suita \u0219i uchigumori, nu este neobi\u0219nuit ca pietrele din alte mine s\u0103 fie \u0219tampilate sau v\u00e2ndute ca Ohira.<\/p>","protected":false},"excerpt":{"rendered":"<ul>\n<li>Potrivit pentru cu\u021bite de finisare, foarfece, t\u00e2mpl\u0103rie \u0219i alte unelte.\u00a0<\/li>\n<li>Dimensiuni: 206x75x42 mm<\/li>\n<li>Greutate: 1720 g<\/li>\n<li>Duritate: Nivel 4.3<\/li>\n<li>Liniile sunt sigure, dar una dintre cele mai proeminente este uneori pu\u021bin vizibil\u0103.<\/li>\n<li>V\u0103 recomand\u0103m s\u0103 lucra\u021bi cu ap\u0103 cald\u0103, deoarece apa rece reduce viteza \u0219i r\u0103spunsul.<\/li>\n<\/ul>","protected":false},"featured_media":4835,"comment_status":"open","ping_status":"closed","template":"","meta":[],"product_brand":[],"product_cat":[22],"product_tag":[47,86,87,50],"class_list":{"0":"post-2039","1":"product","2":"type-product","3":"status-publish","4":"has-post-thumbnail","6":"product_cat-jnats","7":"product_tag-ohira","8":"product_tag-renge","9":"product_tag-shiro","10":"product_tag-suita","11":"product_shipping_class-iprastas","13":"first","14":"outofstock","15":"shipping-taxable","16":"purchasable","17":"product-type-simple"},"_links":{"self":[{"href":"https:\/\/jnats.eu\/ro\/wp-json\/wp\/v2\/product\/2039","targetHints":{"allow":["GET"]}}],"collection":[{"href":"https:\/\/jnats.eu\/ro\/wp-json\/wp\/v2\/product"}],"about":[{"href":"https:\/\/jnats.eu\/ro\/wp-json\/wp\/v2\/types\/product"}],"replies":[{"embeddable":true,"href":"https:\/\/jnats.eu\/ro\/wp-json\/wp\/v2\/comments?post=2039"}],"wp:featuredmedia":[{"embeddable":true,"href":"https:\/\/jnats.eu\/ro\/wp-json\/wp\/v2\/media\/4835"}],"wp:attachment":[{"href":"https:\/\/jnats.eu\/ro\/wp-json\/wp\/v2\/media?parent=2039"}],"wp:term":[{"taxonomy":"product_brand","embeddable":true,"href":"https:\/\/jnats.eu\/ro\/wp-json\/wp\/v2\/product_brand?post=2039"},{"taxonomy":"product_cat","embeddable":true,"href":"https:\/\/jnats.eu\/ro\/wp-json\/wp\/v2\/product_cat?post=2039"},{"taxonomy":"product_tag","embeddable":true,"href":"https:\/\/jnats.eu\/ro\/wp-json\/wp\/v2\/product_tag?post=2039"}],"curies":[{"name":"wp","href":"https:\/\/api.w.org\/{rel}","templated":true}]}}