{"id":2044,"date":"2024-04-24T11:07:42","date_gmt":"2024-04-24T08:07:42","guid":{"rendered":"http:\/\/jnats.eu\/?post_type=product&#038;p=2044"},"modified":"2024-05-16T10:39:33","modified_gmt":"2024-05-16T07:39:33","slug":"ohira-suzayama-renge-suita-imanishi-co-ltd","status":"publish","type":"product","link":"https:\/\/jnats.eu\/ro\/product-2\/ohira-suzayama-renge-suita-imanishi-co-ltd\/","title":{"rendered":"Ohira Suzayama Renge Suita Imanishi Co LTD."},"content":{"rendered":"<p>O suit\u0103 de aceast\u0103 dimensiune, form\u0103 \u0219i clas\u0103 este rar\u0103, iar una vintage cu marcaje este o adev\u0103rat\u0103 descoperire. Piatra este rapid\u0103, ofer\u0103 un r\u0103spuns bun \u0219i rezultate excep\u021bionale. Ohira de \u00eenalt\u0103 calitate este din ce \u00een ce mai rar\u0103, iar aceast\u0103 piatr\u0103 este un bun exemplu al modului \u00een care mina \u0219i-a dob\u00e2ndit reputa\u021bia \u00eenalt\u0103. Acest specimen are o textur\u0103 relativ fin\u0103. Indiferent dac\u0103 scopul dvs. principal este ascu\u021birea lamei sau lustruirea kasumi, Ohira Suzayama Renge Suita nu v\u0103 va dezam\u0103gi.<\/p>\n\n\n\n<p>Baz\u0103 roz cu un model renge fin. Unul dintre col\u021buri este u\u0219or bizotat \u0219i exist\u0103 c\u00e2teva linii de siguran\u021b\u0103. Acesta este singurul lucru care \u00eempiedic\u0103 aceast\u0103 piatr\u0103 s\u0103 devin\u0103 o pies\u0103 de muzeu la un pre\u021b cu adev\u0103rat astronomic.<\/p>\n\n\n\n<p><strong>Ohira (\u5927\u5e73, Oohira, Ohirayama)<\/strong><br>O min\u0103 occidental\u0103 renumit\u0103 pentru calitatea Uchigumori \u0219i Suita. De\u0219i mina este \u00eenc\u0103 exploatat\u0103 ocazional, este din ce \u00een ce mai dificil s\u0103 se g\u0103seasc\u0103 Uchigumori \u0219i Ohira suita exportabile. Datorit\u0103 calit\u0103\u021bii superioare a Ohira suita \u0219i uchigumori, pietrele din alte mine sunt adesea \u0219tampilate \u0219i v\u00e2ndute ca Ohira.<\/p>","protected":false},"excerpt":{"rendered":"<ul>\n<li>Potrivit pentru cu\u021bite de finisare, foarfece, t\u00e2mpl\u0103rie \u0219i alte unelte. De asemenea, pentru finisare.<\/li>\n<li>Dimensiuni: 204x74x46 mm<\/li>\n<li>Greutate: 1760 g<\/li>\n<li>Duritate: Lv 4<\/li>\n<li>Linii sigure<\/li>\n<li>V\u0103 recomand\u0103m s\u0103 lucra\u021bi cu ap\u0103 cald\u0103, deoarece apa rece reduce viteza \u0219i r\u0103spunsul.<\/li>\n<\/ul>","protected":false},"featured_media":2051,"comment_status":"open","ping_status":"closed","template":"","meta":[],"product_brand":[],"product_cat":[22],"product_tag":[255,254,47,86,50,253],"class_list":{"0":"post-2044","1":"product","2":"type-product","3":"status-publish","4":"has-post-thumbnail","6":"product_cat-jnats","7":"product_tag-co-ltd","8":"product_tag-imanishi","9":"product_tag-ohira","10":"product_tag-renge","11":"product_tag-suita","12":"product_tag-suzayama","13":"product_shipping_class-iprastas","15":"first","16":"instock","17":"sale","18":"shipping-taxable","19":"purchasable","20":"product-type-simple"},"_links":{"self":[{"href":"https:\/\/jnats.eu\/ro\/wp-json\/wp\/v2\/product\/2044","targetHints":{"allow":["GET"]}}],"collection":[{"href":"https:\/\/jnats.eu\/ro\/wp-json\/wp\/v2\/product"}],"about":[{"href":"https:\/\/jnats.eu\/ro\/wp-json\/wp\/v2\/types\/product"}],"replies":[{"embeddable":true,"href":"https:\/\/jnats.eu\/ro\/wp-json\/wp\/v2\/comments?post=2044"}],"wp:featuredmedia":[{"embeddable":true,"href":"https:\/\/jnats.eu\/ro\/wp-json\/wp\/v2\/media\/2051"}],"wp:attachment":[{"href":"https:\/\/jnats.eu\/ro\/wp-json\/wp\/v2\/media?parent=2044"}],"wp:term":[{"taxonomy":"product_brand","embeddable":true,"href":"https:\/\/jnats.eu\/ro\/wp-json\/wp\/v2\/product_brand?post=2044"},{"taxonomy":"product_cat","embeddable":true,"href":"https:\/\/jnats.eu\/ro\/wp-json\/wp\/v2\/product_cat?post=2044"},{"taxonomy":"product_tag","embeddable":true,"href":"https:\/\/jnats.eu\/ro\/wp-json\/wp\/v2\/product_tag?post=2044"}],"curies":[{"name":"wp","href":"https:\/\/api.w.org\/{rel}","templated":true}]}}