{"id":2052,"date":"2024-04-24T11:11:56","date_gmt":"2024-04-24T08:11:56","guid":{"rendered":"http:\/\/jnats.eu\/?post_type=product&#038;p=2052"},"modified":"2024-10-20T14:58:20","modified_gmt":"2024-10-20T11:58:20","slug":"ohira-renge-shiro-suita-2","status":"publish","type":"product","link":"https:\/\/jnats.eu\/ro\/product-2\/ohira-renge-shiro-suita-2\/","title":{"rendered":"Ohira Renge Shiro Suite"},"content":{"rendered":"<p>Un costum Ohira Renge, polivalent, potrivit pentru o varietate de sarcini. R\u0103spunsul este foarte lin \u0219i liniile nu provoac\u0103 probleme. Finisajul Kasumi este str\u0103lucitor \u0219i rafinat, eviden\u021biind detaliile materialului lamei \u0219i l\u0103s\u00e2nd o suprafa\u021b\u0103 \u201ef\u0103r\u0103 zg\u00e2rieturi\u201d \u00een orice lumin\u0103, cu excep\u021bia celei mai str\u0103lucitoare. Aceasta este o piatr\u0103 grozav\u0103 potrivit\u0103 pentru o varietate de sarcini - ascu\u021birea final\u0103 a cu\u021bitelor de buc\u0103t\u0103rie, lustruirea cu\u021bitelor, unelte, foarfece. Oameni precum Ohira Suita au ajutat mina s\u0103 ob\u021bin\u0103 o reputa\u021bie at\u00e2t de remarcabil\u0103.<\/p>\n\n\n\n<p>Acest costum shiro alb este decorat cu \u201eflori de lotus\u201d ro\u0219ii, cunoscute \u0219i sub numele de model renge. Are o form\u0103 \u0219i o dimensiune grozave, iar liniile nu provoac\u0103 probleme de ascu\u021bire.<\/p>\n\n\n\n<p><strong>Ohira (\u5927\u5e73, Oohira, Ohirayama)<\/strong><br>Mina de Vest, renumit\u0103 pentru calitatea Uchigumori \u0219i Suita. De\u0219i mina este \u00eenc\u0103 lucrat\u0103 ocazional, devine din ce \u00een ce mai dificil s\u0103 g\u0103se\u0219ti uchigumori \u0219i Ohira suita pentru export. Datorit\u0103 calit\u0103\u021bii superioare a Ohira suita \u0219i uchigumori, nu este neobi\u0219nuit ca pietrele din alte mine s\u0103 fie \u0219tampilate sau v\u00e2ndute ca Ohira.<\/p>","protected":false},"excerpt":{"rendered":"<ul>\n<li>Potrivit pentru cu\u021bite de finisare, foarfece, t\u00e2mpl\u0103rie \u0219i alte unelte. De asemenea, pentru finisare.<\/li>\n<li>Dimensiuni: 204x76x34 mm<\/li>\n<li>Greutate: 1300 g<\/li>\n<li>Duritate: Lv 4<\/li>\n<li>Linii sigure<\/li>\n<li>V\u0103 recomand\u0103m s\u0103 lucra\u021bi cu ap\u0103 cald\u0103, deoarece apa rece reduce viteza \u0219i r\u0103spunsul.<\/li>\n<\/ul>","protected":false},"featured_media":2110,"comment_status":"open","ping_status":"closed","template":"","meta":[],"product_brand":[],"product_cat":[22],"product_tag":[47,86,87,50],"class_list":{"0":"post-2052","1":"product","2":"type-product","3":"status-publish","4":"has-post-thumbnail","6":"product_cat-jnats","7":"product_tag-ohira","8":"product_tag-renge","9":"product_tag-shiro","10":"product_tag-suita","11":"product_shipping_class-iprastas","13":"first","14":"outofstock","15":"shipping-taxable","16":"purchasable","17":"product-type-simple"},"_links":{"self":[{"href":"https:\/\/jnats.eu\/ro\/wp-json\/wp\/v2\/product\/2052","targetHints":{"allow":["GET"]}}],"collection":[{"href":"https:\/\/jnats.eu\/ro\/wp-json\/wp\/v2\/product"}],"about":[{"href":"https:\/\/jnats.eu\/ro\/wp-json\/wp\/v2\/types\/product"}],"replies":[{"embeddable":true,"href":"https:\/\/jnats.eu\/ro\/wp-json\/wp\/v2\/comments?post=2052"}],"wp:featuredmedia":[{"embeddable":true,"href":"https:\/\/jnats.eu\/ro\/wp-json\/wp\/v2\/media\/2110"}],"wp:attachment":[{"href":"https:\/\/jnats.eu\/ro\/wp-json\/wp\/v2\/media?parent=2052"}],"wp:term":[{"taxonomy":"product_brand","embeddable":true,"href":"https:\/\/jnats.eu\/ro\/wp-json\/wp\/v2\/product_brand?post=2052"},{"taxonomy":"product_cat","embeddable":true,"href":"https:\/\/jnats.eu\/ro\/wp-json\/wp\/v2\/product_cat?post=2052"},{"taxonomy":"product_tag","embeddable":true,"href":"https:\/\/jnats.eu\/ro\/wp-json\/wp\/v2\/product_tag?post=2052"}],"curies":[{"name":"wp","href":"https:\/\/api.w.org\/{rel}","templated":true}]}}